{"id":1462,"date":"2025-01-29T04:58:16","date_gmt":"2025-01-29T04:58:16","guid":{"rendered":"https:\/\/cash2gofinancial.com\/cobro-de-cheques\/"},"modified":"2026-03-19T15:47:31","modified_gmt":"2026-03-19T15:47:31","slug":"cobro-de-cheques","status":"publish","type":"page","link":"https:\/\/cash2gofinancial.com\/es\/servicios\/cobro-de-cheques\/","title":{"rendered":"Cobro de Cheques"},"content":{"rendered":"<div class=\"wpb-content-wrapper\"><p>[vc_row el_class=\u00bbbg-gary\u00bb][vc_column][vc_row_inner][vc_column_inner][vc_column_text css=\u00bb.vc_custom_1739994555993{margin-bottom: 0px !important;}\u00bb el_class=\u00bbheader-main-section\u00bb]<\/p>\n<h1 class=\"header-main-section text-center color-blue title-narrow\">Tu lugar para todas tus necesidades de cobro de cheques.<\/h1>\n<p>[\/vc_column_text][vc_column_text css=\u00bb\u00bb el_class=\u00bbsubtitle\u00bb]<\/p>\n<p style=\"text-align: center;\">Los servicios de cobro de cheques de Cash2Go son un salvavidas cuando necesitas acceder r\u00e1pidamente a tus fondos. Si no tienes una cuenta bancaria tradicional, pero dependes de los cheques en papel, no te preocupes. Te ofrecemos una alternativa sencilla.  <\/p>\n<p>[\/vc_column_text][vc_column_text css=\u00bb\u00bb el_class=\u00bbtext-body\u00bb]<\/p>\n<p style=\"text-align: center;\">Cuando necesites dinero en efectivo lo antes posible para pagar facturas o gastos urgentes, no tendr\u00e1s que responder a montones de preguntas ni esperar a que el banco cobre el cheque. Gracias a nuestro horario ampliado, estos servicios cubren una necesidad fundamental para los receptores de diferentes tipos de cheques. <\/p>\n<p>[\/vc_column_text][\/vc_column_inner][\/vc_row_inner][vc_row_inner css=\u00bb.vc_custom_1738730866855{margin-top: 7px !important;padding-bottom: 16px !important;}\u00bb el_class=\u00bbrow-sub-services\u00bb][vc_column_inner width=\u00bb1\/3&#8243;][vc_column_text css=\u00bb.vc_custom_1740434301235{margin-bottom: 50px !important;}\u00bb]<\/p>\n<p style=\"text-align: center;\"><a class=\"btn\" href=\"#DirectDepositGovernmentChecks\">Cheques del Gobierno con Dep\u00f3sito Directo<\/a><\/p>\n<p>[\/vc_column_text][\/vc_column_inner][vc_column_inner width=\u00bb1\/3&#8243;][vc_column_text css=\u00bb.vc_custom_1740434320827{margin-bottom: 50px !important;}\u00bb]<\/p>\n<p style=\"text-align: center;\"><a class=\"btn\" href=\"#BusinessCheckCashing\">Cambio de Cheques Comerciales<\/a><\/p>\n<p>[\/vc_column_text][\/vc_column_inner][vc_column_inner width=\u00bb1\/3&#8243;][vc_column_text css=\u00bb.vc_custom_1740434334886{margin-bottom: 50px !important;}\u00bb]<\/p>\n<p style=\"text-align: center;\"><a class=\"btn\" href=\"#PayrollChecks\">Cheques de N\u00f3mina<\/a><\/p>\n<p>[\/vc_column_text][\/vc_column_inner][\/vc_row_inner][\/vc_column][\/vc_row][vc_row el_id=\u00bbDirectDepositGovernmentChecks\u00bb css=\u00bb.vc_custom_1744653859354{margin-top: 85px !important;}\u00bb el_class=\u00bbsub-service-section\u00bb][vc_column][vc_row_inner el_class=\u00bbgap-small\u00bb][vc_column_inner width=\u00bb1\/4&#8243;][vc_single_image image=\u00bb1458&#8243; img_size=\u00bbfull\u00bb css=\u00bb\u00bb][\/vc_column_inner][vc_column_inner width=\u00bb3\/4&#8243;][vc_custom_heading text=\u00bbCheques del Gobierno con Dep\u00f3sito Directo\u00bb use_theme_fonts=\u00bbyes\u00bb css=\u00bb.vc_custom_1738734081049{margin-top: 31.5px !important;}\u00bb el_class=\u00bbcolor-blue\u00bb][vc_column_text css=\u00bb\u00bb el_class=\u00bbsubtitle\u00bb]Los cheques gubernamentales de dep\u00f3sito directo de Cash2Go ofrecen una forma com\u00fan y conveniente de recibir beneficios gubernamentales, como el Seguro Social, el desempleo y otros pagos emitidos por el gobierno. Esto permite a las personas transferir autom\u00e1ticamente sus fondos a sus cuentas, lo que elimina la necesidad de cheques en papel y proporciona un acceso m\u00e1s r\u00e1pido a los fondos.[\/vc_column_text][vc_column_text css=\u00bb\u00bb]<\/p>\n<div class=\"service-item-toggle open\">Leer M\u00e1s<\/div>\n<p>[\/vc_column_text][\/vc_column_inner][\/vc_row_inner][vc_row_inner el_class=\u00bbservice-item-more open\u00bb css=\u00bb.vc_custom_1740499478691{margin-top: 15px !important;}\u00bb][vc_column_inner width=\u00bb2\/3&#8243;][vc_custom_heading text=\u00bb\u00bfNo tienes cuenta bancaria? No hay problema. \u00bb font_container=\u00bbtag:h3|text_align:left\u00bb use_theme_fonts=\u00bbyes\u00bb css=\u00bb.vc_custom_1739994576596{margin-bottom: 0px !important;}\u00bb el_class=\u00bbcolor-blue\u00bb][vc_column_text css=\u00bb\u00bb el_class=\u00bbtext-body\u00bb]Para quienes no tienen relaciones bancarias tradicionales, nuestro servicio de cobro de cheques permite a las personas depositar sus cheques del gobierno directamente en tarjetas prepagadas o en otras cuentas. El proceso de dep\u00f3sito directo suele ser m\u00e1s confiable, seguro y r\u00e1pido en comparaci\u00f3n con la recepci\u00f3n de cheques f\u00edsicos por correo. <\/p>\n<p>\u00bfDesea un acceso m\u00e1s r\u00e1pido y constante a tus prestaciones? Este servicio reduce los retrasos debidos a problemas con el correo o cheques perdidos. Pregunta a uno de los miembros de nuestro equipo c\u00f3mo configurar el dep\u00f3sito directo para garantizar que tus fondos se procesen de manera eficiente. De esta forma, podr\u00e1s reducir el riesgo de fraude de manera segura. As\u00ed podr\u00e1s acceder a tus beneficios desde pr\u00e1cticamente cualquier lugar.[\/vc_column_text][vc_column_text css=\u00bb\u00bb]<a class=\"btn\" href=\"https:\/\/cash2gofinancial.com\/locations\/\">Encuentra una ubicaci\u00f3n cerca de ti<\/a>[\/vc_column_text][\/vc_column_inner][vc_column_inner el_class=\u00bbcash-fancy-box-col-top-right\u00bb width=\u00bb1\/3&#8243;][vc_custom_heading text=\u00bbObtenga informaci\u00f3n sobre los cheques gubernamentales con dep\u00f3sito directo en Cash2Go.\u00bb font_container=\u00bbtag:h3|text_align:left\u00bb use_theme_fonts=\u00bbyes\u00bb css=\u00bb.vc_custom_1739994832459{margin-bottom: 0px !important;}\u00bb el_class=\u00bbcolor-blue\u00bb][vc_column_text css=\u00bb\u00bb]<\/p>\n<ul class=\"list-check-circles\">\n<li aria-level=\"1\">Configura el dep\u00f3sito directo en tu ubicaci\u00f3n m\u00e1s cercana.<\/li>\n<li aria-level=\"1\">Env\u00ede tus cheques del gobierno de forma electr\u00f3nica a Cash2Go.<\/li>\n<li aria-level=\"1\">Recibe tus fondos m\u00e1s r\u00e1pido, sin esperas.<\/li>\n<\/ul>\n<p>[\/vc_column_text][\/vc_column_inner][\/vc_row_inner][\/vc_column][\/vc_row][vc_row el_id=\u00bbBusinessCheckCashing\u00bb css=\u00bb.vc_custom_1744653864977{margin-top: 65px !important;}\u00bb el_class=\u00bbsub-service-section\u00bb][vc_column][vc_row_inner el_class=\u00bbgap-small reverse-columns-on-small\u00bb][vc_column_inner width=\u00bb3\/4&#8243;][vc_custom_heading text=\u00bbCambio de Cheques Comerciales\u00bb use_theme_fonts=\u00bbyes\u00bb css=\u00bb.vc_custom_1738734090518{margin-top: 31.5px !important;margin-bottom: 0px !important;}\u00bb el_class=\u00bbcolor-blue\u00bb][vc_column_text css=\u00bb\u00bb el_class=\u00bbsubtitle\u00bb]Los emprendedores y los propietarios de negocios en fase inicial se enfrentan a muchos retos, \u00a1pero cobrar sus cheques no deber\u00eda ser uno de ellos! Nuestro equipo de Cash2Go puede ayudarte a acceder a tu dinero de forma r\u00e1pida y sencilla <a href=\"https:\/\/form.jotform.com\/222430705951148\" target=\"_blank\" rel=\"noopener\">cobrando los cheques de tu negocio<\/a> en cualquiera de nuestras numerosas ubicaciones.[\/vc_column_text][vc_column_text css=\u00bb\u00bb]<\/p>\n<div class=\"service-item-toggle open\">Leer M\u00e1s<\/div>\n<p>[\/vc_column_text][\/vc_column_inner][vc_column_inner width=\u00bb1\/4&#8243;][vc_single_image image=\u00bb1459&#8243; img_size=\u00bbfull\u00bb css=\u00bb\u00bb][\/vc_column_inner][\/vc_row_inner][vc_row_inner el_class=\u00bbservice-item-more open reverse-columns-on-small\u00bb css=\u00bb.vc_custom_1740499493211{margin-top: 15px !important;}\u00bb][vc_column_inner el_class=\u00bbcash-fancy-box-col-top-left\u00bb width=\u00bb1\/3&#8243;][vc_custom_heading text=\u00bbAlgunos consejos \u00fatiles para utilizar nuestro servicio de cobro de cheques comerciales:\u00bb font_container=\u00bbtag:h3|text_align:left\u00bb use_theme_fonts=\u00bbyes\u00bb css=\u00bb\u00bb el_class=\u00bbcolor-blue\u00bb][vc_column_text css=\u00bb\u00bb]<\/p>\n<ul class=\"list-check-circles\">\n<li aria-level=\"1\">Llame primero si tiene preguntas sobre las tarifas o los l\u00edmites de tama\u00f1o del cheque.<\/li>\n<li aria-level=\"1\">Traiga una identificaci\u00f3n v\u00e1lida y aseg\u00farate de que el cheque sea v\u00e1lido.<\/li>\n<li aria-level=\"1\">Accede a tu dinero sin esperas innecesarias.<\/li>\n<\/ul>\n<p>[\/vc_column_text][\/vc_column_inner][vc_column_inner width=\u00bb2\/3&#8243;][vc_custom_heading text=\u00bbC\u00f3mo Tu Negocio Puede Beneficiarse de Los Servicios de Cobro de Cheques\u00bb font_container=\u00bbtag:h3|text_align:left\u00bb use_theme_fonts=\u00bbyes\u00bb css=\u00bb.vc_custom_1739289603187{margin-bottom: 0px !important;}\u00bb el_class=\u00bbcolor-blue\u00bb][vc_column_text css=\u00bb\u00bb el_class=\u00bbtext-body\u00bb]<\/p>\n<ol style=\"padding-left: 0px;\">\n<li>Nuestros servicios est\u00e1n disponibles para cualquier persona que necesite ayuda. No es necesario tener una cuenta con nosotros ni una relaci\u00f3n establecida, como suele ser el caso en los bancos. Nuestro equipo est\u00e1 listo para atenderte desde el primer momento en que nos conozcamos.  <\/li>\n<li>Tu dinero es tuyo desde el primer momento. Los bancos a menudo retienen los cheques comerciales como parte de su proceso de compensaci\u00f3n, lo que deja tu dinero en el aire y restringe tu flujo de caja. Nuestros servicios son una respuesta m\u00e1s r\u00e1pida para acceder a tu dinero cuando lo necesitas.  <\/li>\n<li>Los bancos pueden aplicar muchos tipos de comisiones por utilizar sus servicios como empresa. Estas pueden ir desde comisiones mensuales de mantenimiento solo por tener una cuenta hasta comisiones por descubierto si hay alg\u00fan problema. Los gastos inesperados pueden suponer un estr\u00e9s adicional para ti como nuevo empresario.  <\/li>\n<li>Como due\u00f1o de un negocio, dedicar\u00e1s muchas horas a desarrollar tu marca y tu empresa. Eso significa que es posible que trabajes fuera del horario bancario habitual. Nuestras sucursales ofrecen horarios ampliados para que puedas acudir y atender todas tus necesidades de cobro de cheques.  <\/li>\n<\/ol>\n<p>[\/vc_column_text][vc_column_text css=\u00bb\u00bb]<a class=\"btn\" href=\"https:\/\/cash2gofinancial.com\/locations\/\">Encuentra una ubicaci\u00f3n cerca de ti<\/a>[\/vc_column_text][\/vc_column_inner][\/vc_row_inner][\/vc_column][\/vc_row][vc_row el_id=\u00bbPayrollChecks\u00bb css=\u00bb.vc_custom_1744653869434{margin-top: 85px !important;}\u00bb el_class=\u00bbsub-service-section\u00bb][vc_column][vc_row_inner el_class=\u00bbgap-small\u00bb][vc_column_inner width=\u00bb1\/4&#8243;][vc_single_image image=\u00bb1460&#8243; img_size=\u00bbfull\u00bb css=\u00bb\u00bb][\/vc_column_inner][vc_column_inner width=\u00bb3\/4&#8243;][vc_custom_heading text=\u00bbCheques de N\u00f3mina\u00bb use_theme_fonts=\u00bbyes\u00bb css=\u00bb.vc_custom_1738734104359{margin-top: 31.5px !important;}\u00bb el_class=\u00bbcolor-blue\u00bb][vc_column_text css=\u00bb\u00bb el_class=\u00bbsubtitle\u00bb]\u00bfQuieres salir de fiesta en cuanto recibas tu pr\u00f3ximo sueldo? Cobrar tus cheques de n\u00f3mina a trav\u00e9s del servicio de cobro de cheques de Cash2Go te permite acceder de inmediato a tu salario, sin necesidad de tener una cuenta bancaria. Esto puede resultar \u00fatil para cualquiera que prefiera no utilizar un banco para cobrar sus cheques.[\/vc_column_text][vc_column_text css=\u00bb\u00bb]<\/p>\n<div class=\"service-item-toggle open\">Leer M\u00e1s<\/div>\n<p>[\/vc_column_text][\/vc_column_inner][\/vc_row_inner][vc_row_inner el_class=\u00bbservice-item-more open\u00bb css=\u00bb.vc_custom_1740499507562{margin-top: 15px !important;}\u00bb][vc_column_inner width=\u00bb2\/3&#8243;][vc_custom_heading text=\u00bb\u00bfQu\u00e9 tiene de mejor nuestro servicio?\u00bb font_container=\u00bbtag:h3|text_align:left\u00bb use_theme_fonts=\u00bbyes\u00bb css=\u00bb.vc_custom_1739994698373{margin-bottom: 0px !important;}\u00bb el_class=\u00bbcolor-blue\u00bb][vc_column_text css=\u00bb\u00bb el_class=\u00bbtext-body\u00bb]A veces necesitas dinero en efectivo tan pronto como recibes un pago o te ingresan dinero en una cuenta. Sin embargo, algunas empresas te hacen esperar varios d\u00edas mientras verifican la informaci\u00f3n, lo que te impide acceder a tu propio dinero, ganado con tanto esfuerzo. <\/p>\n<p>Si tienes una agenda apretada o necesitas cobrar un cheque de n\u00f3mina fuera del horario bancario, este servicio est\u00e1 disponible fuera del horario habitual, incluyendo por las tardes y los fines de semana. Ten en cuenta las comisiones o limitaciones en cuanto a las cantidades de efectivo asociadas al servicio. Solo tienes que llamarnos a tu conveniencia y te explicaremos los detalles para que llegues preparado y sepas qu\u00e9 esperar.[\/vc_column_text][vc_column_text css=\u00bb\u00bb]<a class=\"btn\" href=\"https:\/\/cash2gofinancial.com\/locations\/\">Encuentra una ubicaci\u00f3n cerca de ti<\/a>[\/vc_column_text][\/vc_column_inner][vc_column_inner el_class=\u00bbcash-fancy-box-col-top-right\u00bb width=\u00bb1\/3&#8243;][vc_custom_heading text=\u00bbCobrar cheques de n\u00f3mina nunca ha sido tan f\u00e1cil. Algunos recordatorios \u00fatiles: \u00bb font_container=\u00bbtag:h3|text_align:left\u00bb use_theme_fonts=\u00bbyes\u00bb css=\u00bb.vc_custom_1739994721622{margin-bottom: 0px !important;}\u00bb el_class=\u00bbcolor-blue\u00bb][vc_column_text css=\u00bb\u00bb]<\/p>\n<ul class=\"list-check-circles\">\n<li aria-level=\"1\">Pase cuando quiera para abrir una cuenta de cobro de cheques.<\/li>\n<li aria-level=\"1\">Traiga una identificaci\u00f3n v\u00e1lida y cualquier otra documentaci\u00f3n necesaria.<\/li>\n<li aria-level=\"1\">\u00a1Disfruta de un acceso m\u00e1s r\u00e1pido a tu dinero!<\/li>\n<\/ul>\n<p>[\/vc_column_text][\/vc_column_inner][\/vc_row_inner][\/vc_column][\/vc_row][vc_row css=\u00bb.vc_custom_1738717287634{margin-top: 30px !important;}\u00bb][vc_column][vc_row_inner][vc_column_inner][vc_column_text css=\u00bb.vc_custom_1738713975097{margin-bottom: 0px !important;}\u00bb]<\/p>\n<p style=\"text-align: center;\"><a class=\"btn\" href=\"https:\/\/cash2gofinancial.com\/es\/servicios\/\">Todos los Servicios<\/a><\/p>\n<p>[\/vc_column_text][\/vc_column_inner][\/vc_row_inner][\/vc_column][\/vc_row]<\/p>\n<\/div>","protected":false},"excerpt":{"rendered":"<p>[vc_row el_class=\u00bbbg-gary\u00bb][vc_column][vc_row_inner][vc_column_inner][vc_column_text css=\u00bb.vc_custom_1739994555993{margin-bottom: 0px !important;}\u00bb el_class=\u00bbheader-main-section\u00bb] Tu lugar para todas tus necesidades de cobro de cheques. [\/vc_column_text][vc_column_text css=\u00bb\u00bb el_class=\u00bbsubtitle\u00bb] Los servicios de cobro de cheques de Cash2Go son un salvavidas cuando necesitas acceder r\u00e1pidamente a tus fondos. Si no tienes una cuenta bancaria tradicional, pero dependes de los cheques en papel, no te preocupes. Te [&hellip;]<\/p>\n","protected":false},"author":1,"featured_media":1461,"parent":1498,"menu_order":0,"comment_status":"closed","ping_status":"closed","template":"","meta":{"_acf_changed":false,"om_disable_all_campaigns":false,"_monsterinsights_skip_tracking":false,"_monsterinsights_sitenote_active":false,"_monsterinsights_sitenote_note":"","_monsterinsights_sitenote_category":0,"footnotes":""},"class_list":["post-1462","page","type-page","status-publish","has-post-thumbnail","hentry"],"acf":[],"aioseo_notices":[],"_links":{"self":[{"href":"https:\/\/cash2gofinancial.com\/es\/wp-json\/wp\/v2\/pages\/1462","targetHints":{"allow":["GET"]}}],"collection":[{"href":"https:\/\/cash2gofinancial.com\/es\/wp-json\/wp\/v2\/pages"}],"about":[{"href":"https:\/\/cash2gofinancial.com\/es\/wp-json\/wp\/v2\/types\/page"}],"author":[{"embeddable":true,"href":"https:\/\/cash2gofinancial.com\/es\/wp-json\/wp\/v2\/users\/1"}],"replies":[{"embeddable":true,"href":"https:\/\/cash2gofinancial.com\/es\/wp-json\/wp\/v2\/comments?post=1462"}],"version-history":[{"count":2,"href":"https:\/\/cash2gofinancial.com\/es\/wp-json\/wp\/v2\/pages\/1462\/revisions"}],"predecessor-version":[{"id":1467,"href":"https:\/\/cash2gofinancial.com\/es\/wp-json\/wp\/v2\/pages\/1462\/revisions\/1467"}],"up":[{"embeddable":true,"href":"https:\/\/cash2gofinancial.com\/es\/wp-json\/wp\/v2\/pages\/1498"}],"wp:featuredmedia":[{"embeddable":true,"href":"https:\/\/cash2gofinancial.com\/es\/wp-json\/wp\/v2\/media\/1461"}],"wp:attachment":[{"href":"https:\/\/cash2gofinancial.com\/es\/wp-json\/wp\/v2\/media?parent=1462"}],"curies":[{"name":"wp","href":"https:\/\/api.w.org\/{rel}","templated":true}]}}