{"id":1472,"date":"2025-01-29T04:58:33","date_gmt":"2025-01-29T04:58:33","guid":{"rendered":"https:\/\/cash2gofinancial.com\/servicios-de-tarjetas\/"},"modified":"2026-03-19T15:47:31","modified_gmt":"2026-03-19T15:47:31","slug":"servicios-de-tarjetas","status":"publish","type":"page","link":"https:\/\/cash2gofinancial.com\/es\/servicios\/servicios-de-tarjetas\/","title":{"rendered":"Servicios de Tarjetas"},"content":{"rendered":"<div class=\"wpb-content-wrapper\"><p>[vc_row el_class=\u00bbbg-gary\u00bb][vc_column][vc_row_inner][vc_column_inner][vc_column_text css=\u00bb.vc_custom_1739994925221{margin-bottom: 0px !important;}\u00bb el_class=\u00bbheader-main-section\u00bb]<\/p>\n<h1 class=\"header-main-section text-center color-blue title-narrow\">Los Servicios de Tarjeta de Cash2Go te Facilitan la Vida<\/h1>\n<p>[\/vc_column_text][vc_column_text css=\u00bb\u00bb el_class=\u00bbsubtitle\u00bb]<\/p>\n<p style=\"text-align: center;\">Nuestros servicios de tarjetas cubren una amplia variedad de necesidades. Ya sea para transportarse por la ciudad, hacer compras sin gastar de m\u00e1s o realizar una llamada, podemos ayudarle. <\/p>\n<p>[\/vc_column_text][vc_column_text css=\u00bb\u00bb el_class=\u00bbtext-body\u00bb]<\/p>\n<p style=\"text-align: center;\">Nuestros pr\u00e1cticos servicios de tarjetas no solo ayudan a la gente com\u00fan con sus compras rutinarias, sino que Cash2Go tambi\u00e9n te ayudar\u00e1 a empezar. \u00bfPor qu\u00e9 ir a varios lugares diferentes cuando puedes hacerlo todo en un solo sitio? Cargaremos tu dinero en la tarjeta que elijas y nos aseguraremos de que sepas c\u00f3mo utilizar el servicio correctamente.  <\/p>\n<p>[\/vc_column_text][\/vc_column_inner][\/vc_row_inner][vc_row_inner css=\u00bb.vc_custom_1738730866855{margin-top: 7px !important;padding-bottom: 16px !important;}\u00bb el_class=\u00bbrow-sub-services\u00bb][vc_column_inner width=\u00bb1\/3&#8243;][vc_column_text css=\u00bb.vc_custom_1740434913038{margin-bottom: 50px !important;}\u00bb]<\/p>\n<p style=\"text-align: center;\"><a class=\"btn\" href=\"#PrepaidDebitCard\">Tarjetas de D\u00e9bito Prepagadas<\/a><\/p>\n<p>[\/vc_column_text][\/vc_column_inner][vc_column_inner width=\u00bb1\/3&#8243;][vc_column_text css=\u00bb.vc_custom_1740434927066{margin-bottom: 50px !important;}\u00bb]<\/p>\n<p style=\"text-align: center;\"><a class=\"btn\" href=\"#VentraCard\">Tarjeta Ventra<\/a><\/p>\n<p>[\/vc_column_text][\/vc_column_inner][vc_column_inner width=\u00bb1\/3&#8243;][vc_column_text css=\u00bb.vc_custom_1740434942389{margin-bottom: 50px !important;}\u00bb]<\/p>\n<p style=\"text-align: center;\"><a class=\"btn\" href=\"#PrepaidPhoneCards\">Tarjetas telef\u00f3nicas Prepagadas<\/a><\/p>\n<p>[\/vc_column_text][\/vc_column_inner][\/vc_row_inner][\/vc_column][\/vc_row][vc_row el_id=\u00bbPrepaidDebitCard\u00bb css=\u00bb.vc_custom_1744649002056{margin-top: 85px !important;}\u00bb min_height=\u00bbsub-service-section\u00bb el_class=\u00bbsub-service-section\u00bb][vc_column][vc_row_inner el_class=\u00bbgap-small\u00bb][vc_column_inner width=\u00bb1\/4&#8243;][vc_single_image image=\u00bb1468&#8243; img_size=\u00bbfull\u00bb css=\u00bb\u00bb][\/vc_column_inner][vc_column_inner width=\u00bb3\/4&#8243;][vc_custom_heading text=\u00bbTarjetas de D\u00e9bito Prepagadas\u00bb use_theme_fonts=\u00bbyes\u00bb css=\u00bb.vc_custom_1738734325567{margin-top: 31.5px !important;}\u00bb el_class=\u00bbcolor-blue\u00bb][vc_column_text css=\u00bb\u00bb el_class=\u00bbsubtitle\u00bb]\u00bfNecesitas una forma sencilla de administrar tus gastos sin depender de una cuenta bancaria ni cargar con dinero en efectivo? Nuestro equipo puede proporcionarte una tarjeta de d\u00e9bito prepagada, que te ofrece la conveniencia de una tarjeta de cr\u00e9dito sin las tasas de inter\u00e9s ni las facturas aterradoras a fin de mes. Al activar tu tarjeta a trav\u00e9s de Cash2Go Financial, tendr\u00e1s acceso a tu dinero en efectivo al instante.[\/vc_column_text][vc_column_text css=\u00bb\u00bb]<\/p>\n<div class=\"service-item-toggle open\">Leer M\u00e1s<\/div>\n<p>[\/vc_column_text][\/vc_column_inner][\/vc_row_inner][vc_row_inner el_class=\u00bbservice-item-more open\u00bb css=\u00bb.vc_custom_1740499544115{margin-top: 15px !important;}\u00bb][vc_column_inner width=\u00bb2\/3&#8243;][vc_custom_heading text=\u00bb\u00bfC\u00f3mo Puedes Beneficiarte de Una Tarjeta de D\u00e9bito Prepagada?\u00bb font_container=\u00bbtag:h3|text_align:left\u00bb use_theme_fonts=\u00bbyes\u00bb css=\u00bb.vc_custom_1739290623786{margin-bottom: 0px !important;}\u00bb el_class=\u00bbcolor-blue\u00bb][vc_column_text css=\u00bb\u00bb el_class=\u00bbtext-body\u00bb]Las tarjetas de d\u00e9bito prepagadas no solo son convenientes y f\u00e1ciles de usar, sino que tambi\u00e9n son buenas herramientas para administrar el presupuesto, ya que evitan el gasto excesivo. T\u00fa eliges cu\u00e1nto dinero cargar en tu tarjeta, lo que te permite gastar solo lo que tienes. <\/p>\n<p>Le ayudaremos a recargar su primera tarjeta. Una vez activada, podr\u00e1 empezar a utilizarla inmediatamente en tiendas y en l\u00ednea. Tambi\u00e9n se puede utilizar para sacar dinero en cajeros autom\u00e1ticos. Los gastos se deducen del saldo de la tarjeta. Solo tiene que recargar la tarjeta cuando lo desee, a\u00f1adiendo dinero en efectivo o transfiriendo fondos desde otra cuenta. Estaremos encantados de hacerlo por usted.[\/vc_column_text][vc_column_text css=\u00bb\u00bb]<a class=\"btn\" href=\"https:\/\/cash2gofinancial.com\/locations\/\">Encuentra una ubicaci\u00f3n cerca de ti<\/a>[\/vc_column_text][\/vc_column_inner][vc_column_inner el_class=\u00bbcash-fancy-box-col-top-right\u00bb width=\u00bb1\/3&#8243;][vc_custom_heading text=\u00bbAdministra tu dinero con facilidad.\u00bb font_container=\u00bbtag:h3|text_align:left\u00bb use_theme_fonts=\u00bbyes\u00bb css=\u00bb.vc_custom_1739290755663{margin-bottom: 0px !important;}\u00bb el_class=\u00bbcolor-blue\u00bb][vc_column_text css=\u00bb\u00bb]<\/p>\n<ul class=\"list-check-circles\">\n<li>No se necesita cuenta bancaria.<\/li>\n<li>Sin intereses ni multas.<\/li>\n<li>Evita las verificaciones de cr\u00e9dito.<\/li>\n<li>Te ayudar\u00e1 a administrar tu presupuesto.<\/li>\n<li>Aceptado universalmente.<\/li>\n<\/ul>\n<p>[\/vc_column_text][\/vc_column_inner][\/vc_row_inner][\/vc_column][\/vc_row][vc_row el_id=\u00bbVentraCard\u00bb css=\u00bb.vc_custom_1744648919105{margin-top: 65px !important;}\u00bb el_class=\u00bbsub-service-section\u00bb][vc_column][vc_row_inner el_class=\u00bbgap-small reverse-columns-on-small\u00bb][vc_column_inner width=\u00bb3\/4&#8243;][vc_custom_heading text=\u00bbTarjeta Ventra\u00bb use_theme_fonts=\u00bbyes\u00bb css=\u00bb.vc_custom_1738734337447{margin-top: 31.5px !important;margin-bottom: 0px !important;}\u00bb el_class=\u00bbcolor-blue\u00bb][vc_column_text css=\u00bb\u00bb el_class=\u00bbsubtitle\u00bb]Podemos ayudarte a comprar o recargar tarjetas Ventra para el transporte prepagado en Metra, CTA y Pace.[\/vc_column_text][vc_column_text css=\u00bb\u00bb]<\/p>\n<div class=\"service-item-toggle open\">Leer M\u00e1s<\/div>\n<p>[\/vc_column_text][\/vc_column_inner][vc_column_inner width=\u00bb1\/4&#8243;][vc_single_image image=\u00bb1469&#8243; img_size=\u00bbfull\u00bb css=\u00bb\u00bb][\/vc_column_inner][\/vc_row_inner][vc_row_inner el_class=\u00bbservice-item-more open reverse-columns-on-small\u00bb css=\u00bb.vc_custom_1740499556715{margin-top: 15px !important;}\u00bb][vc_column_inner el_class=\u00bbcash-fancy-box-col-top-left\u00bb width=\u00bb1\/3&#8243; css=\u00bb.vc_custom_1744654085825{margin-bottom: 20px !important;}\u00bb][vc_custom_heading text=\u00bbCash2Go ofrece la tarjeta de transporte preferida por los habitantes de Illinois que viajan con frecuencia.\u00bb font_container=\u00bbtag:h3|text_align:left\u00bb use_theme_fonts=\u00bbyes\u00bb css=\u00bb\u00bb el_class=\u00bbcolor-blue\u00bb][vc_column_text css=\u00bb\u00bb]<\/p>\n<ul class=\"list-check-circles\">\n<li aria-level=\"1\">Vis\u00edtanos fuera de tu horario laboral para recoger tu nueva tarjeta.<\/li>\n<li aria-level=\"1\">Cuando se te acaben los fondos, vuelve y te ayudaremos a recargar tu tarjeta.<\/li>\n<li aria-level=\"1\">Ventra te ayuda a dejar atr\u00e1s el estr\u00e9s.<\/li>\n<\/ul>\n<p>[\/vc_column_text][\/vc_column_inner][vc_column_inner width=\u00bb2\/3&#8243;][vc_custom_heading text=\u00bbEl Pago Preferido para CTA, Pace y Metra\u00bb font_container=\u00bbtag:h3|text_align:left\u00bb use_theme_fonts=\u00bbyes\u00bb css=\u00bb.vc_custom_1739995054710{margin-bottom: 0px !important;}\u00bb el_class=\u00bbcolor-blue\u00bb][vc_column_text css=\u00bb\u00bb el_class=\u00bbtext-body\u00bb]Cuando tienes que ir a alg\u00fan lugar, no hay mejor opci\u00f3n que Ventra. Estas tarjetas de pl\u00e1stico se pueden utilizar en diferentes medios de transporte p\u00fablico en toda el \u00e1rea metropolitana de Chicago. No solo puedes recoger una tarjeta en cualquier momento en tu establecimiento Cash2Go m\u00e1s cercano, sino que tambi\u00e9n podemos ayudarte a recargarla para que sepas que est\u00e1s listo para salir.  <\/p>\n<p>\u00a1Las tarjetas Ventra tienen muchas ventajas! Facilitan el acceso a los autobuses y trenes de la CTA, los trenes de Metra y los autobuses de Pace sin tener que buscar el cambio exacto. Ventra tiene otros usos potenciales, como permitir que otros pasajeros utilicen la misma tarjeta. Recargue la tarjeta con dinero en efectivo en un Cash2Go con antelaci\u00f3n para no tener que preocuparse por perder el pr\u00f3ximo autob\u00fas o tren.[\/vc_column_text][vc_column_text css=\u00bb\u00bb]<a class=\"btn\" href=\"https:\/\/cash2gofinancial.com\/locations\/\">Encuentra una ubicaci\u00f3n cerca de ti<\/a>[\/vc_column_text][\/vc_column_inner][\/vc_row_inner][\/vc_column][\/vc_row][vc_row el_id=\u00bbPrepaidPhoneCards\u00bb css=\u00bb.vc_custom_1744648923935{margin-top: 85px !important;}\u00bb el_class=\u00bbsub-service-section\u00bb][vc_column][vc_row_inner el_class=\u00bbgap-small\u00bb][vc_column_inner width=\u00bb1\/4&#8243;][vc_single_image image=\u00bb1470&#8243; img_size=\u00bbfull\u00bb css=\u00bb\u00bb][\/vc_column_inner][vc_column_inner width=\u00bb3\/4&#8243;][vc_custom_heading text=\u00bbTarjetas telef\u00f3nicas Prepagadas\u00bb use_theme_fonts=\u00bbyes\u00bb css=\u00bb.vc_custom_1738734349437{margin-top: 31.5px !important;}\u00bb el_class=\u00bbcolor-blue\u00bb][vc_column_text css=\u00bb\u00bb el_class=\u00bbsubtitle\u00bb]Nuestros servicios telef\u00f3nicos prepagados te permiten cargar la cantidad que desees en el tel\u00e9fono de tu elecci\u00f3n para que puedas evitar cargos inesperados. Este servicio es ideal para cualquiera que desee un modelo conveniente de pago por uso para llamar y enviar mensajes de texto a sus seres queridos, tanto en los Estados Unidos como a nivel internacional. Reemplaza los cargos por demora con el control sobre cu\u00e1nto gastas en llamadas. Ac\u00e9rquese a cualquier ubicaci\u00f3n de Cash2Go Financial. Le daremos una tarjeta telef\u00f3nica y le ayudaremos a cargarla con dinero para que pueda empezar a usarla de inmediato.[\/vc_column_text][vc_column_text css=\u00bb\u00bb]<\/p>\n<div class=\"service-item-toggle open\">Leer M\u00e1s<\/div>\n<p>[\/vc_column_text][\/vc_column_inner][\/vc_row_inner][vc_row_inner el_class=\u00bbservice-item-more open\u00bb css=\u00bb.vc_custom_1740499570205{margin-top: 15px !important;}\u00bb][vc_column_inner width=\u00bb2\/3&#8243;][vc_custom_heading text=\u00bbLas Ventajas de Nuestras Tarjetas Telef\u00f3nicas Prepagadas\u00bb font_container=\u00bbtag:h3|text_align:left\u00bb use_theme_fonts=\u00bbyes\u00bb css=\u00bb.vc_custom_1740157599784{margin-bottom: 0px !important;}\u00bb el_class=\u00bbcolor-blue\u00bb][vc_column_text css=\u00bb\u00bb el_class=\u00bbtext-body\u00bb]Si no puedes pagar un plan telef\u00f3nico tradicional pero quieres estar conectado, nuestras tarjetas telef\u00f3nicas prepagadas son la mejor opci\u00f3n. Te permiten pagar por adelantado el tiempo de conversaci\u00f3n, los mensajes de texto y, en ocasiones, los datos, sin la molestia de una factura mensual. \u00a1Sin riesgo de cargos por mora o de perder el plazo de pago! Puedes utilizarlas para hacer llamadas, enviar mensajes de texto y acceder a servicios m\u00f3viles siempre que haya suficiente saldo en tu tarjeta.   <\/p>\n<p>Es una excelente soluci\u00f3n para quienes necesitan un tel\u00e9fono b\u00e1sico pero no quieren lidiar con contratos. Solo pagas por adelantado el servicio que necesitas. Tu informaci\u00f3n personal estar\u00e1 protegida, ya que no necesitas una verificaci\u00f3n de cr\u00e9dito para obtenerlo. Algunas tarjetas prepagadas pueden tener un uso de datos limitado, as\u00ed que revisa los detalles antes de comprar una.[\/vc_column_text][vc_column_text css=\u00bb\u00bb]<a class=\"btn\" href=\"https:\/\/cash2gofinancial.com\/locations\/\">Encuentra una ubicaci\u00f3n cerca de ti<\/a>[\/vc_column_text][\/vc_column_inner][vc_column_inner el_class=\u00bbcash-fancy-box-col-top-right\u00bb width=\u00bb1\/3&#8243;][vc_custom_heading text=\u00bb\u00bfNo tienes tel\u00e9fono? \u00a1No hay problema! Cash2Go te lo proporcionar\u00e1, sin necesidad de compromiso.  \u00bb font_container=\u00bbtag:h3|text_align:left\u00bb use_theme_fonts=\u00bbyes\u00bb css=\u00bb.vc_custom_1740157622967{margin-bottom: 0px !important;}\u00bb el_class=\u00bbcolor-blue\u00bb][vc_column_text css=\u00bb\u00bb]<\/p>\n<ul class=\"list-check-circles\">\n<li aria-level=\"1\">Solo paga por lo que necesitas, sin contratos a largo plazo ni cargos ocultos.<\/li>\n<li aria-level=\"1\">Cada llamada o mensaje de texto se deducir\u00e1 de tu saldo prepagado.<\/li>\n<li aria-level=\"1\">\u00a1Recarga tu saldo en cualquier momento en una ubicaci\u00f3n de Cash2Go!<\/li>\n<\/ul>\n<p>[\/vc_column_text][\/vc_column_inner][\/vc_row_inner][\/vc_column][\/vc_row][vc_row css=\u00bb.vc_custom_1738717287634{margin-top: 30px !important;}\u00bb][vc_column][vc_row_inner][vc_column_inner][vc_column_text css=\u00bb.vc_custom_1738713975097{margin-bottom: 0px !important;}\u00bb]<\/p>\n<p style=\"text-align: center;\"><a class=\"btn\" href=\"https:\/\/cash2gofinancial.com\/es\/servicios\/\">Todos los Servicios<\/a><\/p>\n<p>[\/vc_column_text][\/vc_column_inner][\/vc_row_inner][\/vc_column][\/vc_row]<\/p>\n<\/div>","protected":false},"excerpt":{"rendered":"<p>[vc_row el_class=\u00bbbg-gary\u00bb][vc_column][vc_row_inner][vc_column_inner][vc_column_text css=\u00bb.vc_custom_1739994925221{margin-bottom: 0px !important;}\u00bb el_class=\u00bbheader-main-section\u00bb] Los Servicios de Tarjeta de Cash2Go te Facilitan la Vida [\/vc_column_text][vc_column_text css=\u00bb\u00bb el_class=\u00bbsubtitle\u00bb] Nuestros servicios de tarjetas cubren una amplia variedad de necesidades. Ya sea para transportarse por la ciudad, hacer compras sin gastar de m\u00e1s o realizar una llamada, podemos ayudarle. [\/vc_column_text][vc_column_text css=\u00bb\u00bb el_class=\u00bbtext-body\u00bb] Nuestros pr\u00e1cticos servicios de [&hellip;]<\/p>\n","protected":false},"author":1,"featured_media":1471,"parent":1498,"menu_order":0,"comment_status":"closed","ping_status":"closed","template":"","meta":{"_acf_changed":false,"om_disable_all_campaigns":false,"_monsterinsights_skip_tracking":false,"_monsterinsights_sitenote_active":false,"_monsterinsights_sitenote_note":"","_monsterinsights_sitenote_category":0,"footnotes":""},"class_list":["post-1472","page","type-page","status-publish","has-post-thumbnail","hentry"],"acf":[],"aioseo_notices":[],"_links":{"self":[{"href":"https:\/\/cash2gofinancial.com\/es\/wp-json\/wp\/v2\/pages\/1472","targetHints":{"allow":["GET"]}}],"collection":[{"href":"https:\/\/cash2gofinancial.com\/es\/wp-json\/wp\/v2\/pages"}],"about":[{"href":"https:\/\/cash2gofinancial.com\/es\/wp-json\/wp\/v2\/types\/page"}],"author":[{"embeddable":true,"href":"https:\/\/cash2gofinancial.com\/es\/wp-json\/wp\/v2\/users\/1"}],"replies":[{"embeddable":true,"href":"https:\/\/cash2gofinancial.com\/es\/wp-json\/wp\/v2\/comments?post=1472"}],"version-history":[{"count":5,"href":"https:\/\/cash2gofinancial.com\/es\/wp-json\/wp\/v2\/pages\/1472\/revisions"}],"predecessor-version":[{"id":1481,"href":"https:\/\/cash2gofinancial.com\/es\/wp-json\/wp\/v2\/pages\/1472\/revisions\/1481"}],"up":[{"embeddable":true,"href":"https:\/\/cash2gofinancial.com\/es\/wp-json\/wp\/v2\/pages\/1498"}],"wp:featuredmedia":[{"embeddable":true,"href":"https:\/\/cash2gofinancial.com\/es\/wp-json\/wp\/v2\/media\/1471"}],"wp:attachment":[{"href":"https:\/\/cash2gofinancial.com\/es\/wp-json\/wp\/v2\/media?parent=1472"}],"curies":[{"name":"wp","href":"https:\/\/api.w.org\/{rel}","templated":true}]}}