{"id":1488,"date":"2025-01-29T04:58:49","date_gmt":"2025-01-29T04:58:49","guid":{"rendered":"https:\/\/cash2gofinancial.com\/servicios-adicionales\/"},"modified":"2026-03-19T15:47:31","modified_gmt":"2026-03-19T15:47:31","slug":"servicios-adicionales","status":"publish","type":"page","link":"https:\/\/cash2gofinancial.com\/es\/servicios\/servicios-adicionales\/","title":{"rendered":"Servicios Adicionales"},"content":{"rendered":"<div class=\"wpb-content-wrapper\"><p>[vc_row el_class=\u00bbbg-gary\u00bb][vc_column][vc_row_inner][vc_column_inner][vc_column_text css=\u00bb.vc_custom_1739995208443{margin-bottom: 0px !important;}\u00bb el_class=\u00bbheader-main-section\u00bb]<\/p>\n<h1 class=\"header-main-section text-center color-blue title-narrow\">Servicio r\u00e1pido para necesidades personales y empresariales<\/h1>\n<p>[\/vc_column_text][vc_column_text css=\u00bb\u00bb el_class=\u00bbsubtitle\u00bb]<\/p>\n<p style=\"text-align: center;\">Todo el mundo necesita documentaci\u00f3n de vez en cuando, pero entre el trabajo y la familia, \u00bfqui\u00e9n tiene tiempo? Por eso Cash2Go quiere ser tu lugar de referencia local para ocuparse de una serie de tareas cruciales, incluidos nuestros servicios financieros y de autom\u00f3viles. <\/p>\n<p>[\/vc_column_text][vc_column_text css=\u00bb\u00bb el_class=\u00bbtext-body\u00bb]<\/p>\n<p style=\"text-align: center;\">La pr\u00f3xima vez que necesites comprar estampillas, certificar un documento ante notario, solicitar tu acta de nacimiento o pagar una factura de servicios p\u00fablicos, te ayudaremos a hacerlo r\u00e1pidamente. Todo bajo un mismo techo. <\/p>\n<p>[\/vc_column_text][\/vc_column_inner][\/vc_row_inner][vc_row_inner css=\u00bb.vc_custom_1738730866855{margin-top: 7px !important;padding-bottom: 16px !important;}\u00bb el_class=\u00bbrow-sub-services\u00bb][vc_column_inner width=\u00bb1\/3&#8243;][vc_column_text css=\u00bb.vc_custom_1740434998773{margin-bottom: 50px !important;}\u00bb]<\/p>\n<p style=\"text-align: center;\"><a class=\"btn\" href=\"#UtilityBillPay\">Pago de Servicios P\u00fablicos<\/a><\/p>\n<p>[\/vc_column_text][\/vc_column_inner][vc_column_inner width=\u00bb1\/3&#8243;][vc_column_text css=\u00bb.vc_custom_1740435013028{margin-bottom: 50px !important;}\u00bb]<\/p>\n<p style=\"text-align: center;\"><a class=\"btn\" href=\"#Notary\">Notar\u00eda<\/a><\/p>\n<p>[\/vc_column_text][\/vc_column_inner][vc_column_inner width=\u00bb1\/3&#8243;][vc_column_text css=\u00bb.vc_custom_1740435028022{margin-bottom: 50px !important;}\u00bb]<\/p>\n<p style=\"text-align: center;\"><a class=\"btn\" href=\"#VitalRecords\">Actas y Registros Vitales<\/a><\/p>\n<p>[\/vc_column_text][\/vc_column_inner][\/vc_row_inner][vc_row_inner css=\u00bb.vc_custom_1738730866855{margin-top: 7px !important;padding-bottom: 16px !important;}\u00bb el_class=\u00bbrow-sub-services\u00bb][vc_column_inner width=\u00bb1\/3&#8243;][vc_column_text css=\u00bb.vc_custom_1740435044629{margin-bottom: 50px !important;}\u00bb]<\/p>\n<p style=\"text-align: center;\"><a class=\"btn\" href=\"#PostageStamps\">Sellos Postales<\/a><\/p>\n<p>[\/vc_column_text][\/vc_column_inner][vc_column_inner width=\u00bb1\/3&#8243;][vc_column_text css=\u00bb.vc_custom_1740435060882{margin-bottom: 50px !important;}\u00bb]<\/p>\n<p style=\"text-align: center;\"><a class=\"btn\" href=\"#LaminationOfDocuments\">Laminado de Documentos<\/a><\/p>\n<p>[\/vc_column_text][\/vc_column_inner][vc_column_inner width=\u00bb1\/3&#8243;][\/vc_column_inner][\/vc_row_inner][vc_row_inner disable_element=\u00bbyes\u00bb css=\u00bb.vc_custom_1744222014834{margin-top: 7px !important;padding-bottom: 16px !important;}\u00bb el_class=\u00bbrow-sub-services\u00bb][vc_column_inner][vc_column_text css=\u00bb.vc_custom_1740434998773{margin-bottom: 50px !important;}\u00bb]<\/p>\n<p style=\"text-align: center;\"><a class=\"btn\" href=\"#UtilityBillPay\">Pago de Servicios P\u00fablicos<\/a><\/p>\n<p>[\/vc_column_text][vc_column_text css=\u00bb.vc_custom_1740435013028{margin-bottom: 50px !important;}\u00bb]<\/p>\n<p style=\"text-align: center;\"><a class=\"btn\" href=\"#Notary\">Notar\u00eda<\/a><\/p>\n<p>[\/vc_column_text][vc_column_text css=\u00bb.vc_custom_1740435028022{margin-bottom: 50px !important;}\u00bb]<\/p>\n<p style=\"text-align: center;\"><a class=\"btn\" href=\"#VitalRecords\">Actas y Registros Vitales<\/a><\/p>\n<p>[\/vc_column_text][vc_column_text css=\u00bb.vc_custom_1740435044629{margin-bottom: 50px !important;}\u00bb]<\/p>\n<p style=\"text-align: center;\"><a class=\"btn\" href=\"#PostageStamps\">Sellos Postales<\/a><\/p>\n<p>[\/vc_column_text][vc_column_text css=\u00bb.vc_custom_1740435060882{margin-bottom: 50px !important;}\u00bb]<\/p>\n<p style=\"text-align: center;\"><a class=\"btn\" href=\"#LaminationOfDocuments\">Laminado de Documentos<\/a><\/p>\n<p>[\/vc_column_text][\/vc_column_inner][\/vc_row_inner][\/vc_column][\/vc_row][vc_row el_id=\u00bbUtilityBillPay\u00bb css=\u00bb.vc_custom_1744653894892{margin-top: 85px !important;}\u00bb el_class=\u00bbsub-service-section\u00bb][vc_column][vc_row_inner el_class=\u00bbgap-small\u00bb][vc_column_inner width=\u00bb1\/4&#8243;][vc_single_image image=\u00bb1482&#8243; img_size=\u00bbfull\u00bb css=\u00bb\u00bb][\/vc_column_inner][vc_column_inner width=\u00bb3\/4&#8243;][vc_custom_heading text=\u00bbPago de Servicios P\u00fablicos\u00bb use_theme_fonts=\u00bbyes\u00bb css=\u00bb.vc_custom_1738734622302{margin-top: 31.5px !important;}\u00bb el_class=\u00bbcolor-blue\u00bb][vc_column_text css=\u00bb\u00bb el_class=\u00bbsubtitle\u00bb]Pagar todas las facturas mensuales a tiempo puede ser un reto para cualquiera, especialmente cuando cada una tiene una plazo de vencimiento diferente. Aunque normalmente pagues tus servicios p\u00fablicos puntualmente, es posible que alguna vez se te pase alguna. Enviar los cheques por correo puede suponer un retraso de varios d\u00edas, as\u00ed que \u00bfpor qu\u00e9 arriesgarse a pagar recargos por demora? Cuando te encuentres en una situaci\u00f3n apurada, el servicio de pago de facturas de servicios p\u00fablicos de Cash2Go Financial est\u00e1 a tu lado.[\/vc_column_text][vc_column_text css=\u00bb\u00bb]<\/p>\n<div class=\"service-item-toggle open\">Leer M\u00e1s<\/div>\n<p>[\/vc_column_text][\/vc_column_inner][\/vc_row_inner][vc_row_inner el_class=\u00bbservice-item-more open\u00bb css=\u00bb.vc_custom_1740499626658{margin-top: 15px !important;}\u00bb][vc_column_inner width=\u00bb2\/3&#8243;][vc_custom_heading text=\u00bbObtenga Ayuda Para Pagar Tus Servicios P\u00fablicos A Tiempo\u00bb font_container=\u00bbtag:h3|text_align:left\u00bb use_theme_fonts=\u00bbyes\u00bb css=\u00bb.vc_custom_1739291008670{margin-bottom: 0px !important;}\u00bb el_class=\u00bbcolor-blue\u00bb][vc_column_text css=\u00bb\u00bb el_class=\u00bbtext-body\u00bb]Hoy en d\u00eda, las personas tienen que lidiar con m\u00e1s facturas que nunca, y comprometerse a realizar pagos autom\u00e1ticos no es una opci\u00f3n para todos. Ah\u00ed es donde entramos nosotros. Cash2Go Financial se asocia con las principales empresas de servicios p\u00fablicos de Illinois para ayudarte a cumplir con los plazos de pago de tus facturas cada mes. A diferencia de otros m\u00e9todos, puedes estar tranquilo sabiendo que, en la mayor\u00eda de los casos, los pagos de servicios p\u00fablicos se procesan el mismo d\u00eda.   <\/p>\n<p>Ac\u00e9rcate a tu ubicaci\u00f3n m\u00e1s cercana y dinos qu\u00e9 facturas quieres pagar. Nosotros nos encargaremos del resto, as\u00ed de f\u00e1cil. <\/p>\n<ul>\n<li aria-level=\"1\">Gas<\/li>\n<li aria-level=\"1\">Electricidad<\/li>\n<li aria-level=\"1\">Agua<\/li>\n<li aria-level=\"1\">Tel\u00e9fono<\/li>\n<li aria-level=\"1\">Televisi\u00f3n por Cable<\/li>\n<li aria-level=\"1\">Internet<\/li>\n<li aria-level=\"1\">Y M\u00e1s<\/li>\n<\/ul>\n<p>[\/vc_column_text][vc_column_text css=\u00bb\u00bb]<a class=\"btn\" href=\"https:\/\/cash2gofinancial.com\/locations\/\">Encuentra una ubicaci\u00f3n cerca de ti<\/a>[\/vc_column_text][\/vc_column_inner][vc_column_inner el_class=\u00bbcash-fancy-box-col-top-right\u00bb width=\u00bb1\/3&#8243;][vc_custom_heading text=\u00bb\u00bfC\u00f3mo Funciona el Pago de Facturas de Servicios P\u00fablicos?\u00bb font_container=\u00bbtag:h3|text_align:left\u00bb use_theme_fonts=\u00bbyes\u00bb css=\u00bb.vc_custom_1739291108074{margin-bottom: 0px !important;}\u00bb el_class=\u00bbcolor-blue\u00bb][vc_column_text css=\u00bb\u00bb]<\/p>\n<ul class=\"list-check-circles\">\n<li>Traiga efectivo o tarjeta de d\u00e9bito para realizar tu pago.<\/li>\n<li>Lleve contigo el tal\u00f3n de pago de la factura o el n\u00famero de factura.<\/li>\n<li>Despu\u00e9s de una breve verificaci\u00f3n, ingresaremos tu informaci\u00f3n en nuestro sistema.<\/li>\n<li>Tu factura se paga ese mismo d\u00eda o poco despu\u00e9s.<\/li>\n<\/ul>\n<p>[\/vc_column_text][\/vc_column_inner][\/vc_row_inner][\/vc_column][\/vc_row][vc_row el_id=\u00bbNotar\u00eda\u00bb css=\u00bb.vc_custom_1744653899217{margin-top: 65px !important;}\u00bb el_class=\u00bbsub-service-section\u00bb][vc_column][vc_row_inner el_class=\u00bbgap-small reverse-columns-on-small\u00bb][vc_column_inner width=\u00bb3\/4&#8243;][vc_custom_heading text=\u00bbNotar\u00eda\u00bb use_theme_fonts=\u00bbyes\u00bb css=\u00bb.vc_custom_1738734631607{margin-top: 31.5px !important;margin-bottom: 0px !important;}\u00bb el_class=\u00bbcolor-blue\u00bb][vc_column_text css=\u00bb\u00bb el_class=\u00bbsubtitle\u00bb]Algunos documentos requieren certificaci\u00f3n notarial (o un testigo legal) cuando se completan para que se consideren v\u00e1lidos. Certifique documentos a trav\u00e9s de nuestros servicios notariales. Aseg\u00farese de llamar con anticipaci\u00f3n para garantizar que pueda reunirse con nuestro notario profesional.[\/vc_column_text][vc_column_text css=\u00bb\u00bb]<\/p>\n<div class=\"service-item-toggle open\">Leer M\u00e1s<\/div>\n<p>[\/vc_column_text][\/vc_column_inner][vc_column_inner width=\u00bb1\/4&#8243;][vc_single_image image=\u00bb1483&#8243; img_size=\u00bbfull\u00bb css=\u00bb\u00bb][\/vc_column_inner][\/vc_row_inner][vc_row_inner el_class=\u00bbservice-item-more open reverse-columns-on-small\u00bb css=\u00bb.vc_custom_1740499641187{margin-top: 15px !important;}\u00bb][vc_column_inner el_class=\u00bbcash-fancy-box-col-top-left\u00bb width=\u00bb1\/3&#8243; css=\u00bb.vc_custom_1744654005105{margin-bottom: 30px !important;}\u00bb][vc_custom_heading text=\u00bbUn servicio notarial proporcionado por un profesional autorizado en el que puede confiar. Algunos consejos: \u00bb font_container=\u00bbtag:h3|text_align:left\u00bb use_theme_fonts=\u00bbyes\u00bb css=\u00bb\u00bb el_class=\u00bbcolor-blue\u00bb][vc_column_text css=\u00bb\u00bb]<\/p>\n<ul class=\"list-check-circles\">\n<li aria-level=\"1\">\u00a1No firme el documento por adelantado! Tu notario debe ser testigo. <\/li>\n<li aria-level=\"1\">Tr\u00e1ete tu licencia de conducir u otra identificaci\u00f3n v\u00e1lida emitida por el gobierno.<\/li>\n<li aria-level=\"1\">Una excelente manera de garantizar que tu notarizaci\u00f3n sea oficial.<\/li>\n<\/ul>\n<p>[\/vc_column_text][\/vc_column_inner][vc_column_inner width=\u00bb2\/3&#8243;][vc_custom_heading text=\u00bbUn servicio notarial en el que puedes confiar\u00bb font_container=\u00bbtag:h3|text_align:left\u00bb use_theme_fonts=\u00bbyes\u00bb css=\u00bb.vc_custom_1739995242346{margin-bottom: 0px !important;}\u00bb el_class=\u00bbcolor-blue\u00bb][vc_column_text css=\u00bb\u00bb el_class=\u00bbtext-body\u00bb]\u00bfQu\u00e9 tienen en com\u00fan los pasaportes, las declaraciones juradas y los testamentos vitales? Todos deben estar certificados por un notario para que sean legalmente v\u00e1lidos. La mayor\u00eda de las personas no piensan en un notario hasta que lo necesitan. Por eso Cash2Go ofrece este servicio en un lugar donde tambi\u00e9n puede atender sus necesidades financieras y automotrices.   <\/p>\n<p>\u00bfTiene alg\u00fan documento que necesite ser notariado? Podemos encargarnos de ello en cuesti\u00f3n de minutos. Este servicio verifica la identidad de la persona que firma el documento legal para garantizar su autenticidad y evitar fraudes. Aseg\u00farese de traer una identificaci\u00f3n v\u00e1lida. Podemos autenticar la firma de contratos, testamentos y otros documentos importantes confirmando que se han firmado de forma voluntaria. Llame con antelaci\u00f3n para preguntar sobre las tarifas o los requisitos.[\/vc_column_text][vc_column_text css=\u00bb\u00bb]<a class=\"btn\" href=\"https:\/\/cash2gofinancial.com\/locations\/\">Encuentra una ubicaci\u00f3n cerca de ti<\/a>[\/vc_column_text][\/vc_column_inner][\/vc_row_inner][\/vc_column][\/vc_row][vc_row el_id=\u00bbVitalRecords\u00bb css=\u00bb.vc_custom_1744653903809{margin-top: 85px !important;}\u00bb el_class=\u00bbsub-service-section\u00bb][vc_column][vc_row_inner el_class=\u00bbgap-small\u00bb][vc_column_inner width=\u00bb1\/4&#8243;][vc_single_image image=\u00bb1484&#8243; img_size=\u00bbfull\u00bb css=\u00bb\u00bb][\/vc_column_inner][vc_column_inner width=\u00bb3\/4&#8243;][vc_custom_heading text=\u00bbActas y Registros Vitales\u00bb use_theme_fonts=\u00bbyes\u00bb css=\u00bb.vc_custom_1738734640222{margin-top: 31.5px !important;}\u00bb el_class=\u00bbcolor-blue\u00bb][vc_column_text css=\u00bb\u00bb el_class=\u00bbsubtitle\u00bb]La vida est\u00e1 llena de sorpresas, muchas de las cuales implican tr\u00e1mites inesperados. A veces es necesario presentar un documento oficial que acredite ciertos hechos y, cuando esto ocurre, es fundamental recurrir a un servicio confiable como el ofrecido en las ubicaciones de Cash2Go.[\/vc_column_text][vc_column_text css=\u00bb\u00bb]<\/p>\n<div class=\"service-item-toggle open\">Leer M\u00e1s<\/div>\n<p>[\/vc_column_text][\/vc_column_inner][\/vc_row_inner][vc_row_inner el_class=\u00bbservice-item-more open\u00bb css=\u00bb.vc_custom_1740499653723{margin-top: 15px !important;}\u00bb][vc_column_inner width=\u00bb2\/3&#8243;][vc_custom_heading text=\u00bbAccede a tus registros vitales en Cash2Go\u00bb font_container=\u00bbtag:h3|text_align:left\u00bb use_theme_fonts=\u00bbyes\u00bb css=\u00bb.vc_custom_1739995304498{margin-bottom: 0px !important;}\u00bb el_class=\u00bbcolor-blue\u00bb][vc_column_text css=\u00bb\u00bb el_class=\u00bbtext-body\u00bb]Ofrecemos acceso a documentos oficiales relacionados con eventos importantes de la vida, como certificados de nacimiento, defunci\u00f3n, matrimonio y divorcio. Muchos de los documentos que se solicitan se conservan a nivel estatal o local. Cuando necesites una copia de alguno de ellos, nos encargaremos de tramitarla con rapidez para que puedas estar tranquilo.  <\/p>\n<p>Es importante que utilices un servicio leg\u00edtimo en el que puedas confiar. Estos documentos contienen informaci\u00f3n sobre tu identidad personal y te permiten solicitar ciertos servicios gubernamentales, entre otros usos personales o legales. Debes estar preparado. Dado que no todos los documentos son iguales, llama a tu Cash2Go local y pregunta sobre el proceso para obtener lo que necesitas y sobre los posibles cargos o requisitos.[\/vc_column_text][vc_column_text css=\u00bb\u00bb]<a class=\"btn\" href=\"https:\/\/cash2gofinancial.com\/locations\/\">Encuentra una ubicaci\u00f3n cerca de ti<\/a>[\/vc_column_text][\/vc_column_inner][vc_column_inner el_class=\u00bbcash-fancy-box-col-top-right\u00bb width=\u00bb1\/3&#8243;][vc_custom_heading text=\u00bbCuando necesites la documentaci\u00f3n necesaria, Cash2Go te ayuda a acceder a los registros vitales.\u00bb font_container=\u00bbtag:h3|text_align:left\u00bb use_theme_fonts=\u00bbyes\u00bb css=\u00bb.vc_custom_1739995333513{margin-bottom: 0px !important;}\u00bb el_class=\u00bbcolor-blue\u00bb][vc_column_text css=\u00bb\u00bb]<\/p>\n<ul class=\"list-check-circles\">\n<li aria-level=\"1\">Actas de nacimiento y otros documentos importantes y confidenciales.<\/li>\n<li aria-level=\"1\">Un proveedor de registros vitales en el que puedes confiar.<\/li>\n<li aria-level=\"1\">Re\u00fana la informaci\u00f3n esencial con antelaci\u00f3n para optimizar el servicio.<\/li>\n<\/ul>\n<p>[\/vc_column_text][\/vc_column_inner][\/vc_row_inner][\/vc_column][\/vc_row][vc_row el_id=\u00bbPostageStamps\u00bb css=\u00bb.vc_custom_1744653908452{margin-top: 65px !important;}\u00bb el_class=\u00bbsub-service-section\u00bb][vc_column][vc_row_inner el_class=\u00bbgap-small reverse-columns-on-small\u00bb][vc_column_inner width=\u00bb3\/4&#8243;][vc_custom_heading text=\u00bbSellos Postales\u00bb use_theme_fonts=\u00bbyes\u00bb css=\u00bb.vc_custom_1738734651656{margin-top: 31.5px !important;margin-bottom: 0px !important;}\u00bb el_class=\u00bbcolor-blue\u00bb][vc_column_text css=\u00bb\u00bb el_class=\u00bbsubtitle\u00bb]A pesar de que vivimos en la era de la alta tecnolog\u00eda, mucha gente sigue enviando tarjetas de felicitaci\u00f3n y otro tipo de correspondencia a la antigua usanza. Cuando necesites comprar sellos, Cash2Go te lo facilita. \u00a1No esperes a que se te acaben! Ll\u00e9vate un libro de sellos la pr\u00f3xima vez que vengas a utilizar alguno de nuestros numerosos servicios financieros o de automoci\u00f3n.[\/vc_column_text][vc_column_text css=\u00bb\u00bb]<\/p>\n<div class=\"service-item-toggle open\">Leer M\u00e1s<\/div>\n<p>[\/vc_column_text][\/vc_column_inner][vc_column_inner width=\u00bb1\/4&#8243;][vc_single_image image=\u00bb1485&#8243; img_size=\u00bbfull\u00bb css=\u00bb\u00bb][\/vc_column_inner][\/vc_row_inner][vc_row_inner el_class=\u00bbservice-item-more open reverse-columns-on-small\u00bb css=\u00bb.vc_custom_1740499665867{margin-top: 15px !important;}\u00bb][vc_column_inner el_class=\u00bbcash-fancy-box-col-top-left\u00bb width=\u00bb1\/3&#8243; css=\u00bb.vc_custom_1744654041361{margin-bottom: 30px !important;}\u00bb][vc_custom_heading text=\u00bbSellos en Cash2Go. Para tarjetas de cumplea\u00f1os, grandes eventos, env\u00edos comerciales y mucho m\u00e1s. \u00bb font_container=\u00bbtag:h3|text_align:left\u00bb use_theme_fonts=\u00bbyes\u00bb css=\u00bb\u00bb el_class=\u00bbcolor-blue\u00bb][vc_column_text css=\u00bb\u00bb]<\/p>\n<ul class=\"list-check-circles\">\n<li aria-level=\"1\">En el caso de paquetes m\u00e1s pesados, inf\u00f3rmate sobre los requisitos de franqueo.<\/li>\n<li aria-level=\"1\">Compra suficientes sellos por adelantado para que no te quedes sin ellos.<\/li>\n<li aria-level=\"1\">Mientras est\u00e9s en Cash2Go, inf\u00f3rmate sobre nuestros otros servicios.<\/li>\n<\/ul>\n<p>[\/vc_column_text][\/vc_column_inner][vc_column_inner width=\u00bb2\/3&#8243;][vc_custom_heading text=\u00bbRecoge tus sellos postales\u00bb font_container=\u00bbtag:h3|text_align:left\u00bb use_theme_fonts=\u00bbyes\u00bb css=\u00bb.vc_custom_1739995361499{margin-bottom: 0px !important;}\u00bb el_class=\u00bbcolor-blue\u00bb][vc_column_text css=\u00bb\u00bb el_class=\u00bbtext-body\u00bb]Las personas y las empresas suelen enviar cartas, paquetes y otro tipo de correspondencia a trav\u00e9s del servicio postal. Si est\u00e1s organizando una boda u otro evento importante, aseg\u00farate de tener suficiente para cubrir tus necesidades. Nuestro equipo te ayuda a enviar tu correspondencia a cualquier destino de forma conveniente y con el franqueo adecuado. Adem\u00e1s, te ayudamos a ahorrar tiempo al facilitarte el acceso a los sellos sin necesidad de acudir a una oficina de correos.[\/vc_column_text][vc_column_text css=\u00bb\u00bb]<a class=\"btn\" href=\"https:\/\/cash2gofinancial.com\/locations\/\">Encuentra una ubicaci\u00f3n cerca de ti<\/a>[\/vc_column_text][\/vc_column_inner][\/vc_row_inner][\/vc_column][\/vc_row][vc_row el_id=\u00bbLaminationOfDocuments\u00bb css=\u00bb.vc_custom_1744653913161{margin-top: 85px !important;}\u00bb el_class=\u00bbsub-service-section\u00bb][vc_column][vc_row_inner el_class=\u00bbgap-small\u00bb][vc_column_inner width=\u00bb1\/4&#8243;][vc_single_image image=\u00bb1486&#8243; img_size=\u00bbfull\u00bb css=\u00bb\u00bb][\/vc_column_inner][vc_column_inner width=\u00bb3\/4&#8243;][vc_custom_heading text=\u00bbLaminado de Documentos\u00bb use_theme_fonts=\u00bbyes\u00bb css=\u00bb.vc_custom_1738734662268{margin-top: 31.5px !important;}\u00bb el_class=\u00bbcolor-blue\u00bb][vc_column_text css=\u00bb\u00bb el_class=\u00bbsubtitle\u00bb]Desde tarjetas de presentaci\u00f3n hasta men\u00fas, muchas cosas en la vida quedan mejor cuando se laminan. Es un proceso sencillo y econ\u00f3mico que hace que los documentos tengan un aspecto m\u00e1s profesional y duren m\u00e1s tiempo. Ya sea que quieras colgar tu t\u00edtulo en la pared de tu nuevo negocio o lo necesites para otra cosa, Cash2Go ofrece un pr\u00e1ctico servicio de laminaci\u00f3n.[\/vc_column_text][vc_column_text css=\u00bb\u00bb]<\/p>\n<div class=\"service-item-toggle open\">Leer M\u00e1s<\/div>\n<p>[\/vc_column_text][\/vc_column_inner][\/vc_row_inner][vc_row_inner el_class=\u00bbservice-item-more open\u00bb css=\u00bb.vc_custom_1740499678237{margin-top: 15px !important;}\u00bb][vc_column_inner width=\u00bb2\/3&#8243;][vc_custom_heading text=\u00bbTr\u00e1enos los documentos que quieras laminar.\u00bb font_container=\u00bbtag:h3|text_align:left\u00bb use_theme_fonts=\u00bbyes\u00bb css=\u00bb.vc_custom_1739995414882{margin-bottom: 0px !important;}\u00bb el_class=\u00bbcolor-blue\u00bb][vc_column_text css=\u00bb\u00bb el_class=\u00bbtext-body\u00bb]El servicio de laminaci\u00f3n de tu Cash2Go local puede servir para diversos usos. \u00bfVas a organizar una fiesta o a iniciar un nuevo negocio? Es muy \u00fatil para certificados, carteles, men\u00fas y cualquier otro material que quieras exhibir en un lugar visible para que la gente lo vea. Adem\u00e1s, mostrar documentos oficiales te posiciona como un negocio confiable que cuenta con las licencias adecuadas, lo que puede ayudarte a ganar m\u00e1s dinero.[\/vc_column_text][vc_column_text css=\u00bb\u00bb]<a class=\"btn\" href=\"https:\/\/cash2gofinancial.com\/locations\/\">Encuentra una ubicaci\u00f3n cerca de ti<\/a>[\/vc_column_text][\/vc_column_inner][vc_column_inner el_class=\u00bbcash-fancy-box-col-top-right\u00bb width=\u00bb1\/3&#8243;][vc_custom_heading text=\u00bbLamin\u00e1 tus documentos en Cash2Go.\u00bb font_container=\u00bbtag:h3|text_align:left\u00bb use_theme_fonts=\u00bbyes\u00bb css=\u00bb.vc_custom_1739995438282{margin-bottom: 0px !important;}\u00bb el_class=\u00bbcolor-blue\u00bb][vc_column_text css=\u00bb\u00bb]<\/p>\n<ul class=\"list-check-circles\">\n<li aria-level=\"1\">Aseg\u00farate de que los documentos est\u00e9n limpios y bien planchados antes de traerlos.<\/li>\n<li aria-level=\"1\">Revisa todo primero para no tener que volver a hacer el trabajo.<\/li>\n<li aria-level=\"1\">Ll\u00e1manos para obtener m\u00e1s informaci\u00f3n sobre nuestro servicio de laminaci\u00f3n.<\/li>\n<\/ul>\n<p>[\/vc_column_text][\/vc_column_inner][\/vc_row_inner][\/vc_column][\/vc_row][vc_row css=\u00bb.vc_custom_1738717287634{margin-top: 30px !important;}\u00bb][vc_column][vc_row_inner][vc_column_inner][vc_column_text css=\u00bb.vc_custom_1738713975097{margin-bottom: 0px !important;}\u00bb]<\/p>\n<p style=\"text-align: center;\"><a class=\"btn\" href=\"https:\/\/cash2gofinancial.com\/es\/servicios\/\">Todos los Servicios<\/a><\/p>\n<p>[\/vc_column_text][\/vc_column_inner][\/vc_row_inner][\/vc_column][\/vc_row]<\/p>\n<\/div>","protected":false},"excerpt":{"rendered":"<p>[vc_row el_class=\u00bbbg-gary\u00bb][vc_column][vc_row_inner][vc_column_inner][vc_column_text css=\u00bb.vc_custom_1739995208443{margin-bottom: 0px !important;}\u00bb el_class=\u00bbheader-main-section\u00bb] Servicio r\u00e1pido para necesidades personales y empresariales [\/vc_column_text][vc_column_text css=\u00bb\u00bb el_class=\u00bbsubtitle\u00bb] Todo el mundo necesita documentaci\u00f3n de vez en cuando, pero entre el trabajo y la familia, \u00bfqui\u00e9n tiene tiempo? Por eso Cash2Go quiere ser tu lugar de referencia local para ocuparse de una serie de tareas cruciales, incluidos nuestros [&hellip;]<\/p>\n","protected":false},"author":1,"featured_media":1487,"parent":1498,"menu_order":0,"comment_status":"closed","ping_status":"closed","template":"","meta":{"_acf_changed":false,"om_disable_all_campaigns":false,"_monsterinsights_skip_tracking":false,"_monsterinsights_sitenote_active":false,"_monsterinsights_sitenote_note":"","_monsterinsights_sitenote_category":0,"footnotes":""},"class_list":["post-1488","page","type-page","status-publish","has-post-thumbnail","hentry"],"acf":[],"aioseo_notices":[],"_links":{"self":[{"href":"https:\/\/cash2gofinancial.com\/es\/wp-json\/wp\/v2\/pages\/1488","targetHints":{"allow":["GET"]}}],"collection":[{"href":"https:\/\/cash2gofinancial.com\/es\/wp-json\/wp\/v2\/pages"}],"about":[{"href":"https:\/\/cash2gofinancial.com\/es\/wp-json\/wp\/v2\/types\/page"}],"author":[{"embeddable":true,"href":"https:\/\/cash2gofinancial.com\/es\/wp-json\/wp\/v2\/users\/1"}],"replies":[{"embeddable":true,"href":"https:\/\/cash2gofinancial.com\/es\/wp-json\/wp\/v2\/comments?post=1488"}],"version-history":[{"count":2,"href":"https:\/\/cash2gofinancial.com\/es\/wp-json\/wp\/v2\/pages\/1488\/revisions"}],"predecessor-version":[{"id":1495,"href":"https:\/\/cash2gofinancial.com\/es\/wp-json\/wp\/v2\/pages\/1488\/revisions\/1495"}],"up":[{"embeddable":true,"href":"https:\/\/cash2gofinancial.com\/es\/wp-json\/wp\/v2\/pages\/1498"}],"wp:featuredmedia":[{"embeddable":true,"href":"https:\/\/cash2gofinancial.com\/es\/wp-json\/wp\/v2\/media\/1487"}],"wp:attachment":[{"href":"https:\/\/cash2gofinancial.com\/es\/wp-json\/wp\/v2\/media?parent=1488"}],"curies":[{"name":"wp","href":"https:\/\/api.w.org\/{rel}","templated":true}]}}