{"id":1498,"date":"2025-01-29T04:56:40","date_gmt":"2025-01-29T04:56:40","guid":{"rendered":"https:\/\/cash2gofinancial.com\/servicios\/"},"modified":"2026-03-19T20:11:29","modified_gmt":"2026-03-19T20:11:29","slug":"servicios","status":"publish","type":"page","link":"https:\/\/cash2gofinancial.com\/es\/servicios\/","title":{"rendered":"Servicios"},"content":{"rendered":"<div class=\"wpb-content-wrapper\"><p>[vc_row el_class=\u00bbbg-gary\u00bb][vc_column][vc_row_inner][vc_column_inner][vc_column_text css=\u00bb.vc_custom_1738683043444{margin-bottom: 0px !important;}\u00bb el_class=\u00bbheader-main-section\u00bb]<\/p>\n<h1 class=\"header-main-section text-center color-blue\">Servicios Cotidianos M\u00e1s Sencillos<\/h1>\n<p>[\/vc_column_text][vc_column_text css=\u00bb\u00bb el_class=\u00bbsubtitle\u00bb]<\/p>\n<p style=\"text-align: center; margin-top: 25px;\">\u00a1Entra, sal y sigue con tu d\u00eda!<\/p>\n<p>[\/vc_column_text][vc_column_text css=\u00bb\u00bb el_class=\u00bbtext-body\u00bb]<\/p>\n<p style=\"text-align: center;\">\u00bfPor qu\u00e9 ir a varios lugares si no es necesario? Ahorra tiempo gestionando todas tus necesidades financieras diarias en un solo lugar: Cash2Go Financial. Nos ocupamos de tus necesidades relacionadas con el autom\u00f3vil, los servicios de tarjetas de d\u00e9bito y mucho m\u00e1s. Nuestro horario flexible y nuestras ubicaciones convenientes te permiten dedicar m\u00e1s tiempo a hacer lo que te gusta.   <\/p>\n<p>[\/vc_column_text][\/vc_column_inner][\/vc_row_inner][\/vc_column][\/vc_row][vc_row el_class=\u00bbcash-fancy-box-open-bottom bg-gary\u00bb css=\u00bb.vc_custom_1738685905250{padding-top: 47px !important;padding-bottom: 65px !important;}\u00bb][vc_column][vc_row_inner css=\u00bb.vc_custom_1738685023688{margin-top: 51.1px !important;padding-bottom: 26.5px !important;}\u00bb][vc_column_inner el_class=\u00bbcash-fancy-box-col-open-bottom\u00bb width=\u00bb5\/6&#8243;][vc_custom_heading text=\u00bb\u00bfCansado de las Molestias con los Bancos o la Oficina de Tr\u00e1fico?\u00bb font_container=\u00bbtag:h3|text_align:left\u00bb use_theme_fonts=\u00bbyes\u00bb css=\u00bb\u00bb el_class=\u00bbcolor-blue\u00bb][vc_column_text css=\u00bb\u00bb el_class=\u00bbsubtitle\u00bb]\u00a1No pospongas tus tr\u00e1mites relacionados con el autom\u00f3vil! En Cash2Go Financial, hay una forma m\u00e1s f\u00e1cil de gestionar todas esas etiquetas y fechas l\u00edmite. Si vives en el \u00e1rea metropolitana de Chicago, vale la pena cumplir con la ley. Ya sea que utilices el transporte p\u00fablico o tu propio veh\u00edculo, las convenientes opciones de pago en cualquiera de nuestras sucursales te facilitar\u00e1n el proceso.[\/vc_column_text][\/vc_column_inner][vc_column_inner width=\u00bb1\/6&#8243;][vc_single_image image=\u00bb1496&#8243; img_size=\u00bbfull\u00bb alignment=\u00bbcenter\u00bb css=\u00bb\u00bb][\/vc_column_inner][\/vc_row_inner][\/vc_column][\/vc_row][vc_row css=\u00bb.vc_custom_1738686003620{margin-top: 60px !important;}\u00bb][vc_column][vc_row_inner][vc_column_inner][vc_column_text css=\u00bb.vc_custom_1738686042236{margin-bottom: 0px !important;}\u00bb el_class=\u00bbheader-main-section\u00bb]<\/p>\n<h1 class=\"header-main-section text-center color-blue\">Simplifica Tus Tareas Diarias con Nuestros Servicios<\/h1>\n<p>[\/vc_column_text][vc_column_text css=\u00bb\u00bb el_class=\u00bbsubtitle\u00bb]<\/p>\n<p style=\"text-align: center; margin-top: 25px;\">Nuestro objetivo es ofrecerle servicios financieros y de documentaci\u00f3n de primera calidad, as\u00ed como ayudarle con otras tareas cotidianas en un ambiente acogedor y de la forma m\u00e1s eficiente posible.<\/p>\n<p>[\/vc_column_text][vc_column_text css=\u00bb\u00bb el_class=\u00bbtext-body\u00bb]<\/p>\n<p style=\"text-align: center;\">No deber\u00edas tener que ir a varios sitios para gestionar tus necesidades financieras cotidianas. En Cash2Go, no tienes que hacerlo. Nosotros nos encargamos de todo, en un solo lugar.  <\/p>\n<p>[\/vc_column_text][\/vc_column_inner][\/vc_row_inner][\/vc_column][\/vc_row][vc_row css=\u00bb.vc_custom_1738686199115{margin-top: 25px !important;}\u00bb][vc_column][vc_row_inner equal_height=\u00bbyes\u00bb el_class=\u00bbrow-cards-blue\u00bb][vc_column_inner width=\u00bb1\/6&#8243;][vc_single_image image=\u00bb1391&#8243; img_size=\u00bbfull\u00bb alignment=\u00bbcenter\u00bb css=\u00bb.vc_custom_1738686832359{margin-bottom: 15px !important;}\u00bb][vc_custom_heading text=\u00bbServicios para Veh\u00edculos\u00bb font_container=\u00bbtag:h3|text_align:center\u00bb use_theme_fonts=\u00bbyes\u00bb css=\u00bb\u00bb el_class=\u00bbcolor-white card-title\u00bb][vc_column_text css=\u00bb\u00bb el_class=\u00bbtext-body color-white card-desc\u00bb]<\/p>\n<p class=\"color-white\" style=\"text-align: center;\">Nuestros <a class=\"color-green-lt\" href=\"https:\/\/cash2gofinancial.com\/es\/servicios\/servicios-para-vehiculos\/\">servicios para veh\u00edculos<\/a> son una forma r\u00e1pida y c\u00f3moda de evitar las largas filas y las frustraciones de la Secretar\u00eda de Tr\u00e1fico.<\/p>\n<p>[\/vc_column_text][vc_column_text css=\u00bb.vc_custom_1738687458077{margin-bottom: 0px !important;}\u00bb]<\/p>\n<div class=\"service-item-toggle-btn\">\n<div class=\"service-item-box-more-title\">Servicios de Veh\u00edculos<\/div>\n<div class=\"service-item-box-more\">\n<div>\n<p>Selecciona uno de los servicios a continuaci\u00f3n para obtener m\u00e1s informaci\u00f3n.<\/p><\/div>\n<ul>\n<li><a href=\"https:\/\/cash2gofinancial.com\/es\/servicios\/servicios-para-vehiculos\/#LicensePlateRenewals\">Renovaci\u00f3n de Placas<\/a><\/li>\n<li><a href=\"https:\/\/cash2gofinancial.com\/es\/servicios\/servicios-para-vehiculos\/#TitleTransfersAndPlates\">Transferencia de T\u00edtulo y Placas<\/a><\/li>\n<li><a href=\"https:\/\/cash2gofinancial.com\/es\/servicios\/servicios-para-vehiculos\/#BoatRegistration\">Registro de Mmbarcaciones<\/a><\/li>\n<li><a href=\"https:\/\/cash2gofinancial.com\/es\/servicios\/servicios-para-vehiculos\/#TrailerRegistration\">Registro de Remolques<\/a><\/li>\n<li><a href=\"https:\/\/cash2gofinancial.com\/es\/servicios\/servicios-para-vehiculos\/#SnowmobileRegistration\">Registro de Motos de Nieve<\/a><\/li>\n<li><a href=\"https:\/\/cash2gofinancial.com\/es\/servicios\/servicios-para-vehiculos\/#CityStickers\">Calcoman\u00edas de la Ciudad<\/a><\/li>\n<li><a href=\"https:\/\/cash2gofinancial.com\/es\/servicios\/servicios-para-vehiculos\/#SpecialtyPlates\">Placas especiales<\/a><\/li>\n<li><a href=\"https:\/\/cash2gofinancial.com\/es\/servicios\/servicios-para-vehiculos\/\">Ir a la p\u00e1gina de Servicios de Veh\u00edculos<\/a><\/li>\n<\/ul>\n<\/div>\n<\/div>\n<p>[\/vc_column_text][\/vc_column_inner][vc_column_inner width=\u00bb1\/6&#8243;][vc_single_image image=\u00bb1392&#8243; img_size=\u00bbfull\u00bb alignment=\u00bbcenter\u00bb css=\u00bb.vc_custom_1738686836869{margin-bottom: 15px !important;}\u00bb][vc_custom_heading text=\u00bbServicios Monetarios\u00bb font_container=\u00bbtag:h3|text_align:center\u00bb use_theme_fonts=\u00bbyes\u00bb css=\u00bb\u00bb el_class=\u00bbcolor-white card-title\u00bb][vc_column_text css=\u00bb\u00bb el_class=\u00bbtext-body color-white card-desc\u00bb]<\/p>\n<p class=\"color-white\" style=\"text-align: center;\">Nuestros <a class=\"color-green-lt\" href=\"https:\/\/cash2gofinancial.com\/es\/servicios\/servicios-monetarios\/\">servicios financieros<\/a> son una forma c\u00f3moda de gestionar tus necesidades financieras personales.<\/p>\n<p>[\/vc_column_text][vc_column_text css=\u00bb.vc_custom_1738687465910{margin-bottom: 0px !important;}\u00bb]<\/p>\n<div class=\"service-item-toggle-btn\">\n<div class=\"service-item-box-more-title\">Servicios de Dinero<\/div>\n<div class=\"service-item-box-more\">\n<div>\n<p>Selecciona uno de los servicios a continuaci\u00f3n para obtener m\u00e1s informaci\u00f3n.<\/p><\/div>\n<ul>\n<li><a href=\"https:\/\/cash2gofinancial.com\/es\/servicios\/servicios-monetarios\/#Moneygram\">Moneygram<\/a><\/li>\n<li><a href=\"https:\/\/cash2gofinancial.com\/es\/servicios\/servicios-monetarios\/#WesternUnion\">Western Union<\/a><\/li>\n<li><a href=\"https:\/\/cash2gofinancial.com\/es\/servicios\/servicios-monetarios\/#MoneyOrders\">Giros Postales<\/a><\/li>\n<li><a href=\"https:\/\/cash2gofinancial.com\/es\/servicios\/servicios-monetarios\/#GiftCardRedemption\">Canje de Tarjetas de Regalo<\/a><\/li>\n<li><a href=\"https:\/\/cash2gofinancial.com\/es\/servicios\/servicios-monetarios\/#CreditCardCashAdvance\">Adelantos en Efectivo con Tarjeta de Cr\u00e9dito<\/a><\/li>\n<li><a href=\"https:\/\/cash2gofinancial.com\/es\/servicios\/servicios-monetarios\/#DebitCardUnloads\">Descarga de Tarjetas de D\u00e9bito<\/a><\/li>\n<li><a href=\"https:\/\/cash2gofinancial.com\/es\/servicios\/servicios-monetarios\/#Foreign%20Currency\">Cambio de Moneda Extranjera<\/a><\/li>\n<li><a href=\"https:\/\/cash2gofinancial.com\/es\/servicios\/servicios-monetarios\/#CoinIntoCash\">Convierte Monedas en Efectivo<\/a><\/li>\n<li><a href=\"https:\/\/cash2gofinancial.com\/es\/servicios\/servicios-monetarios\/#RolledCoin\">Monedas Enrolladas<\/a><\/li>\n<li><a href=\"https:\/\/cash2gofinancial.com\/es\/servicios\/servicios-monetarios\/#Bitcoin\">Bitcoin<\/a><\/li>\n<li><a href=\"https:\/\/cash2gofinancial.com\/es\/servicios\/servicios-monetarios\/\">Ir a la p\u00e1gina de Servicios de Dinero<\/a><\/li>\n<\/ul>\n<\/div>\n<\/div>\n<p>[\/vc_column_text][\/vc_column_inner][vc_column_inner width=\u00bb1\/6&#8243;][vc_single_image image=\u00bb1393&#8243; img_size=\u00bbfull\u00bb alignment=\u00bbcenter\u00bb css=\u00bb.vc_custom_1738686841237{margin-bottom: 15px !important;}\u00bb][vc_custom_heading text=\u00bbServicios de Cambio de Cheques\u00bb font_container=\u00bbtag:h3|text_align:center\u00bb use_theme_fonts=\u00bbyes\u00bb css=\u00bb\u00bb el_class=\u00bbcolor-white card-title\u00bb][vc_column_text css=\u00bb\u00bb el_class=\u00bbtext-body color-white card-desc\u00bb]<\/p>\n<p class=\"color-white\" style=\"text-align: center;\">Our <a class=\"color-green-lt\" href=\"https:\/\/cash2gofinancial.com\/es\/servicios\/cobro-de-cheques\/\">check cashing services<\/a> help you turn that piece of paper into spendable cash ASAP.<\/p>\n<p>[\/vc_column_text][vc_column_text css=\u00bb.vc_custom_1738687476841{margin-bottom: 0px !important;}\u00bb]<\/p>\n<div class=\"service-item-toggle-btn\">\n<div class=\"service-item-box-more-title\">Servicios de Cambio de Cheques<\/div>\n<div class=\"service-item-box-more\">\n<div>\n<p>Selecciona uno de los servicios a continuaci\u00f3n para obtener m\u00e1s informaci\u00f3n.<\/p><\/div>\n<ul>\n<li><a href=\"https:\/\/cash2gofinancial.com\/es\/servicios\/cobro-de-cheques\/#DirectDepositGovernmentChecks\">Cheques del Gobierno con Dep\u00f3sito Directo<\/a><\/li>\n<li><a href=\"https:\/\/cash2gofinancial.com\/es\/servicios\/cobro-de-cheques\/#BusinessCheckCashing\">Cambio de Cheques Comerciales<\/a><\/li>\n<li><a href=\"https:\/\/cash2gofinancial.com\/es\/servicios\/cobro-de-cheques\/#PayrollChecks\">Cheques de N\u00f3mina<\/a><\/li>\n<li><a href=\"https:\/\/cash2gofinancial.com\/es\/servicios\/cobro-de-cheques\/\">Ir a la p\u00e1gina de Cambio de Cheques<\/a><\/li>\n<\/ul>\n<\/div>\n<\/div>\n<p>[\/vc_column_text][\/vc_column_inner][vc_column_inner width=\u00bb1\/6&#8243;][vc_single_image image=\u00bb1394&#8243; img_size=\u00bbfull\u00bb alignment=\u00bbcenter\u00bb css=\u00bb.vc_custom_1738687514507{margin-bottom: 15px !important;}\u00bb][vc_custom_heading text=\u00bbServicios de Tarjetas\u00bb font_container=\u00bbtag:h3|text_align:center\u00bb use_theme_fonts=\u00bbyes\u00bb css=\u00bb\u00bb el_class=\u00bbcolor-white card-title\u00bb][vc_column_text css=\u00bb\u00bb el_class=\u00bbtext-body color-white card-desc\u00bb]<\/p>\n<p class=\"color-white\" style=\"text-align: center;\">Nuestros <a class=\"color-green-lt\" href=\"https:\/\/cash2gofinancial.com\/es\/servicios\/servicios-de-tarjetas\/\">servicios de tarjetas<\/a> te permiten acceder a tarjetas de d\u00e9bito prepagadas, Ventra y llamadas telef\u00f3nicas prepagadas.<\/p>\n<p>[\/vc_column_text][vc_column_text css=\u00bb.vc_custom_1738687487474{margin-bottom: 0px !important;}\u00bb]<\/p>\n<div class=\"service-item-toggle-btn\">\n<div class=\"service-item-box-more-title\">Servicios de Tarjetas<\/div>\n<div class=\"service-item-box-more\">\n<div>\n<p>Selecciona uno de los servicios a continuaci\u00f3n para obtener m\u00e1s informaci\u00f3n.<\/p><\/div>\n<ul>\n<li><a href=\"https:\/\/cash2gofinancial.com\/es\/servicios\/servicios-de-tarjetas\/#PrepaidDebitCard\">Tarjetas de D\u00e9bito Prepagadas<\/a><\/li>\n<li><a href=\"https:\/\/cash2gofinancial.com\/es\/servicios\/servicios-de-tarjetas\/#VentraCard\">Tarjeta Ventra<\/a><\/li>\n<li><a href=\"https:\/\/cash2gofinancial.com\/es\/servicios\/servicios-de-tarjetas\/#PrepaidPhoneCards\">Tarjetas telef\u00f3nicas Prepagadas<\/a><\/li>\n<li><a href=\"https:\/\/cash2gofinancial.com\/es\/servicios\/servicios-de-tarjetas\/\">Ir a la p\u00e1gina de Servicios de Tarjetas<\/a><\/li>\n<\/ul>\n<\/div>\n<\/div>\n<p>[\/vc_column_text][\/vc_column_inner][vc_column_inner width=\u00bb1\/6&#8243;][vc_single_image image=\u00bb1395&#8243; img_size=\u00bbfull\u00bb alignment=\u00bbcenter\u00bb css=\u00bb.vc_custom_1738687518642{margin-bottom: 15px !important;}\u00bb][vc_custom_heading text=\u00bbServicios Adicionales\u00bb font_container=\u00bbtag:h3|text_align:center\u00bb use_theme_fonts=\u00bbyes\u00bb css=\u00bb\u00bb el_class=\u00bbcolor-white card-title\u00bb][vc_column_text css=\u00bb\u00bb el_class=\u00bbtext-body color-white card-desc\u00bb]<\/p>\n<p class=\"color-white\" style=\"text-align: center;\">Desde servicios notariales hasta registros civiles, nuestros <a class=\"color-green-lt\" href=\"https:\/\/cash2gofinancial.com\/es\/servicios\/servicios-adicionales\/\">servicios adicionales<\/a> le ayudan con todas sus necesidades documentales.<\/p>\n<p>[\/vc_column_text][vc_column_text css=\u00bb.vc_custom_1738687493978{margin-bottom: 0px !important;}\u00bb]<\/p>\n<div class=\"service-item-toggle-btn\">\n<div class=\"service-item-box-more-title\">todos los servicios adicionales<\/div>\n<div class=\"service-item-box-more\">\n<div>\n<p>Selecciona uno de los servicios a continuaci\u00f3n para obtener m\u00e1s informaci\u00f3n.<\/p><\/div>\n<ul>\n<li><a href=\"https:\/\/cash2gofinancial.com\/es\/servicios\/servicios-adicionales\/#UtilityBillPay\">Pago de Servicios P\u00fablicos<\/a><\/li>\n<li><a href=\"https:\/\/cash2gofinancial.com\/es\/servicios\/servicios-adicionales\/#Notary\">Notar\u00eda<\/a><\/li>\n<li><a href=\"https:\/\/cash2gofinancial.com\/es\/servicios\/servicios-adicionales\/#VitalRecords\">Actas y Registros Vitales<\/a><\/li>\n<li><a href=\"https:\/\/cash2gofinancial.com\/es\/servicios\/servicios-adicionales\/#PostageStamps\">Sellos Postales<\/a><\/li>\n<li><a href=\"https:\/\/cash2gofinancial.com\/es\/servicios\/servicios-adicionales\/#LaminationOfDocuments\">Laminado de Documentos<\/a><\/li>\n<li><a href=\"https:\/\/cash2gofinancial.com\/es\/servicios\/servicios-adicionales\/\">Ir a la p\u00e1gina de Servicios Adicionales<\/a><\/li>\n<\/ul>\n<\/div>\n<\/div>\n<p>[\/vc_column_text][\/vc_column_inner][vc_column_inner el_class=\u00bbrow-cards-blue-col-no-bg\u00bb width=\u00bb1\/6&#8243;][\/vc_column_inner][\/vc_row_inner][\/vc_column][\/vc_row][vc_row css=\u00bb.vc_custom_1738729955253{margin-top: 59px !important;}\u00bb][vc_column][vc_row_inner el_class=\u00bbgap-medium\u00bb][vc_column_inner width=\u00bb1\/2&#8243;][vc_single_image image=\u00bb1497&#8243; img_size=\u00bbfull\u00bb css=\u00bb\u00bb][\/vc_column_inner][vc_column_inner width=\u00bb1\/2&#8243;][vc_column_text css=\u00bb.vc_custom_1738710652659{margin-bottom: 46.5px !important;}\u00bb]<\/p>\n<h2 class=\"color-black-100\">\u00bfPor qu\u00e9 hacer fila si puedes hacerlo aqu\u00ed?<\/h2>\n<p>[\/vc_column_text]\t\t<div class=\"faqs\">\n\t\t\t\t\t\t\t<div class=\"faq\">\n\t\t\t\t\t<div class=\"faq-title\"><h4 class=\"color-blue\">\u00bfNecesito una cita para visitarlo?<\/h4><\/div>\n\t\t\t\t\t<div class=\"faq-desc body-small\">\u00a1No hace falta pedir cita! Solo tienes que pasar por la tienda Cash2Go m\u00e1s cercana y nuestro amable personal te atender\u00e1.<\/div>\n\t\t\t\t<\/div>\n\t\t\t\t\t\t\t<div class=\"faq\">\n\t\t\t\t\t<div class=\"faq-title\"><h4 class=\"color-blue\">\u00bfQu\u00e9 documentos de identidad aceptan?<\/h4><\/div>\n\t\t\t\t\t<div class=\"faq-desc body-small\">Se aceptar\u00e1n documentos de identidad con fotograf\u00eda emitidos por el gobierno, como el permiso de conducir, el pasaporte, un documento de identidad oficial con fotograf\u00eda de otro pa\u00eds, un documento de identidad oficial con fotograf\u00eda del estado, un carn\u00e9 de estudiante con fotograf\u00eda, un carn\u00e9 de trabajo con fotograf\u00eda y otros tipos de documentos de identidad, dependiendo del tipo de transacci\u00f3n.<\/div>\n\t\t\t\t<\/div>\n\t\t\t\t\t\t\t<div class=\"faq\">\n\t\t\t\t\t<div class=\"faq-title\"><h4 class=\"color-blue\">\u00bfQu\u00e9 necesito para enviar dinero a alguien?<\/h4><\/div>\n\t\t\t\t\t<div class=\"faq-desc body-small\">Necesitar\u00e1s:<br><br>El nombre del destinatario tal y como figura en su documento de identidad oficial\nLa ciudad, provincia o estado y el pa\u00eds del destinatario\nTu documento de identidad v\u00e1lido con fotograf\u00eda<\/div>\n\t\t\t\t<\/div>\n\t\t\t\t\t\t\t<div class=\"faq\">\n\t\t\t\t\t<div class=\"faq-title\"><h4 class=\"color-blue\">\u00bfEs seguro un giro postal?<\/h4><\/div>\n\t\t\t\t\t<div class=\"faq-desc body-small\">Un giro postal puede ser una forma m\u00e1s segura y confiable de pagar a otra persona o empresa, as\u00ed como de recibir un pago de otra persona. Un giro postal te proporciona un recibo y una prueba de pago, y permite realizar un seguimiento en caso de que env\u00edes dinero a alguien. Por lo tanto, puede ser m\u00e1s seguro que enviar dinero o pagarle a alguien en efectivo.<\/div>\n\t\t\t\t<\/div>\n\t\t\t\t\t<\/div>\n\n\t[\/vc_column_inner][\/vc_row_inner][\/vc_column][\/vc_row][vc_row css=\u00bb.vc_custom_1738679877923{margin-top: 27px !important;}\u00bb][vc_column][vc_row_inner][vc_column_inner][vc_column_text css=\u00bb.vc_custom_1738680043877{margin-bottom: 0px !important;}\u00bb]<\/p>\n<h2 class=\"color-black-100 text-center\">Razones por las que a nuestros clientes les encanta Cash2Go.<\/h2>\n<p>[\/vc_column_text][vc_column_text css=\u00bb\u00bb el_class=\u00bbsubtitle\u00bb]<\/p>\n<p style=\"text-align: center; margin-top: 14px;\">Con nuestras ubicaciones y horarios convenientes, puedes tener la tranquilidad de saber que tus necesidades financieras se resuelven cuando m\u00e1s las necesites. Estamos en el coraz\u00f3n de cada comunidad.   <\/p>\n<p>[\/vc_column_text][\/vc_column_inner][\/vc_row_inner][vc_row_inner css=\u00bb.vc_custom_1738680183982{margin-top: 9px !important;}\u00bb][vc_column_inner width=\u00bb1\/4&#8243;][vc_single_image image=\u00bb1384&#8243; img_size=\u00bbfull\u00bb alignment=\u00bbcenter\u00bb css=\u00bb.vc_custom_1738680225085{margin-bottom: 18px !important;}\u00bb][vc_custom_heading text=\u00bbUbicaciones convenientes\u00bb font_container=\u00bbtag:h4|text_align:center\u00bb use_theme_fonts=\u00bbyes\u00bb css=\u00bb.vc_custom_1738680360822{margin-bottom: 0px !important;}\u00bb el_class=\u00bbcolor-blue\u00bb][vc_column_text css=\u00bb.vc_custom_1739992628777{margin-bottom: 66px !important;}\u00bb]<\/p>\n<p style=\"text-align: center; margin-top: 10px;\">Ubicados en toda el \u00e1rea metropolitana de Chicago.<\/p>\n<p>[\/vc_column_text][\/vc_column_inner][vc_column_inner width=\u00bb1\/4&#8243;][vc_single_image image=\u00bb1385&#8243; img_size=\u00bbfull\u00bb alignment=\u00bbcenter\u00bb css=\u00bb.vc_custom_1738680229893{margin-bottom: 18px !important;}\u00bb][vc_custom_heading text=\u00bbR\u00e1pido y amable\u00bb font_container=\u00bbtag:h4|text_align:center\u00bb use_theme_fonts=\u00bbyes\u00bb css=\u00bb.vc_custom_1738680365100{margin-bottom: 0px !important;}\u00bb el_class=\u00bbcolor-blue\u00bb][vc_column_text css=\u00bb.vc_custom_1739992638731{margin-bottom: 66px !important;}\u00bb]<\/p>\n<p style=\"text-align: center; margin-top: 10px;\">Estaremos encantados de guiarte a trav\u00e9s de nuestros numerosos servicios convenientes.<\/p>\n<p>[\/vc_column_text][\/vc_column_inner][vc_column_inner width=\u00bb1\/4&#8243;][vc_single_image image=\u00bb1386&#8243; img_size=\u00bbfull\u00bb alignment=\u00bbcenter\u00bb css=\u00bb.vc_custom_1738680234023{margin-bottom: 18px !important;}\u00bb][vc_custom_heading text=\u00bbSoluci\u00f3n integral\u00bb font_container=\u00bbtag:h4|text_align:center\u00bb use_theme_fonts=\u00bbyes\u00bb css=\u00bb.vc_custom_1738680369033{margin-bottom: 0px !important;}\u00bb el_class=\u00bbcolor-blue\u00bb][vc_column_text css=\u00bb.vc_custom_1739992650398{margin-bottom: 66px !important;}\u00bb]<\/p>\n<p style=\"text-align: center; margin-top: 10px;\">Desde licencias de veh\u00edculos hasta necesidades financieras personales, lo cubrimos todo.<\/p>\n<p>[\/vc_column_text][\/vc_column_inner][vc_column_inner width=\u00bb1\/4&#8243;][vc_single_image image=\u00bb1399&#8243; img_size=\u00bbfull\u00bb alignment=\u00bbcenter\u00bb css=\u00bb.vc_custom_1738680239581{margin-bottom: 18px !important;}\u00bb][vc_custom_heading text=\u00bbLimpio y Profesional\u00bb font_container=\u00bbtag:h4|text_align:center\u00bb use_theme_fonts=\u00bbyes\u00bb css=\u00bb.vc_custom_1738680373554{margin-bottom: 0px !important;}\u00bb el_class=\u00bbcolor-blue\u00bb][vc_column_text css=\u00bb.vc_custom_1739992661287{margin-bottom: 66px !important;}\u00bb]<\/p>\n<p style=\"text-align: center; margin-top: 10px;\">Nos enorgullecemos de ofrecer nuestros numerosos servicios con rapidez y eficiencia.<\/p>\n<p>[\/vc_column_text][\/vc_column_inner][\/vc_row_inner][vc_row_inner][vc_column_inner][vc_column_text css=\u00bb.vc_custom_1739992698633{margin-bottom: 0px !important;}\u00bb]<\/p>\n<div style=\"text-align: center;\"><a class=\"btn\" href=\"https:\/\/cash2gofinancial.com\/locations\/\">Encuentra una ubicaci\u00f3n cerca de ti<\/a><\/div>\n<p>[\/vc_column_text][\/vc_column_inner][\/vc_row_inner][\/vc_column][\/vc_row]<\/p>\n<\/div>","protected":false},"excerpt":{"rendered":"<p>[vc_row el_class=\u00bbbg-gary\u00bb][vc_column][vc_row_inner][vc_column_inner][vc_column_text css=\u00bb.vc_custom_1738683043444{margin-bottom: 0px !important;}\u00bb el_class=\u00bbheader-main-section\u00bb] Servicios Cotidianos M\u00e1s Sencillos [\/vc_column_text][vc_column_text css=\u00bb\u00bb el_class=\u00bbsubtitle\u00bb] \u00a1Entra, sal y sigue con tu d\u00eda! [\/vc_column_text][vc_column_text css=\u00bb\u00bb el_class=\u00bbtext-body\u00bb] \u00bfPor qu\u00e9 ir a varios lugares si no es necesario? Ahorra tiempo gestionando todas tus necesidades financieras diarias en un solo lugar: Cash2Go Financial. Nos ocupamos de tus necesidades relacionadas con el [&hellip;]<\/p>\n","protected":false},"author":1,"featured_media":0,"parent":0,"menu_order":0,"comment_status":"closed","ping_status":"closed","template":"","meta":{"_acf_changed":false,"om_disable_all_campaigns":false,"_monsterinsights_skip_tracking":false,"_monsterinsights_sitenote_active":false,"_monsterinsights_sitenote_note":"","_monsterinsights_sitenote_category":0,"footnotes":""},"class_list":["post-1498","page","type-page","status-publish","hentry"],"acf":[],"aioseo_notices":[],"_links":{"self":[{"href":"https:\/\/cash2gofinancial.com\/es\/wp-json\/wp\/v2\/pages\/1498","targetHints":{"allow":["GET"]}}],"collection":[{"href":"https:\/\/cash2gofinancial.com\/es\/wp-json\/wp\/v2\/pages"}],"about":[{"href":"https:\/\/cash2gofinancial.com\/es\/wp-json\/wp\/v2\/types\/page"}],"author":[{"embeddable":true,"href":"https:\/\/cash2gofinancial.com\/es\/wp-json\/wp\/v2\/users\/1"}],"replies":[{"embeddable":true,"href":"https:\/\/cash2gofinancial.com\/es\/wp-json\/wp\/v2\/comments?post=1498"}],"version-history":[{"count":7,"href":"https:\/\/cash2gofinancial.com\/es\/wp-json\/wp\/v2\/pages\/1498\/revisions"}],"predecessor-version":[{"id":1564,"href":"https:\/\/cash2gofinancial.com\/es\/wp-json\/wp\/v2\/pages\/1498\/revisions\/1564"}],"wp:attachment":[{"href":"https:\/\/cash2gofinancial.com\/es\/wp-json\/wp\/v2\/media?parent=1498"}],"curies":[{"name":"wp","href":"https:\/\/api.w.org\/{rel}","templated":true}]}}