{"id":1871,"date":"2025-01-30T01:43:55","date_gmt":"2025-01-30T01:43:55","guid":{"rendered":"https:\/\/cash2gofinancial.com\/blog\/"},"modified":"2026-04-10T15:36:19","modified_gmt":"2026-04-10T15:36:19","slug":"blog","status":"publish","type":"page","link":"https:\/\/cash2gofinancial.com\/es\/blog\/","title":{"rendered":"Blog"},"content":{"rendered":"<div class=\"wpb-content-wrapper\"><p>[vc_row el_class=\u00bbcash-fancy-box-top\u00bb][vc_column][vc_row_inner disable_element=\u00bbyes\u00bb][vc_column_inner][vc_single_image image=\u00bb1383&#8243; img_size=\u00bbfull\u00bb css=\u00bb.vc_custom_1739548952772{margin-bottom: 0px !important;}\u00bb el_class=\u00bbimg-full-width\u00bb][\/vc_column_inner][\/vc_row_inner][\/vc_column][\/vc_row][vc_row el_class=\u00bbcash-fancy-box\u00bb css=\u00bb.vc_custom_1738719270607{margin-top: 65px !important;}\u00bb][vc_column][vc_row_inner][vc_column_inner][vc_masonry_grid post_type=\u00bbpost\u00bb max_items=\u00bb10&#8243; style=\u00bblazy\u00bb show_filter=\u00bbyes\u00bb css=\u00bb\u00bb grid_id=\u00bbvc_gid:1740597290225-86ce335c-c4bf-7&#8243; filter_source=\u00bbcategory\u00bb el_class=\u00bbc2g-post-grid\u00bb][\/vc_column_inner][\/vc_row_inner][vc_row_inner disable_element=\u00bbyes\u00bb][vc_column_inner width=\u00bb1\/2&#8243;][vc_column_text css=\u00bb.vc_custom_1738719139255{margin-top: 0px !important;margin-bottom: 0px !important;}\u00bb]<\/p>\n<h2 class=\"color-blue\" style=\"margin: 0;\">Ayudando a prosperar a las comunidades de Chicago, <span class=\"color-black-100\">una transacci\u00f3n a la vez<\/span><\/h2>\n<p>[\/vc_column_text][vc_column_text css=\u00bb\u00bb el_class=\u00bbsubtitle\u00bb]En Cash2Go Financial, sabemos lo dif\u00edcil que puede ser mantenerte al d\u00eda con tus finanzas mientras tambi\u00e9n completas tus tareas relacionadas con el coche a tiempo. A medida que el mundo se vuelve m\u00e1s complicado, queremos mantener las cosas lo m\u00e1s simples posible.[\/vc_column_text][\/vc_column_inner][vc_column_inner width=\u00bb1\/2&#8243;][vc_column_text css=\u00bb\u00bb]<\/p>\n<p style=\"margin-top: 0;\">Por eso abrimos Cash2Go Financial para ofrecer una amplia gama de servicios financieros convenientes en tiendas ubicadas en los suburbios de Chicago y otras partes del norte de Illinois. Nuestro negocio facilita que particulares y familias gestionen pr\u00e1cticamente cualquier tarea rutinaria que implique dinero, incluyendo transferencias de dinero, cobro de cheques personales y empresariales, pago de facturas de servicios p\u00fablicos, obtenci\u00f3n de tarjetas de d\u00e9bito prepago y m\u00e1s. <\/p>\n<p>[\/vc_column_text][vc_column_text css=\u00bb\u00bb el_class=\u00bbtext-bold\u00bb]Tanto si eres nuevo en la ciudad como si eres nuevo con nosotros, ven a echar un vistazo. Te sorprender\u00e1 la gran diversidad de servicios que ofrecemos cada d\u00eda. Abierto por las tardes y los fines de semana.[\/vc_column_text][\/vc_column_inner][\/vc_row_inner][\/vc_column][\/vc_row][vc_row css=\u00bb.vc_custom_1738719485328{margin-top: 94px !important;}\u00bb][vc_column][vc_row_inner][vc_column_inner width=\u00bb1\/3&#8243;][vc_single_image image=\u00bb1384&#8243; img_size=\u00bbfull\u00bb alignment=\u00bbcenter\u00bb css=\u00bb.vc_custom_1739302897611{margin-bottom: 0px !important;}\u00bb][vc_custom_heading text=\u00bbUbicaciones convenientes\u00bb font_container=\u00bbtag:h4|text_align:center\u00bb use_theme_fonts=\u00bbyes\u00bb css=\u00bb\u00bb el_class=\u00bbcolor-blue\u00bb][vc_column_text css=\u00bb\u00bb el_class=\u00bbbody-small text-hug\u00bb]<\/p>\n<p style=\"text-align: center;\">Ubicados en toda el \u00e1rea metropolitana de Chicago.<\/p>\n<p>[\/vc_column_text][\/vc_column_inner][vc_column_inner width=\u00bb1\/3&#8243;][vc_single_image image=\u00bb1385&#8243; img_size=\u00bbfull\u00bb alignment=\u00bbcenter\u00bb css=\u00bb.vc_custom_1739302907833{margin-bottom: 0px !important;}\u00bb][vc_custom_heading text=\u00bbR\u00e1pido y amable\u00bb font_container=\u00bbtag:h4|text_align:center\u00bb use_theme_fonts=\u00bbyes\u00bb css=\u00bb\u00bb el_class=\u00bbcolor-blue\u00bb][vc_column_text css=\u00bb\u00bb el_class=\u00bbbody-small text-hug\u00bb]<\/p>\n<p style=\"text-align: center;\">Estaremos encantados de guiarte a trav\u00e9s de nuestros numerosos servicios convenientes.<\/p>\n<p>[\/vc_column_text][\/vc_column_inner][vc_column_inner width=\u00bb1\/3&#8243;][vc_single_image image=\u00bb1386&#8243; img_size=\u00bbfull\u00bb alignment=\u00bbcenter\u00bb css=\u00bb.vc_custom_1739302918234{margin-bottom: 0px !important;}\u00bb][vc_custom_heading text=\u00bbSoluci\u00f3n integral\u00bb font_container=\u00bbtag:h4|text_align:center\u00bb use_theme_fonts=\u00bbyes\u00bb css=\u00bb\u00bb el_class=\u00bbcolor-blue\u00bb][vc_column_text css=\u00bb\u00bb el_class=\u00bbbody-small text-hug\u00bb]<\/p>\n<p style=\"text-align: center;\">Desde licencias de veh\u00edculos hasta necesidades financieras personales, lo cubrimos todo.<\/p>\n<p>[\/vc_column_text][\/vc_column_inner][\/vc_row_inner][\/vc_column][\/vc_row][vc_row disable_element=\u00bbyes\u00bb css=\u00bb.vc_custom_1740500313104{margin-top: 74.5px !important;}\u00bb][vc_column][vc_row_inner el_class=\u00bbgap-medium\u00bb][vc_column_inner width=\u00bb1\/2&#8243;][vc_single_image image=\u00bb1387&#8243; img_size=\u00bbfull\u00bb alignment=\u00bbcenter\u00bb css=\u00bb\u00bb el_class=\u00bbimg-full-width\u00bb][\/vc_column_inner][vc_column_inner width=\u00bb1\/2&#8243;][vc_column_text css=\u00bb\u00bb]<\/p>\n<h2 class=\"color-blue\">Redefiniendo la conveniencia <span class=\"color-black-100\">en el cambio de divisas<\/span><\/h2>\n<p>[\/vc_column_text][vc_column_text css=\u00bb\u00bb el_class=\u00bbsubtitle\u00bb]A medida que la tecnolog\u00eda hace que pagar por las cosas sea m\u00e1s complicado, Cash2Go Financial ha mantenido sus servicios simples y f\u00e1ciles de usar para sus clientes.[\/vc_column_text][vc_column_text css=\u00bb\u00bb]Este no es el cambio de divisas de tu abuelo. Somos negocios de barrio donde la gente ocupada puede ocuparse de innumerables tareas rutinarias en un santiam\u00e9n. En la era moderna de hoy, a\u00fan puedes ahorrar tiempo dirigi\u00e9ndote a nuestra ubicaci\u00f3n m\u00e1s cercana. Nuestro equipo estar\u00e1 encantado de ayudarte respondiendo preguntas y ofreciendo asistencia. Docenas de servicios, todo en un solo lugar.    <\/p>\n<p>[\/vc_column_text][vc_column_text css=\u00bb\u00bb]<a class=\"btn\" href=\"https:\/\/cash2gofinancial.com\/es\/servicios\/cobro-de-cheques\/\">Ver nuestros servicios de cobro de cheques<\/a>[\/vc_column_text][\/vc_column_inner][\/vc_row_inner][vc_row_inner css=\u00bb.vc_custom_1738721691241{margin-top: 76px !important;}\u00bb el_class=\u00bbgap-medium reverse-columns-on-small\u00bb][vc_column_inner width=\u00bb1\/2&#8243;][vc_column_text css=\u00bb\u00bb]<\/p>\n<h2 class=\"color-blue\">Ampliando servicios, <span class=\"color-black-100\">fortaleciendo comunidades<\/span><\/h2>\n<p>[\/vc_column_text][vc_column_text css=\u00bb\u00bb el_class=\u00bbsubtitle\u00bb]Las comunidades son m\u00e1s fuertes cuando los residentes tienen una forma f\u00e1cil de acceder a efectivo, pagar facturas puntualmente y ocuparse de necesidades relacionadas con el coche a su alcance.[\/vc_column_text][vc_column_text css=\u00bb\u00bb]No solo ofrecemos servicios financieros. Cada ubicaci\u00f3n de Cash2Go Financial puede ayudarte a ocuparte de tus transferencias de t\u00edtulo, matr\u00edculas y renovaciones de matr\u00edcula con una gama de servicios relacionados con el coche. Olv\u00eddate del DMV. La pr\u00f3xima vez que necesites registrar tu veh\u00edculo o transferir el t\u00edtulo de un coche que vendiste, te tenemos cubierto.   <\/p>\n<p>Con 15 sucursales, muchas abiertas por las noches, fines de semana y festivos, las ubicaciones de Cash2Go se est\u00e1n expandiendo, y tambi\u00e9n las formas en que puedes pagar por nuestros servicios. Ahora puedes ocuparte de tus necesidades por tel\u00e9fono o en persona, y en algunos casos en l\u00ednea o usando la aplicaci\u00f3n Cash2Go. Pasa por tu ubicaci\u00f3n m\u00e1s cercana y saluda. Nuestro equipo estar\u00e1 encantado de explicarte c\u00f3mo funciona todo. \u00a1Te sorprender\u00e1 la cantidad de cosas que puedes lograr bajo un mismo techo![\/vc_column_text][vc_column_text css=\u00bb\u00bb]<a class=\"btn\" href=\"https:\/\/cash2gofinancial.com\/locations\/\">Encuentra una ubicaci\u00f3n cerca de ti<\/a>[\/vc_column_text][\/vc_column_inner][vc_column_inner width=\u00bb1\/2&#8243;][vc_single_image image=\u00bb1388&#8243; img_size=\u00bbfull\u00bb alignment=\u00bbcenter\u00bb css=\u00bb\u00bb el_class=\u00bbimg-full-width\u00bb][\/vc_column_inner][\/vc_row_inner][\/vc_column][\/vc_row][vc_row css=\u00bb.vc_custom_1738721064943{margin-top: 99px !important;}\u00bb][vc_column][vc_row_inner][vc_column_inner][vc_single_image image=\u00bb1389&#8243; img_size=\u00bbfull\u00bb alignment=\u00bbcenter\u00bb css=\u00bb.vc_custom_1738721143529{margin-bottom: 0px !important;}\u00bb][vc_column_text css=\u00bb\u00bb]<\/p>\n<h2 class=\"color-blue text-center\" style=\"margin-top: 25px;\">Chicago habla: <span class=\"color-black-100\">Por qu\u00e9 nos aman<\/span><\/h2>\n<p>[\/vc_column_text]\t\t<div class=\"testimonial-slider\">\n\t\t\t<section class=\"splide\" id=\"splider-testimonial1745\" aria-label=\"Testimonials\">\n\t\t\t  <div class=\"splide__track\">\n\t\t\t\t\t<ul class=\"splide__list\">\n\t\t\t\t\t\t\n\t\t\t\t\t\t\t\t\t\t\t\t\t<li class=\"splide__slide\">\n\t\t\t\t\t\t\t\t\n\t\t\t\t\t\t\t\t<div class=\"testimonial-inner\">\n\t\t\t\t\t\t\t\t\t<div class=\"testimonial-desc\">Vengo a menudo a esta casa de cambio y creo que es la mejor de todas las que hay en los barrios perif\u00e9ricos. Siempre recibo un servicio excelente y r\u00e1pido. Lidia y Gladys son amables, muy simp\u00e1ticas y siempre me echan una mano cuando voy por all\u00ed. Siempre me atienden rapid\u00edsimo. Recomiendo encarecidamente esta casa de cambio.<\/div>\n\t\t\t\t\t\t\t\t\t<div class=\"testimonial-title\">Joey Monaco<\/div>\n\t\t\t\t\t\t\t\t<\/div>\n\t\t\t\t\t\t\t<\/li>\n\t\t\t\t\t\t\t\t\t\t\t\t\t<li class=\"splide__slide\">\n\t\t\t\t\t\t\t\t\n\t\t\t\t\t\t\t\t<div class=\"testimonial-inner\">\n\t\t\t\t\t\t\t\t\t<div class=\"testimonial-desc\">La se\u00f1ora de la recepci\u00f3n fue muy amable y educada, ten\u00eda un gran coraz\u00f3n, y atendi\u00f3 mi solicitud con rapidez y gran eficiencia. Este es el lugar ideal para satisfacer todas tus necesidades. <\/div>\n\t\t\t\t\t\t\t\t\t<div class=\"testimonial-title\">Todor Kobakov<\/div>\n\t\t\t\t\t\t\t\t<\/div>\n\t\t\t\t\t\t\t<\/li>\n\t\t\t\t\t\t\t\t\t\t\t\t\t<li class=\"splide__slide\">\n\t\t\t\t\t\t\t\t\n\t\t\t\t\t\t\t\t<div class=\"testimonial-inner\">\n\t\t\t\t\t\t\t\t\t<div class=\"testimonial-desc\">\u00a1Erika me ha echado una mano hoy y es genial! Hizo que todo fuera f\u00e1cil y sin estr\u00e9s. Se nota que sabe muy bien lo que hace.  <\/div>\n\t\t\t\t\t\t\t\t\t<div class=\"testimonial-title\">Sarah Soderstrom<\/div>\n\t\t\t\t\t\t\t\t<\/div>\n\t\t\t\t\t\t\t<\/li>\n\t\t\t\t\t\t\t\t\t\t\t\t\t<li class=\"splide__slide\">\n\t\t\t\t\t\t\t\t\n\t\t\t\t\t\t\t\t<div class=\"testimonial-inner\">\n\t\t\t\t\t\t\t\t\t<div class=\"testimonial-desc\">Un servicio al cliente excelente. \u00a1Todos se esfuerzan al m\u00e1ximo para responder cualquier pregunta y ayudar a todos y cada uno de los clientes, siempre con una sonrisa!<\/div>\n\t\t\t\t\t\t\t\t\t<div class=\"testimonial-title\">Martha Padilla<\/div>\n\t\t\t\t\t\t\t\t<\/div>\n\t\t\t\t\t\t\t<\/li>\n\t\t\t\t\t\t\t\t\t\t\t\t\t<li class=\"splide__slide\">\n\t\t\t\t\t\t\t\t\n\t\t\t\t\t\t\t\t<div class=\"testimonial-inner\">\n\t\t\t\t\t\t\t\t\t<div class=\"testimonial-desc\">Hoy fui a renovar las placas. Vicky fue muy amable y servicial. \u00a1Eso hizo que tener que pagar m\u00e1s tasas al estado de Illinois resultara un poco menos molesto!  <\/div>\n\t\t\t\t\t\t\t\t\t<div class=\"testimonial-title\">Carrie M.<\/div>\n\t\t\t\t\t\t\t\t<\/div>\n\t\t\t\t\t\t\t<\/li>\n\t\t\t\t\t\t\t\t\t\t\t<\/ul>\n\t\t\t  <\/div>\n\t\t\t<\/section>\n\t\t\t<script>\n\t\t\t\tvar splide = new Splide('#splider-testimonial1745', {\n\t\t\t\t\ttype   : 'loop',\n\t\t\t\t\tautoplay: true,\n\t\t\t\t\tinterval: 5000,\n\t\t\t\t\tpauseOnHover: true,\n\t\t\t\t\tpagination: true,\n\t\t\t\t\tarrows: false,\n\t\t\t\t\tperPage: 1,\n\t\t\t\t\/\/\tfocus    : 'center',\n\t\t\t\t\/\/\tgap: 40,\n  \t\t\t\t\/\/\tautoWidth: true,\n\t\t\t\t\tclasses: {\n\t\t\t\t\t\t\n\t\t\t\t  }\n\t\t\t\t} );\n\t\t\t\tsplide.mount();\n\t\t\t\t\n\t\t\t<\/script>\n\t\t\t\n\t\t<\/div>\n\n\t[\/vc_column_inner][\/vc_row_inner][\/vc_column][\/vc_row]<\/p>\n<\/div>","protected":false},"excerpt":{"rendered":"<p>[vc_row el_class=\u00bbcash-fancy-box-top\u00bb][vc_column][vc_row_inner disable_element=\u00bbyes\u00bb][vc_column_inner][vc_single_image image=\u00bb1383&#8243; img_size=\u00bbfull\u00bb css=\u00bb.vc_custom_1739548952772{margin-bottom: 0px !important;}\u00bb el_class=\u00bbimg-full-width\u00bb][\/vc_column_inner][\/vc_row_inner][\/vc_column][\/vc_row][vc_row el_class=\u00bbcash-fancy-box\u00bb css=\u00bb.vc_custom_1738719270607{margin-top: 65px !important;}\u00bb][vc_column][vc_row_inner][vc_column_inner][vc_masonry_grid post_type=\u00bbpost\u00bb max_items=\u00bb10&#8243; style=\u00bblazy\u00bb show_filter=\u00bbyes\u00bb css=\u00bb\u00bb grid_id=\u00bbvc_gid:1740597290225-86ce335c-c4bf-7&#8243; filter_source=\u00bbcategory\u00bb el_class=\u00bbc2g-post-grid\u00bb][\/vc_column_inner][\/vc_row_inner][vc_row_inner disable_element=\u00bbyes\u00bb][vc_column_inner width=\u00bb1\/2&#8243;][vc_column_text css=\u00bb.vc_custom_1738719139255{margin-top: 0px !important;margin-bottom: 0px !important;}\u00bb] Ayudando a prosperar a las comunidades de Chicago, una transacci\u00f3n a la vez [\/vc_column_text][vc_column_text css=\u00bb\u00bb el_class=\u00bbsubtitle\u00bb]En Cash2Go Financial, sabemos lo dif\u00edcil que puede ser mantenerte al d\u00eda [&hellip;]<\/p>\n","protected":false},"author":1,"featured_media":0,"parent":0,"menu_order":0,"comment_status":"closed","ping_status":"closed","template":"","meta":{"_acf_changed":false,"om_disable_all_campaigns":false,"_monsterinsights_skip_tracking":false,"_monsterinsights_sitenote_active":false,"_monsterinsights_sitenote_note":"","_monsterinsights_sitenote_category":0,"footnotes":""},"class_list":["post-1871","page","type-page","status-publish","hentry"],"acf":[],"aioseo_notices":[],"_links":{"self":[{"href":"https:\/\/cash2gofinancial.com\/es\/wp-json\/wp\/v2\/pages\/1871","targetHints":{"allow":["GET"]}}],"collection":[{"href":"https:\/\/cash2gofinancial.com\/es\/wp-json\/wp\/v2\/pages"}],"about":[{"href":"https:\/\/cash2gofinancial.com\/es\/wp-json\/wp\/v2\/types\/page"}],"author":[{"embeddable":true,"href":"https:\/\/cash2gofinancial.com\/es\/wp-json\/wp\/v2\/users\/1"}],"replies":[{"embeddable":true,"href":"https:\/\/cash2gofinancial.com\/es\/wp-json\/wp\/v2\/comments?post=1871"}],"version-history":[{"count":2,"href":"https:\/\/cash2gofinancial.com\/es\/wp-json\/wp\/v2\/pages\/1871\/revisions"}],"predecessor-version":[{"id":1873,"href":"https:\/\/cash2gofinancial.com\/es\/wp-json\/wp\/v2\/pages\/1871\/revisions\/1873"}],"wp:attachment":[{"href":"https:\/\/cash2gofinancial.com\/es\/wp-json\/wp\/v2\/media?parent=1871"}],"curies":[{"name":"wp","href":"https:\/\/api.w.org\/{rel}","templated":true}]}}