{"id":1889,"date":"2025-01-30T01:45:16","date_gmt":"2025-01-30T01:45:16","guid":{"rendered":"https:\/\/cash2gofinancial.com\/aviso-sobre-accesibilidad\/"},"modified":"2026-04-10T15:44:00","modified_gmt":"2026-04-10T15:44:00","slug":"aviso-sobre-accesibilidad","status":"publish","type":"page","link":"https:\/\/cash2gofinancial.com\/es\/aviso-sobre-accesibilidad\/","title":{"rendered":"Aviso Sobre Accesibilidad"},"content":{"rendered":"<div class=\"wpb-content-wrapper\"><p>[vc_row el_class=\u00bbcash-fancy-box-top\u00bb][vc_column][vc_row_inner][vc_column_inner][\/vc_column_inner][\/vc_row_inner][\/vc_column][\/vc_row][vc_row css=\u00bb.vc_custom_1738719485328{margin-top: 94px !important;}\u00bb][vc_column][vc_row_inner][vc_column_inner][vc_custom_heading text=\u00bbModificaciones de accesibilidad seg\u00fan la ADA\u00bb use_theme_fonts=\u00bbyes\u00bb css=\u00bb\u00bb][vc_column_text css=\u00bb\u00bb]<\/p>\n<p>Mejoramos continuamente nuestros servicios en l\u00ednea para satisfacer mejor las necesidades de todas las personas. Para nosotros es importante ofrecer un entorno sin barreras en nuestro sitio web, accesible para todos los usuarios. Con este fin, hemos actualizado y probado este sitio web y sus elementos para que cumplan con las Pautas de Accesibilidad al Contenido Web (WCAG) 2.0, tal como las ha aceptado y publicado el Consorcio World Wide Web (W3C).  <\/p>\n<p>Este sitio web ha sido dise\u00f1ado para que pueda visualizarse y navegarse con navegadores de solo texto, sin elementos gr\u00e1ficos. El c\u00f3digo implementado en el sitio y sus elementos cumple con los est\u00e1ndares del W3C para CSS y HTML. Todos los navegadores web actuales deber\u00edan poder mostrar el sitio correctamente, y nuestros desarrolladores se esfuerzan por utilizar un c\u00f3digo que tambi\u00e9n sea compatible con los requisitos futuros de los navegadores a medida que la web sigue evolucionando.  <\/p>\n<p>En determinadas situaciones, normalmente debido a cambios tecnol\u00f3gicos, modificaciones en las normas, limitaciones pr\u00e1cticas o c\u00f3digo de terceros, es posible que la accesibilidad, la usabilidad y la compatibilidad no est\u00e9n disponibles de inmediato. Para hacer frente a estas posibles situaciones y ofrecer una mejor experiencia de usuario, este sitio web se somete peri\u00f3dicamente a auditor\u00edas para detectar problemas de compatibilidad y verificar el cumplimiento de las normas y directrices vigentes. <\/p>\n<p>Cuando se notifiquen problemas que sigan sin resolverse, se documentar\u00e1n en un registro de cambios para que los visitantes puedan consultarlos. Este registro de cambios incluir\u00e1 una breve descripci\u00f3n del problema, la fecha en que se notific\u00f3 y el plazo previsto para su resoluci\u00f3n. Las deficiencias menores que no afecten a la navegaci\u00f3n ni al uso del sitio, pero que no puedan resolverse de inmediato, se incluir\u00e1n como cortes\u00eda hacia los usuarios. Los problemas que se hayan resuelto se eliminar\u00e1n del registro de cambios.   <\/p>\n<p>Si detectas alg\u00fan problema de usabilidad en este sitio web, utiliza el formulario que aparece a continuaci\u00f3n para informarnos. Analizaremos el problema, buscaremos soluciones y, si es necesario, lo a\u00f1adiremos al registro de cambios. Tambi\u00e9n puedes informar de los problemas enviando un correo electr\u00f3nico a <a href=\"mailto:info@cash2gofinancial.com\" data-uw-styling-context=\"true\">info@cash2gofinancial.com<\/a>. Por favor, limita tu correo electr\u00f3nico a cuestiones relacionadas con la usabilidad del sitio web.   <\/p>\n<p>REGISTRO DE CAMBIOS ACTUAL: No hay incidencias pendientes a fecha de octubre de 2019<\/p>\n<p>[\/vc_column_text][\/vc_column_inner][\/vc_row_inner][\/vc_column][\/vc_row]<\/p>\n<\/div>","protected":false},"excerpt":{"rendered":"<p>[vc_row el_class=\u00bbcash-fancy-box-top\u00bb][vc_column][vc_row_inner][vc_column_inner][\/vc_column_inner][\/vc_row_inner][\/vc_column][\/vc_row][vc_row css=\u00bb.vc_custom_1738719485328{margin-top: 94px !important;}\u00bb][vc_column][vc_row_inner][vc_column_inner][vc_custom_heading text=\u00bbModificaciones de accesibilidad seg\u00fan la ADA\u00bb use_theme_fonts=\u00bbyes\u00bb css=\u00bb\u00bb][vc_column_text css=\u00bb\u00bb] Mejoramos continuamente nuestros servicios en l\u00ednea para satisfacer mejor las necesidades de todas las personas. Para nosotros es importante ofrecer un entorno sin barreras en nuestro sitio web, accesible para todos los usuarios. Con este fin, hemos actualizado y probado este [&hellip;]<\/p>\n","protected":false},"author":1,"featured_media":1888,"parent":0,"menu_order":0,"comment_status":"closed","ping_status":"closed","template":"","meta":{"_acf_changed":false,"om_disable_all_campaigns":false,"_monsterinsights_skip_tracking":false,"_monsterinsights_sitenote_active":false,"_monsterinsights_sitenote_note":"","_monsterinsights_sitenote_category":0,"footnotes":""},"class_list":["post-1889","page","type-page","status-publish","has-post-thumbnail","hentry"],"acf":[],"aioseo_notices":[],"_links":{"self":[{"href":"https:\/\/cash2gofinancial.com\/es\/wp-json\/wp\/v2\/pages\/1889","targetHints":{"allow":["GET"]}}],"collection":[{"href":"https:\/\/cash2gofinancial.com\/es\/wp-json\/wp\/v2\/pages"}],"about":[{"href":"https:\/\/cash2gofinancial.com\/es\/wp-json\/wp\/v2\/types\/page"}],"author":[{"embeddable":true,"href":"https:\/\/cash2gofinancial.com\/es\/wp-json\/wp\/v2\/users\/1"}],"replies":[{"embeddable":true,"href":"https:\/\/cash2gofinancial.com\/es\/wp-json\/wp\/v2\/comments?post=1889"}],"version-history":[{"count":2,"href":"https:\/\/cash2gofinancial.com\/es\/wp-json\/wp\/v2\/pages\/1889\/revisions"}],"predecessor-version":[{"id":1891,"href":"https:\/\/cash2gofinancial.com\/es\/wp-json\/wp\/v2\/pages\/1889\/revisions\/1891"}],"wp:featuredmedia":[{"embeddable":true,"href":"https:\/\/cash2gofinancial.com\/es\/wp-json\/wp\/v2\/media\/1888"}],"wp:attachment":[{"href":"https:\/\/cash2gofinancial.com\/es\/wp-json\/wp\/v2\/media?parent=1889"}],"curies":[{"name":"wp","href":"https:\/\/api.w.org\/{rel}","templated":true}]}}