{"id":1625,"date":"2025-01-29T04:56:40","date_gmt":"2025-01-29T04:56:40","guid":{"rendered":"https:\/\/cash2gofinancial.com\/uslugi\/"},"modified":"2026-04-03T20:38:17","modified_gmt":"2026-04-03T20:38:17","slug":"uslugi","status":"publish","type":"page","link":"https:\/\/cash2gofinancial.com\/pl\/uslugi\/","title":{"rendered":"Us\u0142ugi"},"content":{"rendered":"<div class=\"wpb-content-wrapper\"><p>[vc_row el_class=&#8221;bg-gary&#8221;][vc_column][vc_row_inner][vc_column_inner][vc_column_text css=&#8221;.vc_custom_1738683043444{margin-bottom: 0px !important;}&#8221; el_class=&#8221;header-main-section&#8221;]<\/p>\n<h1 class=\"header-main-section text-center color-blue\">Codzienne us\u0142ugi bez komplikacji<\/h1>\n<p>[\/vc_column_text][vc_column_text css=&#8221;&#8221; el_class=&#8221;subtitle&#8221;]<\/p>\n<p style=\"text-align: center; margin-top: 25px;\">Wejd\u017a, za\u0142atw spraw\u0119 i wracaj do swojego dnia!<\/p>\n<p>[\/vc_column_text][vc_column_text css=&#8221;&#8221; el_class=&#8221;text-body&#8221;]<\/p>\n<p style=\"text-align: center;\">Po co chodzi\u0107 do wielu miejsc, skoro nie musisz? Oszcz\u0119dzaj czas, za\u0142atwiaj\u0105c wszystkie codzienne potrzeby finansowe w jednej lokalizacji: Cash2Go Financial. Zajmujemy si\u0119 sprawami motoryzacyjnymi, us\u0142ugami kart debetowych i wieloma innymi. Nasze elastyczne godziny pracy i wygodne lokalizacje pozwalaj\u0105 Ci sp\u0119dza\u0107 wi\u0119cej czasu na tym, co kochasz.   <\/p>\n<p>[\/vc_column_text][\/vc_column_inner][\/vc_row_inner][\/vc_column][\/vc_row][vc_row el_class=&#8221;cash-fancy-box-open-bottom bg-gary&#8221; css=&#8221;.vc_custom_1738685905250{padding-top: 47px !important;padding-bottom: 65px !important;}&#8221;][vc_column][vc_row_inner css=&#8221;.vc_custom_1738685023688{margin-top: 51.1px !important;padding-bottom: 26.5px !important;}&#8221;][vc_column_inner el_class=&#8221;cash-fancy-box-col-open-bottom&#8221; width=&#8221;5\/6&#8243;][vc_custom_heading text=&#8221;Masz do\u015b\u0107 problem\u00f3w z bankiem lub DMV?&#8221; font_container=&#8221;tag:h3|text_align:left&#8221; use_theme_fonts=&#8221;yes&#8221; css=&#8221;&#8221; el_class=&#8221;color-blue&#8221;][vc_column_text css=&#8221;&#8221; el_class=&#8221;subtitle&#8221;]Nie odk\u0142adaj spraw zwi\u0105zanych z pojazdem! W Cash2Go Financial istnieje \u0142atwiejszy spos\u00f3b na zarz\u0105dzanie wszystkimi naklejkami i terminami. Je\u015bli mieszkasz w rejonie Chicagoland, op\u0142aca si\u0119 dzia\u0142a\u0107 zgodnie z prawem. Niezale\u017cnie od tego, czy korzystasz z transportu publicznego, czy w\u0142asnego pojazdu, wygodne opcje p\u0142atno\u015bci w jednej z naszych lokalizacji u\u0142atwi\u0105 Ci podr\u00f3\u017c.[\/vc_column_text][\/vc_column_inner][vc_column_inner width=&#8221;1\/6&#8243;][vc_single_image image=&#8221;1623&#8243; img_size=&#8221;full&#8221; alignment=&#8221;center&#8221; css=&#8221;&#8221;][\/vc_column_inner][\/vc_row_inner][\/vc_column][\/vc_row][vc_row css=&#8221;.vc_custom_1738686003620{margin-top: 60px !important;}&#8221;][vc_column][vc_row_inner][vc_column_inner][vc_column_text css=&#8221;.vc_custom_1738686042236{margin-bottom: 0px !important;}&#8221; el_class=&#8221;header-main-section&#8221;]<\/p>\n<h1 class=\"header-main-section text-center color-blue\">Upro\u015b\u0107 swoje codzienne sprawy<\/h1>\n<p>[\/vc_column_text][vc_column_text css=&#8221;&#8221; el_class=&#8221;subtitle&#8221;]<\/p>\n<p style=\"text-align: center; margin-top: 25px;\">Naszym celem jest zapewnienie najwy\u017cszej jako\u015bci us\u0142ug finansowych i dokumentacyjnych oraz pomoc w innych codziennych zadaniach w komfortowym \u015brodowisku, tak efektywnie, jak to mo\u017cliwe.<\/p>\n<p>[\/vc_column_text][vc_column_text css=&#8221;&#8221; el_class=&#8221;text-body&#8221;]<\/p>\n<p style=\"text-align: center;\">Nie powiniene\u015b odwiedza\u0107 wielu miejsc, aby za\u0142atwi\u0107 rutynowe sprawy finansowe. W Cash2Go nie musisz. Zajmiemy si\u0119 wszystkim \u2013 w jednym miejscu.  <\/p>\n<p>[\/vc_column_text][\/vc_column_inner][\/vc_row_inner][\/vc_column][\/vc_row][vc_row css=&#8221;.vc_custom_1738686199115{margin-top: 25px !important;}&#8221;][vc_column][vc_row_inner equal_height=&#8221;yes&#8221; el_class=&#8221;row-cards-blue&#8221;][vc_column_inner width=&#8221;1\/6&#8243;][vc_single_image image=&#8221;1584&#8243; img_size=&#8221;full&#8221; alignment=&#8221;center&#8221; css=&#8221;.vc_custom_1738686832359{margin-bottom: 15px !important;}&#8221;][vc_custom_heading text=&#8221;Us\u0142ugi pojazdowe&#8221; font_container=&#8221;tag:h3|text_align:center&#8221; use_theme_fonts=&#8221;yes&#8221; css=&#8221;&#8221; el_class=&#8221;color-white card-title&#8221;][vc_column_text css=&#8221;&#8221; el_class=&#8221;text-body color-white card-desc&#8221;]<\/p>\n<p class=\"color-white\" style=\"text-align: center;\"><a class=\"color-green-lt\" href=\"https:\/\/cash2gofinancial.com\/pl\/uslugi\/uslugi-pojazdowe\/\">Nasze us\u0142ugi zwi\u0105zane z pojazdami to szybki i wygodny spos\u00f3b, aby omin\u0105\u0107 d\u0142ugie kolejki i frustracje w DMV<\/a><\/p>\n<p>[\/vc_column_text][vc_column_text css=&#8221;.vc_custom_1738687458077{margin-bottom: 0px !important;}&#8221;]<\/p>\n<div class=\"service-item-toggle-btn\">\n<div class=\"service-item-box-more-title\">Us\u0142ugi pojazdowe<\/div>\n<div class=\"service-item-box-more\">\n<div>\n<p>Wybierz us\u0142ug\u0119 poni\u017cej, aby dowiedzie\u0107 si\u0119 wi\u0119cej.<\/p><\/div>\n<ul>\n<li><a href=\"https:\/\/cash2gofinancial.com\/pl\/uslugi\/uslugi-pojazdowe\/#LicensePlateRenewals\">Odnowienie tablic rejestracyjnych<\/a><\/li>\n<li><a href=\"https:\/\/cash2gofinancial.com\/pl\/uslugi\/uslugi-pojazdowe\/#TitleTransfersAndPlates\">Przeniesienie tytu\u0142u w\u0142asno\u015bci i tablice<\/a><\/li>\n<li><a href=\"https:\/\/cash2gofinancial.com\/pl\/uslugi\/uslugi-pojazdowe\/#BoatRegistration\">Rejestracja \u0142odzi<\/a><\/li>\n<li><a href=\"https:\/\/cash2gofinancial.com\/pl\/uslugi\/uslugi-pojazdowe\/#TrailerRegistration\">Rejestracja przyczep<\/a><\/li>\n<li><a href=\"https:\/\/cash2gofinancial.com\/pl\/uslugi\/uslugi-pojazdowe\/#SnowmobileRegistration\">Rejestracja skuter\u00f3w \u015bnie\u017cnych<\/a><\/li>\n<li><a href=\"https:\/\/cash2gofinancial.com\/pl\/uslugi\/uslugi-pojazdowe\/#CityStickers\">Naklejki miejskie<\/a><\/li>\n<li><a href=\"https:\/\/cash2gofinancial.com\/pl\/uslugi\/uslugi-pojazdowe\/#SpecialtyPlates\">Tablice specjalne<\/a><\/li>\n<li><a href=\"https:\/\/cash2gofinancial.com\/pl\/uslugi\/uslugi-pojazdowe\/\">Przejd\u017a do strony us\u0142ug pojazdowych<\/a><\/li>\n<\/ul>\n<\/div>\n<\/div>\n<p>[\/vc_column_text][\/vc_column_inner][vc_column_inner width=&#8221;1\/6&#8243;][vc_single_image image=&#8221;1585&#8243; img_size=&#8221;full&#8221; alignment=&#8221;center&#8221; css=&#8221;.vc_custom_1738686836869{margin-bottom: 15px !important;}&#8221;][vc_custom_heading text=&#8221;Us\u0142ugi finansowe&#8221; font_container=&#8221;tag:h3|text_align:center&#8221; use_theme_fonts=&#8221;yes&#8221; css=&#8221;&#8221; el_class=&#8221;color-white card-title&#8221;][vc_column_text css=&#8221;&#8221; el_class=&#8221;text-body color-white card-desc&#8221;]<\/p>\n<p class=\"color-white\" style=\"text-align: center;\"><a class=\"color-green-lt\" href=\"https:\/\/cash2gofinancial.com\/pl\/uslugi\/uslugi-finansowe\/\">Nasze us\u0142ugi finansowe to wygodny spos\u00f3b zarz\u0105dzania osobistymi finansami.<\/a><\/p>\n<p>[\/vc_column_text][vc_column_text css=&#8221;.vc_custom_1738687465910{margin-bottom: 0px !important;}&#8221;]<\/p>\n<div class=\"service-item-toggle-btn\">\n<div class=\"service-item-box-more-title\">Us\u0142ugi finansowe<\/div>\n<div class=\"service-item-box-more\">\n<div>\n<p>Wybierz us\u0142ug\u0119 poni\u017cej, aby dowiedzie\u0107 si\u0119 wi\u0119cej.<\/p><\/div>\n<ul>\n<li><a href=\"https:\/\/cash2gofinancial.com\/pl\/uslugi\/uslugi-finansowe\/#Moneygram\">Moneygram<\/a><\/li>\n<li><a href=\"https:\/\/cash2gofinancial.com\/pl\/uslugi\/uslugi-finansowe\/#WesternUnion\">Western Union<\/a><\/li>\n<li><a href=\"https:\/\/cash2gofinancial.com\/pl\/uslugi\/uslugi-finansowe\/#MoneyOrders\">Przekazy pieni\u0119\u017cne<\/a><\/li>\n<li><a href=\"https:\/\/cash2gofinancial.com\/pl\/uslugi\/uslugi-finansowe\/#GiftCardRedemption\">Realizacja kart podarunkowych<\/a><\/li>\n<li><a href=\"https:\/\/cash2gofinancial.com\/pl\/uslugi\/uslugi-finansowe\/#CreditCardCashAdvance\">Wyp\u0142ata got\u00f3wki z karty kredytowej<\/a><\/li>\n<li><a href=\"https:\/\/cash2gofinancial.com\/pl\/uslugi\/uslugi-finansowe\/#DebitCardUnloads\">Wyp\u0142aty z karty debetowej<\/a><\/li>\n<li><a href=\"https:\/\/cash2gofinancial.com\/pl\/uslugi\/uslugi-finansowe\/#Foreign%20Currency\">Waluty obce<\/a><\/li>\n<li><a href=\"https:\/\/cash2gofinancial.com\/pl\/uslugi\/uslugi-finansowe\/#CoinIntoCash\">Zamiana monet na got\u00f3wk\u0119<\/a><\/li>\n<li><a href=\"https:\/\/cash2gofinancial.com\/pl\/uslugi\/uslugi-finansowe\/#RolledCoin\">Zrolowane monety<\/a><\/li>\n<li><a href=\"https:\/\/cash2gofinancial.com\/pl\/uslugi\/uslugi-finansowe\/#Bitcoin\">Bitcoin<\/a><\/li>\n<li><a href=\"https:\/\/cash2gofinancial.com\/pl\/uslugi\/uslugi-finansowe\/\">Przejd\u017a do strony us\u0142ug finansowych<\/a><\/li>\n<\/ul>\n<\/div>\n<\/div>\n<p>[\/vc_column_text][\/vc_column_inner][vc_column_inner width=&#8221;1\/6&#8243;][vc_single_image image=&#8221;1586&#8243; img_size=&#8221;full&#8221; alignment=&#8221;center&#8221; css=&#8221;.vc_custom_1738686841237{margin-bottom: 15px !important;}&#8221;][vc_custom_heading text=&#8221;Realizacja czek\u00f3w&#8221; font_container=&#8221;tag:h3|text_align:center&#8221; use_theme_fonts=&#8221;yes&#8221; css=&#8221;&#8221; el_class=&#8221;color-white card-title&#8221;][vc_column_text css=&#8221;&#8221; el_class=&#8221;text-body color-white card-desc&#8221;]<\/p>\n<p class=\"color-white\" style=\"text-align: center;\"><a class=\"color-green-lt\" href=\"https:\/\/cash2gofinancial.com\/pl\/uslugi\/realizacja-czekow\/\">Nasze us\u0142ugi realizacji czek\u00f3w pomagaj\u0105 szybko zamieni\u0107 papier na got\u00f3wk\u0119.<\/a><\/p>\n<p>[\/vc_column_text][vc_column_text css=&#8221;.vc_custom_1738687476841{margin-bottom: 0px !important;}&#8221;]<\/p>\n<div class=\"service-item-toggle-btn\">\n<div class=\"service-item-box-more-title\">Realizacja czek\u00f3w<\/div>\n<div class=\"service-item-box-more\">\n<div>\n<p>Wybierz us\u0142ug\u0119 poni\u017cej, aby dowiedzie\u0107 si\u0119 wi\u0119cej.<\/p><\/div>\n<ul>\n<li><a href=\"https:\/\/cash2gofinancial.com\/pl\/uslugi\/realizacja-czekow\/#DirectDepositGovernmentChecks\">Rz\u0105dowe czeki z bezpo\u015bredniego depozytu<\/a><\/li>\n<li><a href=\"https:\/\/cash2gofinancial.com\/pl\/uslugi\/realizacja-czekow\/#BusinessCheckCashing\">Realizacja czek\u00f3w firmowych<\/a><\/li>\n<li><a href=\"https:\/\/cash2gofinancial.com\/pl\/uslugi\/realizacja-czekow\/#PayrollChecks\">Czeki p\u0142acowe<\/a><\/li>\n<li><a href=\"https:\/\/cash2gofinancial.com\/pl\/uslugi\/realizacja-czekow\/\">Przejd\u017a do strony realizacji czek\u00f3w<\/a><\/li>\n<\/ul>\n<\/div>\n<\/div>\n<p>[\/vc_column_text][\/vc_column_inner][vc_column_inner width=&#8221;1\/6&#8243;][vc_single_image image=&#8221;1587&#8243; img_size=&#8221;full&#8221; alignment=&#8221;center&#8221; css=&#8221;.vc_custom_1738687514507{margin-bottom: 15px !important;}&#8221;][vc_custom_heading text=&#8221;Us\u0142ugi kartowe&#8221; font_container=&#8221;tag:h3|text_align:center&#8221; use_theme_fonts=&#8221;yes&#8221; css=&#8221;&#8221; el_class=&#8221;color-white card-title&#8221;][vc_column_text css=&#8221;&#8221; el_class=&#8221;text-body color-white card-desc&#8221;]<\/p>\n<p class=\"color-white\" style=\"text-align: center;\"><a class=\"color-green-lt\" href=\"https:\/\/cash2gofinancial.com\/pl\/uslugi\/uslugi-kartowe\/\">Nasze us\u0142ugi kart daj\u0105 dost\u0119p do przedp\u0142aconych kart debetowych, Ventra oraz przedp\u0142aconych po\u0142\u0105cze\u0144 telefonicznych.<\/a><\/p>\n<p>[\/vc_column_text][vc_column_text css=&#8221;.vc_custom_1738687487474{margin-bottom: 0px !important;}&#8221;]<\/p>\n<div class=\"service-item-toggle-btn\">\n<div class=\"service-item-box-more-title\">Us\u0142ugi kartowe<\/div>\n<div class=\"service-item-box-more\">\n<div>\n<p>Wybierz us\u0142ug\u0119 poni\u017cej, aby dowiedzie\u0107 si\u0119 wi\u0119cej.<\/p><\/div>\n<ul>\n<li><a href=\"https:\/\/cash2gofinancial.com\/pl\/uslugi\/uslugi-kartowe\/#PrepaidDebitCard\">Przedp\u0142acona karta debetowa<\/a><\/li>\n<li><a href=\"https:\/\/cash2gofinancial.com\/pl\/uslugi\/uslugi-kartowe\/#VentraCard\">Karta Ventra<\/a><\/li>\n<li><a href=\"https:\/\/cash2gofinancial.com\/pl\/uslugi\/uslugi-kartowe\/#PrepaidPhoneCards\">Przedp\u0142acone karty telefoniczne<\/a><\/li>\n<li><a href=\"https:\/\/cash2gofinancial.com\/pl\/uslugi\/uslugi-kartowe\/\">Przejd\u017a do strony us\u0142ug kartowych<\/a><\/li>\n<\/ul>\n<\/div>\n<\/div>\n<p>[\/vc_column_text][\/vc_column_inner][vc_column_inner width=&#8221;1\/6&#8243;][vc_single_image image=&#8221;1588&#8243; img_size=&#8221;full&#8221; alignment=&#8221;center&#8221; css=&#8221;.vc_custom_1738687518642{margin-bottom: 15px !important;}&#8221;][vc_custom_heading text=&#8221;Dodatkowe us\u0142ugi&#8221; font_container=&#8221;tag:h3|text_align:center&#8221; use_theme_fonts=&#8221;yes&#8221; css=&#8221;&#8221; el_class=&#8221;color-white card-title&#8221;][vc_column_text css=&#8221;&#8221; el_class=&#8221;text-body color-white card-desc&#8221;]<\/p>\n<p class=\"color-white\" style=\"text-align: center;\">Od notariuszy po dokumenty urz\u0119dowe \u2013 nasze <a class=\"color-green-lt\" href=\"https:\/\/cash2gofinancial.com\/pl\/uslugi\/dodatkowe-uslugi\/\">dodatkowe us\u0142ugi<\/a> pomagaj\u0105 we wszystkich potrzebach dokumentacyjnych.<\/p>\n<p>[\/vc_column_text][vc_column_text css=&#8221;.vc_custom_1738687493978{margin-bottom: 0px !important;}&#8221;]<\/p>\n<div class=\"service-item-toggle-btn\">\n<div class=\"service-item-box-more-title\">Wszystkie us\u0142ugi dodatkowe<\/div>\n<div class=\"service-item-box-more\">\n<div>\n<p>Wybierz us\u0142ug\u0119 poni\u017cej, aby dowiedzie\u0107 si\u0119 wi\u0119cej.<\/p><\/div>\n<ul>\n<li><a href=\"https:\/\/cash2gofinancial.com\/pl\/uslugi\/dodatkowe-uslugi\/#UtilityBillPay\">Op\u0142acanie rachunk\u00f3w za media<\/a><\/li>\n<li><a href=\"https:\/\/cash2gofinancial.com\/pl\/uslugi\/dodatkowe-uslugi\/#Notary\">Notariusz<\/a><\/li>\n<li><a href=\"https:\/\/cash2gofinancial.com\/pl\/uslugi\/dodatkowe-uslugi\/#VitalRecords\">Akta stanu cywilnego<\/a><\/li>\n<li><a href=\"https:\/\/cash2gofinancial.com\/pl\/uslugi\/dodatkowe-uslugi\/#PostageStamps\">Znaczki pocztowe<\/a><\/li>\n<li><a href=\"https:\/\/cash2gofinancial.com\/pl\/uslugi\/dodatkowe-uslugi\/#LaminationOfDocuments\">Laminowanie dokument\u00f3w<\/a><\/li>\n<li><a href=\"https:\/\/cash2gofinancial.com\/pl\/uslugi\/dodatkowe-uslugi\/\">Przejd\u017a do strony dodatkowych us\u0142ug<\/a><\/li>\n<\/ul>\n<\/div>\n<\/div>\n<p>[\/vc_column_text][\/vc_column_inner][vc_column_inner el_class=&#8221;row-cards-blue-col-no-bg&#8221; width=&#8221;1\/6&#8243;][\/vc_column_inner][\/vc_row_inner][\/vc_column][\/vc_row][vc_row css=&#8221;.vc_custom_1738729955253{margin-top: 59px !important;}&#8221;][vc_column][vc_row_inner el_class=&#8221;gap-medium&#8221;][vc_column_inner width=&#8221;1\/2&#8243;][vc_single_image image=&#8221;1624&#8243; img_size=&#8221;full&#8221; css=&#8221;&#8221;][\/vc_column_inner][vc_column_inner width=&#8221;1\/2&#8243;][vc_column_text css=&#8221;.vc_custom_1738710652659{margin-bottom: 46.5px !important;}&#8221;]<\/p>\n<h2 class=\"color-black-100\">Po co czeka\u0107 w kolejce, skoro mo\u017cesz to za\u0142atwi\u0107 tutaj?<\/h2>\n<p>[\/vc_column_text]\t\t<div class=\"faqs\">\n\t\t\t\t\t<\/div>\n\n\t[\/vc_column_inner][\/vc_row_inner][\/vc_column][\/vc_row][vc_row css=&#8221;.vc_custom_1738679877923{margin-top: 27px !important;}&#8221;][vc_column][vc_row_inner][vc_column_inner][vc_column_text css=&#8221;.vc_custom_1738680043877{margin-bottom: 0px !important;}&#8221;]<\/p>\n<h2 class=\"color-black-100 text-center\">Mamy \u015bwietne powody, dla kt\u00f3rych ludzie nas uwielbiaj\u0105<\/h2>\n<p>[\/vc_column_text][vc_column_text css=&#8221;&#8221; el_class=&#8221;subtitle&#8221;]<\/p>\n<p style=\"text-align: center; margin-top: 14px;\">Dzi\u0119ki naszym lokalizacjom z dogodnymi godzinami otwarcia mo\u017cesz by\u0107 spokojny, wiedz\u0105c, \u017ce Twoje potrzeby finansowe zostan\u0105 za\u0142atwione wtedy, gdy najbardziej tego potrzebujesz. Jeste\u015bmy w sercu ka\u017cdej spo\u0142eczno\u015bci. Nie wierzysz? Przekonaj si\u0119 sam.   <\/p>\n<p>[\/vc_column_text][\/vc_column_inner][\/vc_row_inner][vc_row_inner css=&#8221;.vc_custom_1738680183982{margin-top: 9px !important;}&#8221;][vc_column_inner width=&#8221;1\/4&#8243;][vc_single_image image=&#8221;1592&#8243; img_size=&#8221;full&#8221; alignment=&#8221;center&#8221; css=&#8221;.vc_custom_1738680225085{margin-bottom: 18px !important;}&#8221;][vc_custom_heading text=&#8221;Dogodne lokalizacje&#8221; font_container=&#8221;tag:h4|text_align:center&#8221; use_theme_fonts=&#8221;yes&#8221; css=&#8221;.vc_custom_1738680360822{margin-bottom: 0px !important;}&#8221; el_class=&#8221;color-blue&#8221;][vc_column_text css=&#8221;.vc_custom_1739992628777{margin-bottom: 66px !important;}&#8221;]<\/p>\n<p style=\"text-align: center; margin-top: 10px;\">Zlokalizowane w ca\u0142ym obszarze metropolitalnym Chicago.<\/p>\n<p>[\/vc_column_text][\/vc_column_inner][vc_column_inner width=&#8221;1\/4&#8243;][vc_single_image image=&#8221;1593&#8243; img_size=&#8221;full&#8221; alignment=&#8221;center&#8221; css=&#8221;.vc_custom_1738680229893{margin-bottom: 18px !important;}&#8221;][vc_custom_heading text=&#8221;Szybko i przyja\u017anie&#8221; font_container=&#8221;tag:h4|text_align:center&#8221; use_theme_fonts=&#8221;yes&#8221; css=&#8221;.vc_custom_1738680365100{margin-bottom: 0px !important;}&#8221; el_class=&#8221;color-blue&#8221;][vc_column_text css=&#8221;.vc_custom_1739992638731{margin-bottom: 66px !important;}&#8221;]<\/p>\n<p style=\"text-align: center; margin-top: 10px;\">Ch\u0119tnie przeprowadzimy Ci\u0119 przez nasze wygodne us\u0142ugi.<\/p>\n<p>[\/vc_column_text][\/vc_column_inner][vc_column_inner width=&#8221;1\/4&#8243;][vc_single_image image=&#8221;1594&#8243; img_size=&#8221;full&#8221; alignment=&#8221;center&#8221; css=&#8221;.vc_custom_1738680234023{margin-bottom: 18px !important;}&#8221;][vc_custom_heading text=&#8221;Kompleksowe rozwi\u0105zanie&#8221; font_container=&#8221;tag:h4|text_align:center&#8221; use_theme_fonts=&#8221;yes&#8221; css=&#8221;.vc_custom_1738680369033{margin-bottom: 0px !important;}&#8221; el_class=&#8221;color-blue&#8221;][vc_column_text css=&#8221;.vc_custom_1739992650398{margin-bottom: 66px !important;}&#8221;]<\/p>\n<p style=\"text-align: center; margin-top: 10px;\">Od spraw zwi\u0105zanych z rejestracj\u0105 pojazd\u00f3w po finanse osobiste \u2013 mamy wszystko.<\/p>\n<p>[\/vc_column_text][\/vc_column_inner][vc_column_inner width=&#8221;1\/4&#8243;][vc_single_image image=&#8221;1595&#8243; img_size=&#8221;full&#8221; alignment=&#8221;center&#8221; css=&#8221;.vc_custom_1738680239581{margin-bottom: 18px !important;}&#8221;][vc_custom_heading text=&#8221;Czysto i profesjonalnie&#8221; font_container=&#8221;tag:h4|text_align:center&#8221; use_theme_fonts=&#8221;yes&#8221; css=&#8221;.vc_custom_1738680373554{margin-bottom: 0px !important;}&#8221; el_class=&#8221;color-blue&#8221;][vc_column_text css=&#8221;.vc_custom_1739992661287{margin-bottom: 66px !important;}&#8221;]<\/p>\n<p style=\"text-align: center; margin-top: 10px;\">Jeste\u015bmy dumni z tego, \u017ce \u015bwiadczymy nasze us\u0142ugi szybko i sprawnie.<\/p>\n<p>[\/vc_column_text][\/vc_column_inner][\/vc_row_inner][vc_row_inner][vc_column_inner][vc_column_text css=&#8221;.vc_custom_1739992698633{margin-bottom: 0px !important;}&#8221;]<\/p>\n<div style=\"text-align: center;\"><a class=\"btn\" href=\"https:\/\/cash2gofinancial.com\/locations\/\">Znajd\u017a lokalizacj\u0119 w pobli\u017cu<\/a><\/div>\n<p>[\/vc_column_text][\/vc_column_inner][\/vc_row_inner][\/vc_column][\/vc_row]<\/p>\n<\/div>","protected":false},"excerpt":{"rendered":"<p>[vc_row el_class=&#8221;bg-gary&#8221;][vc_column][vc_row_inner][vc_column_inner][vc_column_text css=&#8221;.vc_custom_1738683043444{margin-bottom: 0px !important;}&#8221; el_class=&#8221;header-main-section&#8221;] Codzienne us\u0142ugi bez komplikacji [\/vc_column_text][vc_column_text css=&#8221;&#8221; el_class=&#8221;subtitle&#8221;] Wejd\u017a, za\u0142atw spraw\u0119 i wracaj do swojego dnia! [\/vc_column_text][vc_column_text css=&#8221;&#8221; el_class=&#8221;text-body&#8221;] Po co chodzi\u0107 do wielu miejsc, skoro nie musisz? Oszcz\u0119dzaj czas, za\u0142atwiaj\u0105c wszystkie codzienne potrzeby finansowe w jednej lokalizacji: Cash2Go Financial. Zajmujemy si\u0119 sprawami motoryzacyjnymi, us\u0142ugami kart debetowych i wieloma innymi. [&hellip;]<\/p>\n","protected":false},"author":1,"featured_media":0,"parent":0,"menu_order":0,"comment_status":"closed","ping_status":"closed","template":"","meta":{"_acf_changed":false,"om_disable_all_campaigns":false,"_monsterinsights_skip_tracking":false,"_monsterinsights_sitenote_active":false,"_monsterinsights_sitenote_note":"","_monsterinsights_sitenote_category":0,"footnotes":""},"class_list":["post-1625","page","type-page","status-publish","hentry"],"acf":[],"aioseo_notices":[],"_links":{"self":[{"href":"https:\/\/cash2gofinancial.com\/pl\/wp-json\/wp\/v2\/pages\/1625","targetHints":{"allow":["GET"]}}],"collection":[{"href":"https:\/\/cash2gofinancial.com\/pl\/wp-json\/wp\/v2\/pages"}],"about":[{"href":"https:\/\/cash2gofinancial.com\/pl\/wp-json\/wp\/v2\/types\/page"}],"author":[{"embeddable":true,"href":"https:\/\/cash2gofinancial.com\/pl\/wp-json\/wp\/v2\/users\/1"}],"replies":[{"embeddable":true,"href":"https:\/\/cash2gofinancial.com\/pl\/wp-json\/wp\/v2\/comments?post=1625"}],"version-history":[{"count":11,"href":"https:\/\/cash2gofinancial.com\/pl\/wp-json\/wp\/v2\/pages\/1625\/revisions"}],"predecessor-version":[{"id":1719,"href":"https:\/\/cash2gofinancial.com\/pl\/wp-json\/wp\/v2\/pages\/1625\/revisions\/1719"}],"wp:attachment":[{"href":"https:\/\/cash2gofinancial.com\/pl\/wp-json\/wp\/v2\/media?parent=1625"}],"curies":[{"name":"wp","href":"https:\/\/api.w.org\/{rel}","templated":true}]}}