{"id":1641,"date":"2025-01-29T04:58:49","date_gmt":"2025-01-29T04:58:49","guid":{"rendered":"https:\/\/cash2gofinancial.com\/uslugi\/dodatkowe-uslugi\/"},"modified":"2026-04-03T14:47:50","modified_gmt":"2026-04-03T14:47:50","slug":"dodatkowe-uslugi","status":"publish","type":"page","link":"https:\/\/cash2gofinancial.com\/pl\/uslugi\/dodatkowe-uslugi\/","title":{"rendered":"Dodatkowe us\u0142ugi"},"content":{"rendered":"<div class=\"wpb-content-wrapper\"><p>[vc_row el_class=&#8221;bg-gary&#8221;][vc_column][vc_row_inner][vc_column_inner][vc_column_text css=&#8221;.vc_custom_1739995208443{margin-bottom: 0px !important;}&#8221; el_class=&#8221;header-main-section&#8221;]<\/p>\n<h1 class=\"header-main-section text-center color-blue title-narrow\">Szybka obs\u0142uga dla potrzeb osobistych i biznesowych<\/h1>\n<p>[\/vc_column_text][vc_column_text css=&#8221;&#8221; el_class=&#8221;subtitle&#8221;]<\/p>\n<p style=\"text-align: center;\">Ka\u017cdy od czasu do czasu potrzebuje r\u00f3\u017cnych dokument\u00f3w, ale przy godzeniu pracy i \u017cycia rodzinnego \u2013 kto ma na to czas? Dlatego Cash2Go chce by\u0107 Twoim lokalnym miejscem pierwszego wyboru do za\u0142atwiania szeregu wa\u017cnych spraw \u2013 w tym naszych standardowych us\u0142ug finansowych i motoryzacyjnych. <\/p>\n<p>[\/vc_column_text][vc_column_text css=&#8221;&#8221; el_class=&#8221;text-body&#8221;]<\/p>\n<p style=\"text-align: center;\">Nast\u0119pnym razem, gdy b\u0119dziesz potrzebowa\u0107 kupi\u0107 znaczki, po\u015bwiadczy\u0107 co\u015b notarialnie, zam\u00f3wi\u0107 akt urodzenia lub op\u0142aci\u0107 rachunki za media, pomo\u017cemy Ci zrobi\u0107 to szybko. Wszystko w jednym miejscu. <\/p>\n<p>[\/vc_column_text][\/vc_column_inner][\/vc_row_inner][vc_row_inner css=&#8221;.vc_custom_1738730866855{margin-top: 7px !important;padding-bottom: 16px !important;}&#8221; el_class=&#8221;row-sub-services&#8221;][vc_column_inner width=&#8221;1\/3&#8243;][vc_column_text css=&#8221;.vc_custom_1740434998773{margin-bottom: 50px !important;}&#8221;]<\/p>\n<p style=\"text-align: center;\"><a class=\"btn\" href=\"#UtilityBillPay\">Op\u0142acanie rachunk\u00f3w za media<\/a><\/p>\n<p>[\/vc_column_text][\/vc_column_inner][vc_column_inner width=&#8221;1\/3&#8243;][vc_column_text css=&#8221;.vc_custom_1740435013028{margin-bottom: 50px !important;}&#8221;]<\/p>\n<p style=\"text-align: center;\"><a class=\"btn\" href=\"#Notary\">Notariusz<\/a><\/p>\n<p>[\/vc_column_text][\/vc_column_inner][vc_column_inner width=&#8221;1\/3&#8243;][vc_column_text css=&#8221;.vc_custom_1740435028022{margin-bottom: 50px !important;}&#8221;]<\/p>\n<p style=\"text-align: center;\"><a class=\"btn\" href=\"#VitalRecords\">Akta stanu cywilnego<\/a><\/p>\n<p>[\/vc_column_text][\/vc_column_inner][\/vc_row_inner][vc_row_inner css=&#8221;.vc_custom_1738730866855{margin-top: 7px !important;padding-bottom: 16px !important;}&#8221; el_class=&#8221;row-sub-services&#8221;][vc_column_inner width=&#8221;1\/3&#8243;][vc_column_text css=&#8221;.vc_custom_1740435044629{margin-bottom: 50px !important;}&#8221;]<\/p>\n<p style=\"text-align: center;\"><a class=\"btn\" href=\"#PostageStamps\">Znaczki pocztowe<\/a><\/p>\n<p>[\/vc_column_text][\/vc_column_inner][vc_column_inner width=&#8221;1\/3&#8243;][vc_column_text css=&#8221;.vc_custom_1740435060882{margin-bottom: 50px !important;}&#8221;]<\/p>\n<p style=\"text-align: center;\"><a class=\"btn\" href=\"#LaminationOfDocuments\">Laminowanie dokument\u00f3w<\/a><\/p>\n<p>[\/vc_column_text][\/vc_column_inner][vc_column_inner width=&#8221;1\/3&#8243;][\/vc_column_inner][\/vc_row_inner][vc_row_inner disable_element=&#8221;yes&#8221; css=&#8221;.vc_custom_1744222014834{margin-top: 7px !important;padding-bottom: 16px !important;}&#8221; el_class=&#8221;row-sub-services&#8221;][vc_column_inner][vc_column_text css=&#8221;.vc_custom_1740434998773{margin-bottom: 50px !important;}&#8221;]<\/p>\n<p style=\"text-align: center;\"><a class=\"btn\" href=\"#UtilityBillPay\">Op\u0142acanie rachunk\u00f3w za media<\/a><\/p>\n<p>[\/vc_column_text][vc_column_text css=&#8221;.vc_custom_1740435013028{margin-bottom: 50px !important;}&#8221;]<\/p>\n<p style=\"text-align: center;\"><a class=\"btn\" href=\"#Notary\">Notariusz<\/a><\/p>\n<p>[\/vc_column_text][vc_column_text css=&#8221;.vc_custom_1740435028022{margin-bottom: 50px !important;}&#8221;]<\/p>\n<p style=\"text-align: center;\"><a class=\"btn\" href=\"#VitalRecords\">Akta stanu cywilnego<\/a><\/p>\n<p>[\/vc_column_text][vc_column_text css=&#8221;.vc_custom_1740435044629{margin-bottom: 50px !important;}&#8221;]<\/p>\n<p style=\"text-align: center;\"><a class=\"btn\" href=\"#PostageStamps\">Znaczki pocztowe<\/a><\/p>\n<p>[\/vc_column_text][vc_column_text css=&#8221;.vc_custom_1740435060882{margin-bottom: 50px !important;}&#8221;]<\/p>\n<p style=\"text-align: center;\"><a class=\"btn\" href=\"#LaminationOfDocuments\">Laminowanie dokument\u00f3w<\/a><\/p>\n<p>[\/vc_column_text][\/vc_column_inner][\/vc_row_inner][\/vc_column][\/vc_row][vc_row el_id=&#8221;UtilityBillPay&#8221; css=&#8221;.vc_custom_1744653894892{margin-top: 85px !important;}&#8221; el_class=&#8221;sub-service-section&#8221;][vc_column][vc_row_inner el_class=&#8221;gap-small&#8221;][vc_column_inner width=&#8221;1\/4&#8243;][vc_single_image image=&#8221;1635&#8243; img_size=&#8221;full&#8221; css=&#8221;&#8221;][\/vc_column_inner][vc_column_inner width=&#8221;3\/4&#8243;][vc_custom_heading text=&#8221;Op\u0142acanie rachunk\u00f3w za media&#8221; use_theme_fonts=&#8221;yes&#8221; css=&#8221;.vc_custom_1738734622302{margin-top: 31.5px !important;}&#8221; el_class=&#8221;color-blue&#8221;][vc_column_text css=&#8221;&#8221; el_class=&#8221;subtitle&#8221;]Terminowe op\u0142acanie wszystkich miesi\u0119cznych rachunk\u00f3w mo\u017ce by\u0107 wyzwaniem dla ka\u017cdego, zw\u0142aszcza gdy ka\u017cdy ma inny termin p\u0142atno\u015bci. Nawet je\u015bli zazwyczaj p\u0142acisz rachunki na czas, czasem kt\u00f3ry\u015b mo\u017ce zosta\u0107 przeoczony. Wysy\u0142anie czek\u00f3w poczt\u0105 mo\u017ce powodowa\u0107 kilkudniowe op\u00f3\u017anienia, wi\u0119c po co ryzykowa\u0107 op\u0142aty za zw\u0142ok\u0119? Gdy jeste\u015b w potrzebie, us\u0142uga op\u0142aty rachunk\u00f3w za media Cash2Go Financial jest do Twojej dyspozycji.[\/vc_column_text][vc_column_text css=&#8221;&#8221;]<\/p>\n<div class=\"service-item-toggle open\">Czytaj wi\u0119cej<\/div>\n<p>[\/vc_column_text][\/vc_column_inner][\/vc_row_inner][vc_row_inner el_class=&#8221;service-item-more open&#8221; css=&#8221;.vc_custom_1740499626658{margin-top: 15px !important;}&#8221;][vc_column_inner width=&#8221;2\/3&#8243;][vc_custom_heading text=&#8221;Skorzystaj z pomocy w terminowym op\u0142acaniu rachunk\u00f3w za media&#8221; font_container=&#8221;tag:h3|text_align:left&#8221; use_theme_fonts=&#8221;yes&#8221; css=&#8221;.vc_custom_1739291008670{margin-bottom: 0px !important;}&#8221; el_class=&#8221;color-blue&#8221;][vc_column_text css=&#8221;&#8221; el_class=&#8221;text-body&#8221;]Obecnie ludzie musz\u0105 zarz\u0105dza\u0107 wi\u0119ksz\u0105 liczb\u0105 rachunk\u00f3w ni\u017c kiedykolwiek wcze\u015bniej, a automatyczne p\u0142atno\u015bci nie s\u0105 rozwi\u0105zaniem dla ka\u017cdego. W\u0142a\u015bnie tutaj wkraczamy my. Cash2Go Financial wsp\u00f3\u0142pracuje z g\u0142\u00f3wnymi dostawcami medi\u00f3w w ca\u0142ym Illinois, aby pom\u00f3c Ci dotrzyma\u0107 termin\u00f3w p\u0142atno\u015bci ka\u017cdego miesi\u0105ca. W przeciwie\u0144stwie do innych metod mo\u017cesz mie\u0107 pewno\u015b\u0107, \u017ce w wi\u0119kszo\u015bci przypadk\u00f3w p\u0142atno\u015bci za media s\u0105 realizowane tego samego dnia.   <\/p>\n<p>Odwied\u017a najbli\u017csz\u0105 lokalizacj\u0119 i daj nam zna\u0107, kt\u00f3re rachunki chcesz op\u0142aci\u0107. Reszt\u0105 zajmiemy si\u0119 my \u2013 \u0142atwizna. <\/p>\n<ul>\n<li aria-level=\"1\">Gaz<\/li>\n<li aria-level=\"1\">Pr\u0105d<\/li>\n<li aria-level=\"1\">Woda<\/li>\n<li aria-level=\"1\">Telefon<\/li>\n<li aria-level=\"1\">Telewizja kablowa<\/li>\n<li aria-level=\"1\">Internet<\/li>\n<li aria-level=\"1\">Inne<\/li>\n<\/ul>\n<p>[\/vc_column_text][vc_column_text css=&#8221;&#8221;]<a class=\"btn\" href=\"https:\/\/cash2gofinancial.com\/locations\/\">Znajd\u017a lokalizacj\u0119 w pobli\u017cu<\/a>[\/vc_column_text][\/vc_column_inner][vc_column_inner el_class=&#8221;cash-fancy-box-col-top-right&#8221; width=&#8221;1\/3&#8243;][vc_custom_heading text=&#8221;Jak dzia\u0142a op\u0142acanie rachunk\u00f3w za media?&#8221; font_container=&#8221;tag:h3|text_align:left&#8221; use_theme_fonts=&#8221;yes&#8221; css=&#8221;.vc_custom_1739291108074{margin-bottom: 0px !important;}&#8221; el_class=&#8221;color-blue&#8221;][vc_column_text css=&#8221;&#8221;]<\/p>\n<ul class=\"list-check-circles\">\n<li>Przynie\u015b got\u00f3wk\u0119 lub kart\u0119 debetow\u0105, aby dokona\u0107 p\u0142atno\u015bci.<\/li>\n<li>Zabierz ze sob\u0105 odcinek p\u0142atno\u015bci lub numer faktury.<\/li>\n<li>Po kr\u00f3tkiej weryfikacji wprowadzimy Twoje dane do systemu.<\/li>\n<li>Tw\u00f3j rachunek zostanie op\u0142acony tego samego dnia lub wkr\u00f3tce potem.<\/li>\n<\/ul>\n<p>[\/vc_column_text][\/vc_column_inner][\/vc_row_inner][\/vc_column][\/vc_row][vc_row el_id=&#8221;Notariusz&#8221; css=&#8221;.vc_custom_1744653899217{margin-top: 65px !important;}&#8221; el_class=&#8221;sub-service-section&#8221;][vc_column][vc_row_inner el_class=&#8221;gap-small reverse-columns-on-small&#8221;][vc_column_inner width=&#8221;3\/4&#8243;][vc_custom_heading text=&#8221;Notariusz&#8221; use_theme_fonts=&#8221;yes&#8221; css=&#8221;.vc_custom_1738734631607{margin-top: 31.5px !important;margin-bottom: 0px !important;}&#8221; el_class=&#8221;color-blue&#8221;][vc_column_text css=&#8221;&#8221; el_class=&#8221;subtitle&#8221;]Niekt\u00f3re dokumenty wymagaj\u0105 notarialnego po\u015bwiadczenia (czyli obecno\u015bci \u015bwiadka prawnego), aby by\u0142y uznane za wa\u017cne. Uwierzytelnij dokumenty dzi\u0119ki naszym us\u0142ugom notarialnym. Pami\u0119taj, aby zadzwoni\u0107 wcze\u015bniej i upewni\u0107 si\u0119, \u017ce mo\u017cesz spotka\u0107 si\u0119 z naszym notariuszem.[\/vc_column_text][vc_column_text css=&#8221;&#8221;]<\/p>\n<div class=\"service-item-toggle open\">Czytaj wi\u0119cej<\/div>\n<p>[\/vc_column_text][\/vc_column_inner][vc_column_inner width=&#8221;1\/4&#8243;][vc_single_image image=&#8221;1636&#8243; img_size=&#8221;full&#8221; css=&#8221;&#8221;][\/vc_column_inner][\/vc_row_inner][vc_row_inner el_class=&#8221;service-item-more open reverse-columns-on-small&#8221; css=&#8221;.vc_custom_1740499641187{margin-top: 15px !important;}&#8221;][vc_column_inner el_class=&#8221;cash-fancy-box-col-top-left&#8221; width=&#8221;1\/3&#8243; css=&#8221;.vc_custom_1744654005105{margin-bottom: 30px !important;}&#8221;][vc_custom_heading text=&#8221;Us\u0142uga notarialna \u015bwiadczona przez licencjonowanego specjalist\u0119, kt\u00f3remu mo\u017cesz zaufa\u0107. Kilka wskaz\u00f3wek: &#8221; font_container=&#8221;tag:h3|text_align:left&#8221; use_theme_fonts=&#8221;yes&#8221; css=&#8221;&#8221; el_class=&#8221;color-blue&#8221;][vc_column_text css=&#8221;&#8221;]<\/p>\n<ul class=\"list-check-circles\">\n<li aria-level=\"1\">Nie podpisuj dokumentu wcze\u015bniej! Notariusz musi by\u0107 \u015bwiadkiem. <\/li>\n<li aria-level=\"1\">Zabierz prawo jazdy lub inny wa\u017cny dokument to\u017csamo\u015bci wydany przez pa\u0144stwo.<\/li>\n<li aria-level=\"1\">\u015awietny spos\u00f3b, aby mie\u0107 pewno\u015b\u0107, \u017ce po\u015bwiadczenie jest oficjalne<\/li>\n<\/ul>\n<p>[\/vc_column_text][\/vc_column_inner][vc_column_inner width=&#8221;2\/3&#8243;][vc_custom_heading text=&#8221;Us\u0142uga notarialna, kt\u00f3rej mo\u017cesz zaufa\u0107&#8221; font_container=&#8221;tag:h3|text_align:left&#8221; use_theme_fonts=&#8221;yes&#8221; css=&#8221;.vc_custom_1739995242346{margin-bottom: 0px !important;}&#8221; el_class=&#8221;color-blue&#8221;][vc_column_text css=&#8221;&#8221; el_class=&#8221;text-body&#8221;]Co \u0142\u0105czy paszporty, o\u015bwiadczenia i testamenty \u017cycia? Musz\u0105 by\u0107 po\u015bwiadczone notarialnie, aby by\u0142y prawnie uznane. Wi\u0119kszo\u015b\u0107 os\u00f3b nie my\u015bli o notariuszu, dop\u00f3ki go nie potrzebuje. Dlatego Cash2Go oferuje t\u0119 us\u0142ug\u0119 w miejscu, gdzie mo\u017cesz r\u00f3wnie\u017c za\u0142atwi\u0107 codzienne sprawy finansowe i zwi\u0105zane z motoryzacj\u0105.   <\/p>\n<p>Masz dokument do po\u015bwiadczenia? Mo\u017cemy si\u0119 tym zaj\u0105\u0107 w kilka minut. Us\u0142uga ta weryfikuje to\u017csamo\u015b\u0107 osoby podpisuj\u0105cej dokument prawny, aby zapewni\u0107 jego autentyczno\u015b\u0107 i zapobiec oszustwom. Pami\u0119taj, aby zabra\u0107 ze sob\u0105 odpowiedni dokument to\u017csamo\u015bci. Mo\u017cemy uwierzytelni\u0107 podpisywanie um\u00f3w, testament\u00f3w i innych wa\u017cnych dokument\u00f3w, potwierdzaj\u0105c, \u017ce s\u0105 podpisywane dobrowolnie. Zadzwo\u0144 wcze\u015bniej, aby zapyta\u0107 o op\u0142aty lub wymagania.[\/vc_column_text][vc_column_text css=&#8221;&#8221;]<a class=\"btn\" href=\"https:\/\/cash2gofinancial.com\/locations\/\">Znajd\u017a lokalizacj\u0119 w pobli\u017cu<\/a>[\/vc_column_text][\/vc_column_inner][\/vc_row_inner][\/vc_column][\/vc_row][vc_row el_id=&#8221;VitalRecords&#8221; css=&#8221;.vc_custom_1744653903809{margin-top: 85px !important;}&#8221; el_class=&#8221;sub-service-section&#8221;][vc_column][vc_row_inner el_class=&#8221;gap-small&#8221;][vc_column_inner width=&#8221;1\/4&#8243;][vc_single_image image=&#8221;1637&#8243; img_size=&#8221;full&#8221; css=&#8221;&#8221;][\/vc_column_inner][vc_column_inner width=&#8221;3\/4&#8243;][vc_custom_heading text=&#8221;Akta stanu cywilnego&#8221; use_theme_fonts=&#8221;yes&#8221; css=&#8221;.vc_custom_1738734640222{margin-top: 31.5px !important;}&#8221; el_class=&#8221;color-blue&#8221;][vc_column_text css=&#8221;&#8221; el_class=&#8221;subtitle&#8221;]\u017bycie pe\u0142ne jest niespodzianek, z kt\u00f3rych wiele wi\u0105\u017ce si\u0119 z nieoczekiwan\u0105 dokumentacj\u0105. Czasami trzeba przedstawi\u0107 oficjalny zapis okre\u015blonych wydarze\u0144, a gdy tak si\u0119 dzieje, kluczowe jest skorzystanie z niezawodnej us\u0142ugi, takiej jak ta oferowana w plac\u00f3wkach Cash2Go.[\/vc_column_text][vc_column_text css=&#8221;&#8221;]<\/p>\n<div class=\"service-item-toggle open\">Czytaj wi\u0119cej<\/div>\n<p>[\/vc_column_text][\/vc_column_inner][\/vc_row_inner][vc_row_inner el_class=&#8221;service-item-more open&#8221; css=&#8221;.vc_custom_1740499653723{margin-top: 15px !important;}&#8221;][vc_column_inner width=&#8221;2\/3&#8243;][vc_custom_heading text=&#8221;Dost\u0119p do akt stanu cywilnego w Cash2Go&#8221; font_container=&#8221;tag:h3|text_align:left&#8221; use_theme_fonts=&#8221;yes&#8221; css=&#8221;.vc_custom_1739995304498{margin-bottom: 0px !important;}&#8221; el_class=&#8221;color-blue&#8221;][vc_column_text css=&#8221;&#8221; el_class=&#8221;text-body&#8221;]Zapewniamy dost\u0119p do wa\u017cnych dokument\u00f3w dotycz\u0105cych wydarze\u0144 \u017cyciowych, takich jak akty urodzenia, zgonu, ma\u0142\u017ce\u0144stwa i rozwodu. Wiele dokument\u00f3w, o kt\u00f3re wnioskuj\u0105 klienci, jest przechowywanych na poziomie stanowym lub lokalnym. Gdy potrzebujesz ich kopii, zajmiemy si\u0119 tym sprawnie, aby\u015b m\u00f3g\u0142 odetchn\u0105\u0107 z ulg\u0105.  <\/p>\n<p>Bardzo wa\u017cne jest korzystanie z legalnej i godnej zaufania us\u0142ugi. Dokumenty te zawieraj\u0105 informacje o Twojej to\u017csamo\u015bci, umo\u017cliwiaj\u0105c ubieganie si\u0119 o r\u00f3\u017cne us\u0142ugi rz\u0105dowe oraz inne zastosowania osobiste lub prawne. Warto by\u0107 przygotowanym. Poniewa\u017c dokumenty r\u00f3\u017cni\u0105 si\u0119 mi\u0119dzy sob\u0105, zadzwo\u0144 do najbli\u017cszego Cash2Go i zapytaj o proces uzyskania wybranego dokumentu oraz ewentualne op\u0142aty i wymagania[\/vc_column_text][vc_column_text css=&#8221;&#8221;]<a class=\"btn\" href=\"https:\/\/cash2gofinancial.com\/locations\/\">Znajd\u017a lokalizacj\u0119 w pobli\u017cu<\/a>[\/vc_column_text][\/vc_column_inner][vc_column_inner el_class=&#8221;cash-fancy-box-col-top-right&#8221; width=&#8221;1\/3&#8243;][vc_custom_heading text=&#8221;Us\u0142uga notarialna \u015bwiadczona przez licencjonowanego specjalist\u0119, kt\u00f3remu mo\u017cesz zaufa\u0107. Kilka wskaz\u00f3wek:&#8221; font_container=&#8221;tag:h3|text_align:left&#8221; use_theme_fonts=&#8221;yes&#8221; css=&#8221;.vc_custom_1739995333513{margin-bottom: 0px !important;}&#8221; el_class=&#8221;color-blue&#8221;][vc_column_text css=&#8221;&#8221;]<\/p>\n<ul class=\"list-check-circles\">\n<li aria-level=\"1\">Nie podpisuj dokumentu wcze\u015bniej! Notariusz musi by\u0107 \u015bwiadkiem.<\/li>\n<li aria-level=\"1\">Zabierz prawo jazdy lub inny wa\u017cny dokument to\u017csamo\u015bci wydany przez pa\u0144stwo.<\/li>\n<li aria-level=\"1\">\u015awietny spos\u00f3b, aby mie\u0107 pewno\u015b\u0107, \u017ce po\u015bwiadczenie jest oficjalne.<\/li>\n<\/ul>\n<p>[\/vc_column_text][\/vc_column_inner][\/vc_row_inner][\/vc_column][\/vc_row][vc_row el_id=&#8221;PostageStamps&#8221; css=&#8221;.vc_custom_1744653908452{margin-top: 65px !important;}&#8221; el_class=&#8221;sub-service-section&#8221;][vc_column][vc_row_inner el_class=&#8221;gap-small reverse-columns-on-small&#8221;][vc_column_inner width=&#8221;3\/4&#8243;][vc_custom_heading text=&#8221;Znaczki pocztowe&#8221; use_theme_fonts=&#8221;yes&#8221; css=&#8221;.vc_custom_1738734651656{margin-top: 31.5px !important;margin-bottom: 0px !important;}&#8221; el_class=&#8221;color-blue&#8221;][vc_column_text css=&#8221;&#8221; el_class=&#8221;subtitle&#8221;]Nawet w tych zaawansowanych technologicznie czasach wiele os\u00f3b nadal wysy\u0142a kartki okoliczno\u015bciowe i inn\u0105 poczt\u0119 w tradycyjny spos\u00f3b. Gdy potrzebujesz zapasu znaczk\u00f3w, Cash2Go ma to, czego potrzebujesz. Nie czekaj, a\u017c si\u0119 sko\u0144cz\u0105! Kup ksi\u0105\u017ceczk\u0119 znaczk\u00f3w przy nast\u0119pnej wizycie, korzystaj\u0105c z jednej z naszych wielu us\u0142ug finansowych lub motoryzacyjnych.[\/vc_column_text][vc_column_text css=&#8221;&#8221;]<\/p>\n<div class=\"service-item-toggle open\">Czytaj wi\u0119cej<\/div>\n<p>[\/vc_column_text][\/vc_column_inner][vc_column_inner width=&#8221;1\/4&#8243;][vc_single_image image=&#8221;1638&#8243; img_size=&#8221;full&#8221; css=&#8221;&#8221;][\/vc_column_inner][\/vc_row_inner][vc_row_inner el_class=&#8221;service-item-more open reverse-columns-on-small&#8221; css=&#8221;.vc_custom_1740499665867{margin-top: 15px !important;}&#8221;][vc_column_inner el_class=&#8221;cash-fancy-box-col-top-left&#8221; width=&#8221;1\/3&#8243; css=&#8221;.vc_custom_1744654041361{margin-bottom: 30px !important;}&#8221;][vc_custom_heading text=&#8221;Gdy potrzebujesz niezb\u0119dnej dokumentacji, Cash2Go pomaga uzyska\u0107 akta stanu cywilnego. &#8221; font_container=&#8221;tag:h3|text_align:left&#8221; use_theme_fonts=&#8221;yes&#8221; css=&#8221;&#8221; el_class=&#8221;color-blue&#8221;][vc_column_text css=&#8221;&#8221;]<\/p>\n<ul class=\"list-check-circles\">\n<li aria-level=\"1\">Akty urodzenia i inne wa\u017cne, wra\u017cliwe dokumenty.<\/li>\n<li aria-level=\"1\">Dostawca akt stanu cywilnego, kt\u00f3remu mo\u017cesz zaufa\u0107.<\/li>\n<li aria-level=\"1\">Zbierz kluczowe informacje wcze\u015bniej, aby usprawni\u0107 obs\u0142ug\u0119.<\/li>\n<\/ul>\n<p>[\/vc_column_text][\/vc_column_inner][vc_column_inner width=&#8221;2\/3&#8243;][vc_custom_heading text=&#8221;Dost\u0119p do akt stanu cywilnego w Cash2Go&#8221; font_container=&#8221;tag:h3|text_align:left&#8221; use_theme_fonts=&#8221;yes&#8221; css=&#8221;.vc_custom_1739995361499{margin-bottom: 0px !important;}&#8221; el_class=&#8221;color-blue&#8221;][vc_column_text css=&#8221;&#8221; el_class=&#8221;text-body&#8221;]Osoby prywatne i firmy cz\u0119sto wysy\u0142aj\u0105 listy, paczki i inne przesy\u0142ki za po\u015brednictwem systemu pocztowego. Je\u015bli planujesz \u015blub lub inne du\u017ce wydarzenie, upewnij si\u0119, \u017ce masz ich wi\u0119cej ni\u017c wystarczaj\u0105co. Nasz zesp\u00f3\u0142 pomaga zapewni\u0107 wygodne wysy\u0142anie poczty do dowolnego miejsca z odpowiedni\u0105 op\u0142at\u0105 pocztow\u0105. Pomagamy r\u00f3wnie\u017c oszcz\u0119dza\u0107 czas, umo\u017cliwiaj\u0105c \u0142atwy dost\u0119p do znaczk\u00f3w bez konieczno\u015bci odwiedzania urz\u0119du pocztowego.[\/vc_column_text][vc_column_text css=&#8221;&#8221;]<a class=\"btn\" href=\"https:\/\/cash2gofinancial.com\/locations\/\">Znajd\u017a lokalizacj\u0119 w pobli\u017cu<\/a>[\/vc_column_text][\/vc_column_inner][\/vc_row_inner][\/vc_column][\/vc_row][vc_row el_id=&#8221;LaminationOfDocuments&#8221; css=&#8221;.vc_custom_1744653913161{margin-top: 85px !important;}&#8221; el_class=&#8221;sub-service-section&#8221;][vc_column][vc_row_inner el_class=&#8221;gap-small&#8221;][vc_column_inner width=&#8221;1\/4&#8243;][vc_single_image image=&#8221;1639&#8243; img_size=&#8221;full&#8221; css=&#8221;&#8221;][\/vc_column_inner][vc_column_inner width=&#8221;3\/4&#8243;][vc_custom_heading text=&#8221;Laminowanie dokument\u00f3w&#8221; use_theme_fonts=&#8221;yes&#8221; css=&#8221;.vc_custom_1738734662268{margin-top: 31.5px !important;}&#8221; el_class=&#8221;color-blue&#8221;][vc_column_text css=&#8221;&#8221; el_class=&#8221;subtitle&#8221;]Od wizyt\u00f3wek po menu \u2013 wiele rzeczy wygl\u0105da lepiej, gdy s\u0105 zalaminowane. To prosty i niedrogi proces, kt\u00f3ry sprawia, \u017ce dokumenty wygl\u0105daj\u0105 bardziej profesjonalnie i s\u0105 trwalsze. Niezale\u017cnie od tego, czy chcesz powiesi\u0107 dyplom na \u015bcianie w swoim nowym biznesie, czy potrzebujesz go do innych cel\u00f3w, Cash2Go oferuje wygodn\u0105 us\u0142ug\u0119 laminowania.[\/vc_column_text][vc_column_text css=&#8221;&#8221;]<\/p>\n<div class=\"service-item-toggle open\">Czytaj wi\u0119cej<\/div>\n<p>[\/vc_column_text][\/vc_column_inner][\/vc_row_inner][vc_row_inner el_class=&#8221;service-item-more open&#8221; css=&#8221;.vc_custom_1740499678237{margin-top: 15px !important;}&#8221;][vc_column_inner width=&#8221;2\/3&#8243;][vc_custom_heading text=&#8221;Kup swoje znaczki pocztowe&#8221; font_container=&#8221;tag:h3|text_align:left&#8221; use_theme_fonts=&#8221;yes&#8221; css=&#8221;.vc_custom_1739995414882{margin-bottom: 0px !important;}&#8221; el_class=&#8221;color-blue&#8221;][vc_column_text css=&#8221;&#8221; el_class=&#8221;text-body&#8221;]Osoby prywatne i firmy cz\u0119sto wysy\u0142aj\u0105 listy, paczki i inne przesy\u0142ki za po\u015brednictwem systemu pocztowego. Je\u015bli planujesz \u015blub lub inne du\u017ce wydarzenie, upewnij si\u0119, \u017ce masz ich wi\u0119cej ni\u017c wystarczaj\u0105co. Nasz zesp\u00f3\u0142 pomaga zapewni\u0107 wygodne wysy\u0142anie poczty do dowolnego miejsca z odpowiedni\u0105 op\u0142at\u0105 pocztow\u0105. Pomagamy r\u00f3wnie\u017c oszcz\u0119dza\u0107 czas, umo\u017cliwiaj\u0105c \u0142atwy dost\u0119p do znaczk\u00f3w bez konieczno\u015bci odwiedzania urz\u0119du pocztowego.[\/vc_column_text][vc_column_text css=&#8221;&#8221;]<a class=\"btn\" href=\"https:\/\/cash2gofinancial.com\/locations\/\">Znajd\u017a lokalizacj\u0119 w pobli\u017cu<\/a>[\/vc_column_text][\/vc_column_inner][vc_column_inner el_class=&#8221;cash-fancy-box-col-top-right&#8221; width=&#8221;1\/3&#8243;][vc_custom_heading text=&#8221;Przynie\u015b do nas dokumenty do laminowania&#8221; font_container=&#8221;tag:h3|text_align:left&#8221; use_theme_fonts=&#8221;yes&#8221; css=&#8221;.vc_custom_1739995438282{margin-bottom: 0px !important;}&#8221; el_class=&#8221;color-blue&#8221;][vc_column_text css=&#8221;&#8221;]<\/p>\n<ul class=\"list-check-circles\">\n<li aria-level=\"1\">Upewnij si\u0119, \u017ce dokumenty s\u0105 czyste i p\u0142askie przed wizyt\u0105.<\/li>\n<li aria-level=\"1\">Najpierw wszystko sprawd\u017a, aby nie musie\u0107 poprawia\u0107.<\/li>\n<li aria-level=\"1\">Zadzwo\u0144 do nas, aby uzyska\u0107 wi\u0119cej informacji o us\u0142udze laminowania.<\/li>\n<\/ul>\n<p>[\/vc_column_text][\/vc_column_inner][\/vc_row_inner][\/vc_column][\/vc_row][vc_row css=&#8221;.vc_custom_1738717287634{margin-top: 30px !important;}&#8221;][vc_column][vc_row_inner][vc_column_inner][vc_column_text css=&#8221;.vc_custom_1738713975097{margin-bottom: 0px !important;}&#8221;]<\/p>\n<p style=\"text-align: center;\"><a class=\"btn\" href=\"https:\/\/cash2gofinancial.com\/pl\/uslugi\/\">wWzystkie us\u0142ugi<\/a><\/p>\n<p>[\/vc_column_text][\/vc_column_inner][\/vc_row_inner][\/vc_column][\/vc_row]<\/p>\n<\/div>","protected":false},"excerpt":{"rendered":"<p>[vc_row el_class=&#8221;bg-gary&#8221;][vc_column][vc_row_inner][vc_column_inner][vc_column_text css=&#8221;.vc_custom_1739995208443{margin-bottom: 0px !important;}&#8221; el_class=&#8221;header-main-section&#8221;] Szybka obs\u0142uga dla potrzeb osobistych i biznesowych [\/vc_column_text][vc_column_text css=&#8221;&#8221; el_class=&#8221;subtitle&#8221;] Ka\u017cdy od czasu do czasu potrzebuje r\u00f3\u017cnych dokument\u00f3w, ale przy godzeniu pracy i \u017cycia rodzinnego \u2013 kto ma na to czas? Dlatego Cash2Go chce by\u0107 Twoim lokalnym miejscem pierwszego wyboru do za\u0142atwiania szeregu wa\u017cnych spraw \u2013 w tym naszych [&hellip;]<\/p>\n","protected":false},"author":1,"featured_media":1640,"parent":1625,"menu_order":0,"comment_status":"closed","ping_status":"closed","template":"","meta":{"_acf_changed":false,"om_disable_all_campaigns":false,"_monsterinsights_skip_tracking":false,"_monsterinsights_sitenote_active":false,"_monsterinsights_sitenote_note":"","_monsterinsights_sitenote_category":0,"footnotes":""},"class_list":["post-1641","page","type-page","status-publish","has-post-thumbnail","hentry"],"acf":[],"aioseo_notices":[],"_links":{"self":[{"href":"https:\/\/cash2gofinancial.com\/pl\/wp-json\/wp\/v2\/pages\/1641","targetHints":{"allow":["GET"]}}],"collection":[{"href":"https:\/\/cash2gofinancial.com\/pl\/wp-json\/wp\/v2\/pages"}],"about":[{"href":"https:\/\/cash2gofinancial.com\/pl\/wp-json\/wp\/v2\/types\/page"}],"author":[{"embeddable":true,"href":"https:\/\/cash2gofinancial.com\/pl\/wp-json\/wp\/v2\/users\/1"}],"replies":[{"embeddable":true,"href":"https:\/\/cash2gofinancial.com\/pl\/wp-json\/wp\/v2\/comments?post=1641"}],"version-history":[{"count":2,"href":"https:\/\/cash2gofinancial.com\/pl\/wp-json\/wp\/v2\/pages\/1641\/revisions"}],"predecessor-version":[{"id":1648,"href":"https:\/\/cash2gofinancial.com\/pl\/wp-json\/wp\/v2\/pages\/1641\/revisions\/1648"}],"up":[{"embeddable":true,"href":"https:\/\/cash2gofinancial.com\/pl\/wp-json\/wp\/v2\/pages\/1625"}],"wp:featuredmedia":[{"embeddable":true,"href":"https:\/\/cash2gofinancial.com\/pl\/wp-json\/wp\/v2\/media\/1640"}],"wp:attachment":[{"href":"https:\/\/cash2gofinancial.com\/pl\/wp-json\/wp\/v2\/media?parent=1641"}],"curies":[{"name":"wp","href":"https:\/\/api.w.org\/{rel}","templated":true}]}}