{"id":1653,"date":"2025-01-29T04:58:33","date_gmt":"2025-01-29T04:58:33","guid":{"rendered":"https:\/\/cash2gofinancial.com\/uslugi\/uslugi-kartowe\/"},"modified":"2026-04-03T15:00:43","modified_gmt":"2026-04-03T15:00:43","slug":"uslugi-kartowe","status":"publish","type":"page","link":"https:\/\/cash2gofinancial.com\/pl\/uslugi\/uslugi-kartowe\/","title":{"rendered":"Us\u0142ugi kartowe"},"content":{"rendered":"<div class=\"wpb-content-wrapper\"><p>[vc_row el_class=&#8221;bg-gary&#8221;][vc_column][vc_row_inner][vc_column_inner][vc_column_text css=&#8221;.vc_custom_1739994925221{margin-bottom: 0px !important;}&#8221; el_class=&#8221;header-main-section&#8221;]<\/p>\n<h1 class=\"header-main-section text-center color-blue title-narrow\">Us\u0142ugi kartowe Cash2Go u\u0142atwiaj\u0105 \u017cycie<\/h1>\n<p>[\/vc_column_text][vc_column_text css=&#8221;&#8221; el_class=&#8221;subtitle&#8221;]<\/p>\n<p style=\"text-align: center;\">Nasze us\u0142ugi kartowe obejmuj\u0105 r\u00f3\u017cnorodne potrzeby. Niezale\u017cnie od tego, czy chodzi o poruszanie si\u0119 po mie\u015bcie, dokonywanie zakup\u00f3w bez nadmiernych wydatk\u00f3w, czy spos\u00f3b na wykonanie po\u0142\u0105czenia \u2014 mo\u017cemy Ci pom\u00f3c. <\/p>\n<p>[\/vc_column_text][vc_column_text css=&#8221;&#8221; el_class=&#8221;text-body&#8221;]<\/p>\n<p style=\"text-align: center;\">Nasze wygodne us\u0142ugi kartowe nie tylko pomagaj\u0105 w codziennych zakupach, ale tak\u017ce Cash2Go pomo\u017ce Ci zacz\u0105\u0107. Po co chodzi\u0107 w wiele r\u00f3\u017cnych miejsc, skoro wszystko mo\u017cesz za\u0142atwi\u0107 pod jednym dachem? Za\u0142adujemy Twoj\u0105 got\u00f3wk\u0119 na wybran\u0105 kart\u0119 i upewnimy si\u0119, \u017ce wiesz, jak prawid\u0142owo korzysta\u0107 z us\u0142ugi.  <\/p>\n<p>[\/vc_column_text][\/vc_column_inner][\/vc_row_inner][vc_row_inner css=&#8221;.vc_custom_1738730866855{margin-top: 7px !important;padding-bottom: 16px !important;}&#8221; el_class=&#8221;row-sub-services&#8221;][vc_column_inner width=&#8221;1\/3&#8243;][vc_column_text css=&#8221;.vc_custom_1740434913038{margin-bottom: 50px !important;}&#8221;]<\/p>\n<p style=\"text-align: center;\"><a class=\"btn\" href=\"#PrepaidDebitCard\">Przedp\u0142acona karta debetowa<\/a><\/p>\n<p>[\/vc_column_text][\/vc_column_inner][vc_column_inner width=&#8221;1\/3&#8243;][vc_column_text css=&#8221;.vc_custom_1740434927066{margin-bottom: 50px !important;}&#8221;]<\/p>\n<p style=\"text-align: center;\"><a class=\"btn\" href=\"#VentraCard\">Karta Ventra<\/a><\/p>\n<p>[\/vc_column_text][\/vc_column_inner][vc_column_inner width=&#8221;1\/3&#8243;][vc_column_text css=&#8221;.vc_custom_1740434942389{margin-bottom: 50px !important;}&#8221;]<\/p>\n<p style=\"text-align: center;\"><a class=\"btn\" href=\"#PrepaidPhoneCards\">Przedp\u0142acone karty telefoniczne<\/a><\/p>\n<p>[\/vc_column_text][\/vc_column_inner][\/vc_row_inner][\/vc_column][\/vc_row][vc_row el_id=&#8221;PrepaidDebitCard&#8221; css=&#8221;.vc_custom_1744649002056{margin-top: 85px !important;}&#8221; min_height=&#8221;sub-service-section&#8221; el_class=&#8221;sub-service-section&#8221;][vc_column][vc_row_inner el_class=&#8221;gap-small&#8221;][vc_column_inner width=&#8221;1\/4&#8243;][vc_single_image image=&#8221;1649&#8243; img_size=&#8221;full&#8221; css=&#8221;&#8221;][\/vc_column_inner][vc_column_inner width=&#8221;3\/4&#8243;][vc_custom_heading text=&#8221;Przedp\u0142acona karta debetowa&#8221; use_theme_fonts=&#8221;yes&#8221; css=&#8221;.vc_custom_1738734325567{margin-top: 31.5px !important;}&#8221; el_class=&#8221;color-blue&#8221;][vc_column_text css=&#8221;&#8221; el_class=&#8221;subtitle&#8221;]Potrzebujesz prostego sposobu zarz\u0105dzania wydatkami bez korzystania z konta bankowego lub noszenia got\u00f3wki? Nasz zesp\u00f3\u0142 mo\u017ce zapewni\u0107 Ci przedp\u0142acon\u0105 kart\u0119 debetow\u0105, kt\u00f3ra daje wygod\u0119 karty kredytowej bez odsetek i przera\u017caj\u0105cych rachunk\u00f3w na koniec miesi\u0105ca. Aktywacja karty przez Cash2Go Financial daje Ci natychmiastowy dost\u0119p do Twojej got\u00f3wki.[\/vc_column_text][vc_column_text css=&#8221;&#8221;]<\/p>\n<div class=\"service-item-toggle open\">Czytaj wi\u0119cej<\/div>\n<p>[\/vc_column_text][\/vc_column_inner][\/vc_row_inner][vc_row_inner el_class=&#8221;service-item-more open&#8221; css=&#8221;.vc_custom_1740499544115{margin-top: 15px !important;}&#8221;][vc_column_inner width=&#8221;2\/3&#8243;][vc_custom_heading text=&#8221;Jak mo\u017cesz skorzysta\u0107 z przedp\u0142aconej karty debetowej?&#8221; font_container=&#8221;tag:h3|text_align:left&#8221; use_theme_fonts=&#8221;yes&#8221; css=&#8221;.vc_custom_1739290623786{margin-bottom: 0px !important;}&#8221; el_class=&#8221;color-blue&#8221;][vc_column_text css=&#8221;&#8221; el_class=&#8221;text-body&#8221;]Przedp\u0142acone karty debetowe s\u0105 nie tylko wygodne i \u0142atwe w u\u017cyciu, ale tak\u017ce stanowi\u0105 dobre narz\u0119dzie do bud\u017cetowania, poniewa\u017c zapobiegaj\u0105 nadmiernym wydatkom. To Ty decydujesz, ile pieni\u0119dzy wp\u0142acisz na kart\u0119, co pozwala wydawa\u0107 tylko to, co posiadasz. <\/p>\n<p>Pomo\u017cemy Ci zasili\u0107 Twoj\u0105 pierwsz\u0105 kart\u0119 got\u00f3wk\u0105. Po aktywacji mo\u017cesz od razu zacz\u0105\u0107 jej u\u017cywa\u0107 w sklepach i online. Mo\u017cna ich r\u00f3wnie\u017c u\u017cywa\u0107 do wyp\u0142at got\u00f3wki z bankomat\u00f3w. Wydana kwota jest odliczana od salda karty. Wystarczy doda\u0107 \u015brodki, kiedy chcesz \u2014 wp\u0142acaj\u0105c got\u00f3wk\u0119 lub przelewaj\u0105c pieni\u0105dze z innego konta. Ch\u0119tnie zrobimy to za Ciebie.[\/vc_column_text][vc_column_text css=&#8221;&#8221;]<a class=\"btn\" href=\"https:\/\/cash2gofinancial.com\/locations\/\">Znajd\u017a lokalizacj\u0119 w pobli\u017cu<\/a>[\/vc_column_text][\/vc_column_inner][vc_column_inner el_class=&#8221;cash-fancy-box-col-top-right&#8221; width=&#8221;1\/3&#8243;][vc_custom_heading text=&#8221;Z \u0142atwo\u015bci\u0105 zarz\u0105dzaj swoimi \u015brodkami.&#8221; font_container=&#8221;tag:h3|text_align:left&#8221; use_theme_fonts=&#8221;yes&#8221; css=&#8221;.vc_custom_1739290755663{margin-bottom: 0px !important;}&#8221; el_class=&#8221;color-blue&#8221;][vc_column_text css=&#8221;&#8221;]<\/p>\n<ul class=\"list-check-circles\">\n<li>Nie jest wymagane posiadanie konta bankowego.<\/li>\n<li>Bez odsetek i kar.<\/li>\n<li>Unikaj sprawdzania zdolno\u015bci kredytowej.<\/li>\n<li>Pomo\u017cemy Ci zaplanowa\u0107 bud\u017cet.<\/li>\n<li>Powszechnie uznawane.<\/li>\n<\/ul>\n<p>[\/vc_column_text][\/vc_column_inner][\/vc_row_inner][\/vc_column][\/vc_row][vc_row el_id=&#8221;VentraCard&#8221; css=&#8221;.vc_custom_1744648919105{margin-top: 65px !important;}&#8221; el_class=&#8221;sub-service-section&#8221;][vc_column][vc_row_inner el_class=&#8221;gap-small reverse-columns-on-small&#8221;][vc_column_inner width=&#8221;3\/4&#8243;][vc_custom_heading text=&#8221;Karta Ventra&#8221; use_theme_fonts=&#8221;yes&#8221; css=&#8221;.vc_custom_1738734337447{margin-top: 31.5px !important;margin-bottom: 0px !important;}&#8221; el_class=&#8221;color-blue&#8221;][vc_column_text css=&#8221;&#8221; el_class=&#8221;subtitle&#8221;]Mo\u017cemy pom\u00f3c Ci kupi\u0107 lub do\u0142adowa\u0107 karty Ventra do przedp\u0142aconego transportu na Metra, CTA i Pace.[\/vc_column_text][vc_column_text css=&#8221;&#8221;]<\/p>\n<div class=\"service-item-toggle open\">Czytaj wi\u0119cej<\/div>\n<p>[\/vc_column_text][\/vc_column_inner][vc_column_inner width=&#8221;1\/4&#8243;][vc_single_image image=&#8221;1650&#8243; img_size=&#8221;full&#8221; css=&#8221;&#8221;][\/vc_column_inner][\/vc_row_inner][vc_row_inner el_class=&#8221;service-item-more open reverse-columns-on-small&#8221; css=&#8221;.vc_custom_1740499556715{margin-top: 15px !important;}&#8221;][vc_column_inner el_class=&#8221;cash-fancy-box-col-top-left&#8221; width=&#8221;1\/3&#8243; css=&#8221;.vc_custom_1744654085825{margin-bottom: 20px !important;}&#8221;][vc_custom_heading text=&#8221;Cash2Go oferuje preferowan\u0105 kart\u0119 transportow\u0105 dla mieszka\u0144c\u00f3w Illinois b\u0119d\u0105cych w ruchu.&#8221; font_container=&#8221;tag:h3|text_align:left&#8221; use_theme_fonts=&#8221;yes&#8221; css=&#8221;&#8221; el_class=&#8221;color-blue&#8221;][vc_column_text css=&#8221;&#8221;]<\/p>\n<ul class=\"list-check-circles\">\n<li aria-level=\"1\">Wpadnij w wolnej chwili, aby odebra\u0107 swoj\u0105 now\u0105 kart\u0119.<\/li>\n<li aria-level=\"1\">Gdy \u015brodki si\u0119 ko\u0144cz\u0105, wr\u00f3\u0107, a pomo\u017cemy Ci j\u0105 do\u0142adowa\u0107.<\/li>\n<li aria-level=\"1\">Ventra pomaga zostawi\u0107 stres za sob\u0105.<\/li>\n<\/ul>\n<p>[\/vc_column_text][\/vc_column_inner][vc_column_inner width=&#8221;2\/3&#8243;][vc_custom_heading text=&#8221;Preferowana forma p\u0142atno\u015bci w CTA, Pace i Metra&#8221; font_container=&#8221;tag:h3|text_align:left&#8221; use_theme_fonts=&#8221;yes&#8221; css=&#8221;.vc_custom_1739995054710{margin-bottom: 0px !important;}&#8221; el_class=&#8221;color-blue&#8221;][vc_column_text css=&#8221;&#8221; el_class=&#8221;text-body&#8221;]Gdy musisz gdzie\u015b by\u0107, nie ma lepszego wyboru ni\u017c Ventra. Te plastikowe karty mog\u0105 by\u0107 u\u017cywane w r\u00f3\u017cnych \u015brodkach transportu publicznego w ca\u0142ym obszarze metropolitalnym Chicago. Nie tylko mo\u017cesz odebra\u0107 kart\u0119 w dowolnym momencie w najbli\u017cszej lokalizacji Cash2Go, ale tak\u017ce pomo\u017cemy Ci zasili\u0107 j\u0105 \u015brodkami, aby\u015b by\u0142 gotowy do drogi.  <\/p>\n<p>Karty Ventra maj\u0105 wiele zalet! U\u0142atwiaj\u0105 wsiadanie do autobusu lub poci\u0105gu CTA, poci\u0105gu Metra lub autobusu Pace bez konieczno\u015bci szukania odliczonej kwoty. Ventra ma tak\u017ce inne zastosowania \u2014 na przyk\u0142ad umo\u017cliwia przepuszczenie innych pasa\u017cer\u00f3w przy u\u017cyciu tej samej karty. Do\u0142aduj kart\u0119 w Cash2Go z wyprzedzeniem, aby nie martwi\u0107 si\u0119 o sp\u00f3\u017anienie na kolejny autobus lub poci\u0105g.[\/vc_column_text][vc_column_text css=&#8221;&#8221;]<a class=\"btn\" href=\"https:\/\/cash2gofinancial.com\/locations\/\">Znajd\u017a lokalizacj\u0119 w pobli\u017cu<\/a>[\/vc_column_text][\/vc_column_inner][\/vc_row_inner][\/vc_column][\/vc_row][vc_row el_id=&#8221;PrepaidPhoneCards&#8221; css=&#8221;.vc_custom_1744648923935{margin-top: 85px !important;}&#8221; el_class=&#8221;sub-service-section&#8221;][vc_column][vc_row_inner el_class=&#8221;gap-small&#8221;][vc_column_inner width=&#8221;1\/4&#8243;][vc_single_image image=&#8221;1651&#8243; img_size=&#8221;full&#8221; css=&#8221;&#8221;][\/vc_column_inner][vc_column_inner width=&#8221;3\/4&#8243;][vc_custom_heading text=&#8221;Przedp\u0142acone karty telefoniczne&#8221; use_theme_fonts=&#8221;yes&#8221; css=&#8221;.vc_custom_1738734349437{margin-top: 31.5px !important;}&#8221; el_class=&#8221;color-blue&#8221;][vc_column_text css=&#8221;&#8221; el_class=&#8221;subtitle&#8221;]Nasze us\u0142ugi telefoniczne prepaid pozwalaj\u0105 do\u0142adowa\u0107 wybran\u0105 kwot\u0119 na wybrany telefon, dzi\u0119ki czemu mo\u017cesz unikn\u0105\u0107 nieoczekiwanych op\u0142at. Ta us\u0142uga jest idealna dla ka\u017cdego, kto chce wygodnego modelu \u201ep\u0142a\u0107 na bie\u017c\u0105co\u201d do dzwonienia i wysy\u0142ania wiadomo\u015bci do bliskich, zar\u00f3wno w USA, jak i za granic\u0105. Zast\u0105p op\u0142aty za op\u00f3\u017anienia kontrol\u0105 nad tym, ile wydajesz na rozmowy. Przyjd\u017a do dowolnej lokalizacji Cash2Go Financial. Wydamy Ci kart\u0119 telefoniczn\u0105 i pomo\u017cemy j\u0105 do\u0142adowa\u0107, aby\u015b m\u00f3g\u0142 od razu zacz\u0105\u0107 z niej korzysta\u0107.[\/vc_column_text][vc_column_text css=&#8221;&#8221;]<\/p>\n<div class=\"service-item-toggle open\">Czytaj wi\u0119cej<\/div>\n<p>[\/vc_column_text][\/vc_column_inner][\/vc_row_inner][vc_row_inner el_class=&#8221;service-item-more open&#8221; css=&#8221;.vc_custom_1740499570205{margin-top: 15px !important;}&#8221;][vc_column_inner width=&#8221;2\/3&#8243;][vc_custom_heading text=&#8221;Korzy\u015bci z naszych przedp\u0142aconych kart telefonicznych&#8221; font_container=&#8221;tag:h3|text_align:left&#8221; use_theme_fonts=&#8221;yes&#8221; css=&#8221;.vc_custom_1740157599784{margin-bottom: 0px !important;}&#8221; el_class=&#8221;color-blue&#8221;][vc_column_text css=&#8221;&#8221; el_class=&#8221;text-body&#8221;]Je\u015bli nie mo\u017cesz sobie pozwoli\u0107 na tradycyjny abonament telefoniczny, ale chcesz pozosta\u0107 w kontakcie, nasze przedp\u0142acone karty telefoniczne s\u0105 najlepsz\u0105 opcj\u0105. Pozwalaj\u0105 p\u0142aci\u0107 z g\u00f3ry za czas rozm\u00f3w, wiadomo\u015bci tekstowe, a czasem tak\u017ce dane, bez konieczno\u015bci op\u0142acania miesi\u0119cznego rachunku. Brak ryzyka op\u0142at za op\u00f3\u017anienia lub przekroczenia terminu p\u0142atno\u015bci! Mo\u017cesz z nich korzysta\u0107 do wykonywania po\u0142\u0105cze\u0144, wysy\u0142ania wiadomo\u015bci i korzystania z us\u0142ug mobilnych, o ile na karcie znajduj\u0105 si\u0119 wystarczaj\u0105ce \u015brodki.   <\/p>\n<p>To doskona\u0142e rozwi\u0105zanie dla os\u00f3b, kt\u00f3re potrzebuj\u0105 prostego telefonu, ale nie chc\u0105 wi\u0105za\u0107 si\u0119 umowami. P\u0142acisz tylko za us\u0142ugi, kt\u00f3rych potrzebujesz, z g\u00f3ry. Twoje dane osobowe s\u0105 chronione, poniewa\u017c nie jest wymagane sprawdzenie zdolno\u015bci kredytowej. Niekt\u00f3re karty prepaid mog\u0105 mie\u0107 ograniczone wykorzystanie danych, dlatego przed zakupem sprawd\u017a szczeg\u00f3\u0142y.[\/vc_column_text][vc_column_text css=&#8221;&#8221;]<a class=\"btn\" href=\"https:\/\/cash2gofinancial.com\/locations\/\">Znajd\u017a lokalizacj\u0119 w pobli\u017cu<\/a>[\/vc_column_text][\/vc_column_inner][vc_column_inner el_class=&#8221;cash-fancy-box-col-top-right&#8221; width=&#8221;1\/3&#8243;][vc_custom_heading text=&#8221;Nie masz telefonu? \u017baden problem! Cash2Go Ci pomo\u017ce \u2014 bez zobowi\u0105za\u0144  &#8221; font_container=&#8221;tag:h3|text_align:left&#8221; use_theme_fonts=&#8221;yes&#8221; css=&#8221;.vc_custom_1740157622967{margin-bottom: 0px !important;}&#8221; el_class=&#8221;color-blue&#8221;][vc_column_text css=&#8221;&#8221;]<\/p>\n<ul class=\"list-check-circles\">\n<li aria-level=\"1\">P\u0142a\u0107 tylko za to, czego potrzebujesz \u2014 bez d\u0142ugoterminowych um\u00f3w i ukrytych op\u0142at.<\/li>\n<li aria-level=\"1\">Ka\u017cde po\u0142\u0105czenie lub wiadomo\u015b\u0107 zostanie odliczona od Twojego salda prepaid.<\/li>\n<li aria-level=\"1\">Do\u0142aduj swoje saldo w dowolnej lokalizacji Cash2Go w ka\u017cdej chwili!<\/li>\n<\/ul>\n<p>[\/vc_column_text][\/vc_column_inner][\/vc_row_inner][\/vc_column][\/vc_row][vc_row css=&#8221;.vc_custom_1738717287634{margin-top: 30px !important;}&#8221;][vc_column][vc_row_inner][vc_column_inner][vc_column_text css=&#8221;.vc_custom_1738713975097{margin-bottom: 0px !important;}&#8221;]<\/p>\n<p style=\"text-align: center;\"><a class=\"btn\" href=\"https:\/\/cash2gofinancial.com\/pl\/uslugi\/\">wWzystkie us\u0142ugi<\/a><\/p>\n<p>[\/vc_column_text][\/vc_column_inner][\/vc_row_inner][\/vc_column][\/vc_row]<\/p>\n<\/div>","protected":false},"excerpt":{"rendered":"<p>[vc_row el_class=&#8221;bg-gary&#8221;][vc_column][vc_row_inner][vc_column_inner][vc_column_text css=&#8221;.vc_custom_1739994925221{margin-bottom: 0px !important;}&#8221; el_class=&#8221;header-main-section&#8221;] Us\u0142ugi kartowe Cash2Go u\u0142atwiaj\u0105 \u017cycie [\/vc_column_text][vc_column_text css=&#8221;&#8221; el_class=&#8221;subtitle&#8221;] Nasze us\u0142ugi kartowe obejmuj\u0105 r\u00f3\u017cnorodne potrzeby. Niezale\u017cnie od tego, czy chodzi o poruszanie si\u0119 po mie\u015bcie, dokonywanie zakup\u00f3w bez nadmiernych wydatk\u00f3w, czy spos\u00f3b na wykonanie po\u0142\u0105czenia \u2014 mo\u017cemy Ci pom\u00f3c. [\/vc_column_text][vc_column_text css=&#8221;&#8221; el_class=&#8221;text-body&#8221;] Nasze wygodne us\u0142ugi kartowe nie tylko pomagaj\u0105 w [&hellip;]<\/p>\n","protected":false},"author":1,"featured_media":1652,"parent":1625,"menu_order":0,"comment_status":"closed","ping_status":"closed","template":"","meta":{"_acf_changed":false,"om_disable_all_campaigns":false,"_monsterinsights_skip_tracking":false,"_monsterinsights_sitenote_active":false,"_monsterinsights_sitenote_note":"","_monsterinsights_sitenote_category":0,"footnotes":""},"class_list":["post-1653","page","type-page","status-publish","has-post-thumbnail","hentry"],"acf":[],"aioseo_notices":[],"_links":{"self":[{"href":"https:\/\/cash2gofinancial.com\/pl\/wp-json\/wp\/v2\/pages\/1653","targetHints":{"allow":["GET"]}}],"collection":[{"href":"https:\/\/cash2gofinancial.com\/pl\/wp-json\/wp\/v2\/pages"}],"about":[{"href":"https:\/\/cash2gofinancial.com\/pl\/wp-json\/wp\/v2\/types\/page"}],"author":[{"embeddable":true,"href":"https:\/\/cash2gofinancial.com\/pl\/wp-json\/wp\/v2\/users\/1"}],"replies":[{"embeddable":true,"href":"https:\/\/cash2gofinancial.com\/pl\/wp-json\/wp\/v2\/comments?post=1653"}],"version-history":[{"count":2,"href":"https:\/\/cash2gofinancial.com\/pl\/wp-json\/wp\/v2\/pages\/1653\/revisions"}],"predecessor-version":[{"id":1659,"href":"https:\/\/cash2gofinancial.com\/pl\/wp-json\/wp\/v2\/pages\/1653\/revisions\/1659"}],"up":[{"embeddable":true,"href":"https:\/\/cash2gofinancial.com\/pl\/wp-json\/wp\/v2\/pages\/1625"}],"wp:featuredmedia":[{"embeddable":true,"href":"https:\/\/cash2gofinancial.com\/pl\/wp-json\/wp\/v2\/media\/1652"}],"wp:attachment":[{"href":"https:\/\/cash2gofinancial.com\/pl\/wp-json\/wp\/v2\/media?parent=1653"}],"curies":[{"name":"wp","href":"https:\/\/api.w.org\/{rel}","templated":true}]}}