{"id":1664,"date":"2025-01-29T04:58:16","date_gmt":"2025-01-29T04:58:16","guid":{"rendered":"https:\/\/cash2gofinancial.com\/uslugi\/realizacja-czekow\/"},"modified":"2026-04-03T15:13:17","modified_gmt":"2026-04-03T15:13:17","slug":"realizacja-czekow","status":"publish","type":"page","link":"https:\/\/cash2gofinancial.com\/pl\/uslugi\/realizacja-czekow\/","title":{"rendered":"Realizacja czek\u00f3w"},"content":{"rendered":"<div class=\"wpb-content-wrapper\"><p>[vc_row el_class=&#8221;bg-gary&#8221;][vc_column][vc_row_inner][vc_column_inner][vc_column_text css=&#8221;.vc_custom_1739994555993{margin-bottom: 0px !important;}&#8221; el_class=&#8221;header-main-section&#8221;]<\/p>\n<h1 class=\"header-main-section text-center color-blue title-narrow\">Twoje kompleksowe miejsce do realizacji wszystkich czek\u00f3w<\/h1>\n<p>[\/vc_column_text][vc_column_text css=&#8221;&#8221; el_class=&#8221;subtitle&#8221;]<\/p>\n<p style=\"text-align: center;\">Us\u0142ugi realizacji czek\u00f3w Cash2Go to ratunek, gdy potrzebujesz szybkiego dost\u0119pu do \u015brodk\u00f3w. Je\u015bli nie masz tradycyjnego konta bankowego, ale korzystasz z czek\u00f3w papierowych, nie musisz si\u0119 martwi\u0107. Oferujemy proste rozwi\u0105zanie alternatywne.  <\/p>\n<p>[\/vc_column_text][vc_column_text css=&#8221;&#8221; el_class=&#8221;text-body&#8221;]<\/p>\n<p style=\"text-align: center;\">Gdy potrzebujesz got\u00f3wki ASAP na op\u0142aty rachunk\u00f3w lub pilne wydatki, nie musisz odpowiada\u0107 na mn\u00f3stwo pyta\u0144 ani czeka\u0107, a\u017c bank rozliczy czek. Dzi\u0119ki wyd\u0142u\u017conym godzinom pracy nasze us\u0142ugi wype\u0142niaj\u0105 istotn\u0105 luk\u0119 dla odbiorc\u00f3w r\u00f3\u017cnych typ\u00f3w czek\u00f3w. <\/p>\n<p>[\/vc_column_text][\/vc_column_inner][\/vc_row_inner][vc_row_inner css=&#8221;.vc_custom_1738730866855{margin-top: 7px !important;padding-bottom: 16px !important;}&#8221; el_class=&#8221;row-sub-services&#8221;][vc_column_inner width=&#8221;1\/3&#8243;][vc_column_text css=&#8221;.vc_custom_1740434301235{margin-bottom: 50px !important;}&#8221;]<\/p>\n<p style=\"text-align: center;\"><a class=\"btn\" href=\"#DirectDepositGovernmentChecks\">Rz\u0105dowe czeki z bezpo\u015bredniego depozytu<\/a><\/p>\n<p>[\/vc_column_text][\/vc_column_inner][vc_column_inner width=&#8221;1\/3&#8243;][vc_column_text css=&#8221;.vc_custom_1740434320827{margin-bottom: 50px !important;}&#8221;]<\/p>\n<p style=\"text-align: center;\"><a class=\"btn\" href=\"#BusinessCheckCashing\">Realizacja czek\u00f3w firmowych<\/a><\/p>\n<p>[\/vc_column_text][\/vc_column_inner][vc_column_inner width=&#8221;1\/3&#8243;][vc_column_text css=&#8221;.vc_custom_1740434334886{margin-bottom: 50px !important;}&#8221;]<\/p>\n<p style=\"text-align: center;\"><a class=\"btn\" href=\"#PayrollChecks\">Czeki p\u0142acowe<\/a><\/p>\n<p>[\/vc_column_text][\/vc_column_inner][\/vc_row_inner][\/vc_column][\/vc_row][vc_row el_id=&#8221;DirectDepositGovernmentChecks&#8221; css=&#8221;.vc_custom_1744653859354{margin-top: 85px !important;}&#8221; el_class=&#8221;sub-service-section&#8221;][vc_column][vc_row_inner el_class=&#8221;gap-small&#8221;][vc_column_inner width=&#8221;1\/4&#8243;][vc_single_image image=&#8221;1660&#8243; img_size=&#8221;full&#8221; css=&#8221;&#8221;][\/vc_column_inner][vc_column_inner width=&#8221;3\/4&#8243;][vc_custom_heading text=&#8221;Rz\u0105dowe czeki z bezpo\u015bredniego depozytu&#8221; use_theme_fonts=&#8221;yes&#8221; css=&#8221;.vc_custom_1738734081049{margin-top: 31.5px !important;}&#8221; el_class=&#8221;color-blue&#8221;][vc_column_text css=&#8221;&#8221; el_class=&#8221;subtitle&#8221;]Dla os\u00f3b bez tradycyjnych relacji bankowych nasza us\u0142uga realizacji czek\u00f3w umo\u017cliwia wp\u0142at\u0119 czek\u00f3w rz\u0105dowych bezpo\u015brednio na karty przedp\u0142acone lub inne konta. Proces bezpo\u015bredniego depozytu jest cz\u0119sto bardziej niezawodny, bezpieczny i szybszy w por\u00f3wnaniu do otrzymywania fizycznych czek\u00f3w poczt\u0105.[\/vc_column_text][vc_column_text css=&#8221;&#8221;]<\/p>\n<div class=\"service-item-toggle open\">Czytaj wi\u0119cej<\/div>\n<p>[\/vc_column_text][\/vc_column_inner][\/vc_row_inner][vc_row_inner el_class=&#8221;service-item-more open&#8221; css=&#8221;.vc_custom_1740499478691{margin-top: 15px !important;}&#8221;][vc_column_inner width=&#8221;2\/3&#8243;][vc_custom_heading text=&#8221;Nie masz konta bankowego? \u017baden problem. &#8221; font_container=&#8221;tag:h3|text_align:left&#8221; use_theme_fonts=&#8221;yes&#8221; css=&#8221;.vc_custom_1739994576596{margin-bottom: 0px !important;}&#8221; el_class=&#8221;color-blue&#8221;][vc_column_text css=&#8221;&#8221; el_class=&#8221;text-body&#8221;]Dla os\u00f3b bez tradycyjnych relacji bankowych nasza us\u0142uga realizacji czek\u00f3w umo\u017cliwia wp\u0142at\u0119 czek\u00f3w rz\u0105dowych bezpo\u015brednio na karty przedp\u0142acone lub inne konta. Proces bezpo\u015bredniego depozytu jest cz\u0119sto bardziej niezawodny, bezpieczny i szybszy w por\u00f3wnaniu do otrzymywania fizycznych czek\u00f3w poczt\u0105. <\/p>\n<p>Chcesz szybszego i bardziej stabilnego dost\u0119pu do swoich \u015bwiadcze\u0144? Ta us\u0142uga ogranicza op\u00f3\u017anienia spowodowane problemami z poczt\u0105 lub zagubionymi czekami. Zapytaj jednego z naszych pracownik\u00f3w o konfiguracj\u0119 bezpo\u015bredniego depozytu, aby zapewni\u0107 sprawne przetwarzanie \u015brodk\u00f3w. Mo\u017ce to by\u0107 bezpieczny spos\u00f3b na zmniejszenie ryzyka oszustwa. Nast\u0119pnie mo\u017cesz uzyska\u0107 dost\u0119p do swoich \u015bwiadcze\u0144 praktycznie z dowolnego miejsca.[\/vc_column_text][vc_column_text css=&#8221;&#8221;]<a class=\"btn\" href=\"https:\/\/cash2gofinancial.com\/locations\/\">Znajd\u017a lokalizacj\u0119 w pobli\u017cu<\/a>[\/vc_column_text][\/vc_column_inner][vc_column_inner el_class=&#8221;cash-fancy-box-col-top-right&#8221; width=&#8221;1\/3&#8243;][vc_custom_heading text=&#8221;Uzyskaj informacje o bezpo\u015brednim depozycie czek\u00f3w rz\u0105dowych w Cash2Go.&#8221; font_container=&#8221;tag:h3|text_align:left&#8221; use_theme_fonts=&#8221;yes&#8221; css=&#8221;.vc_custom_1739994832459{margin-bottom: 0px !important;}&#8221; el_class=&#8221;color-blue&#8221;][vc_column_text css=&#8221;&#8221;]<\/p>\n<ul class=\"list-check-circles\">\n<li aria-level=\"1\">Skonfiguruj bezpo\u015bredni depozyt w najbli\u017cszej lokalizacji.<\/li>\n<li aria-level=\"1\">Otrzymuj swoje czeki rz\u0105dowe elektronicznie w Cash2Go.<\/li>\n<li aria-level=\"1\">Otrzymuj \u015brodki szybciej, bez oczekiwania.<\/li>\n<\/ul>\n<p>[\/vc_column_text][\/vc_column_inner][\/vc_row_inner][\/vc_column][\/vc_row][vc_row el_id=&#8221;BusinessCheckCashing&#8221; css=&#8221;.vc_custom_1744653864977{margin-top: 65px !important;}&#8221; el_class=&#8221;sub-service-section&#8221;][vc_column][vc_row_inner el_class=&#8221;gap-small reverse-columns-on-small&#8221;][vc_column_inner width=&#8221;3\/4&#8243;][vc_custom_heading text=&#8221;Realizacja czek\u00f3w firmowych&#8221; use_theme_fonts=&#8221;yes&#8221; css=&#8221;.vc_custom_1738734090518{margin-top: 31.5px !important;margin-bottom: 0px !important;}&#8221; el_class=&#8221;color-blue&#8221;][vc_column_text css=&#8221;&#8221; el_class=&#8221;subtitle&#8221;]Przedsi\u0119biorcy i w\u0142a\u015bciciele firm na wczesnym etapie rozwoju staj\u0105 przed wieloma wyzwaniami, ale realizacja czek\u00f3w nie powinna by\u0107 jednym z nich! Nasz zesp\u00f3\u0142 w Cash2Go pomo\u017ce Ci szybko i \u0142atwo uzyska\u0107 dost\u0119p do got\u00f3wki, <a href=\"https:\/\/form.jotform.com\/222430705951148\" target=\"_blank\" rel=\"noopener\">realizuj\u0105c czeki firmowe<\/a> w jednej z naszych licznych lokalizacji.[\/vc_column_text][vc_column_text css=&#8221;&#8221;]<\/p>\n<div class=\"service-item-toggle open\">Czytaj wi\u0119cej<\/div>\n<p>[\/vc_column_text][\/vc_column_inner][vc_column_inner width=&#8221;1\/4&#8243;][vc_single_image image=&#8221;1661&#8243; img_size=&#8221;full&#8221; css=&#8221;&#8221;][\/vc_column_inner][\/vc_row_inner][vc_row_inner el_class=&#8221;service-item-more open reverse-columns-on-small&#8221; css=&#8221;.vc_custom_1740499493211{margin-top: 15px !important;}&#8221;][vc_column_inner el_class=&#8221;cash-fancy-box-col-top-left&#8221; width=&#8221;1\/3&#8243;][vc_custom_heading text=&#8221;Kilka przydatnych wskaz\u00f3wek dotycz\u0105cych korzystania z naszej us\u0142ugi realizacji czek\u00f3w firmowych:&#8221; font_container=&#8221;tag:h3|text_align:left&#8221; use_theme_fonts=&#8221;yes&#8221; css=&#8221;&#8221; el_class=&#8221;color-blue&#8221;][vc_column_text css=&#8221;&#8221;]<\/p>\n<ul class=\"list-check-circles\">\n<li aria-level=\"1\">Zadzwo\u0144 wcze\u015bniej z pytaniami o op\u0142aty lub limity kwot na czeku.<\/li>\n<li aria-level=\"1\">Zabierz wa\u017cny dokument to\u017csamo\u015bci i upewnij si\u0119, \u017ce czek jest prawid\u0142owy.<\/li>\n<li aria-level=\"1\">Uzyskaj dost\u0119p do got\u00f3wki bez zb\u0119dnego oczekiwania.<\/li>\n<\/ul>\n<p>[\/vc_column_text][\/vc_column_inner][vc_column_inner width=&#8221;2\/3&#8243;][vc_custom_heading text=&#8221;Jak Twoja firma mo\u017ce skorzysta\u0107 z us\u0142ug realizacji czek\u00f3w&#8221; font_container=&#8221;tag:h3|text_align:left&#8221; use_theme_fonts=&#8221;yes&#8221; css=&#8221;.vc_custom_1739289603187{margin-bottom: 0px !important;}&#8221; el_class=&#8221;color-blue&#8221;][vc_column_text css=&#8221;&#8221; el_class=&#8221;text-body&#8221;]<\/p>\n<ol style=\"padding-left: 0px;\">\n<li>Nasze us\u0142ugi s\u0105 dost\u0119pne dla ka\u017cdego, kto potrzebuje wsparcia. Nie potrzebujesz konta ani wcze\u015bniejszej relacji z nami, co cz\u0119sto jest wymagane w banku. Nasz zesp\u00f3\u0142 jest gotowy obs\u0142u\u017cy\u0107 Ci\u0119 od pierwszego kontaktu.  <\/li>\n<li>Twoja got\u00f3wka jest Twoja od razu. Banki cz\u0119sto zatrzymuj\u0105 czeki firmowe w procesie rozliczeniowym, co blokuje \u015brodki i ogranicza p\u0142ynno\u015b\u0107 finansow\u0105. Nasze us\u0142ugi to szybszy spos\u00f3b na dost\u0119p do pieni\u0119dzy, gdy ich potrzebujesz.  <\/li>\n<li>Banki mog\u0105 pobiera\u0107 r\u00f3\u017cne op\u0142aty za korzystanie z us\u0142ug biznesowych \u2013 od miesi\u0119cznych op\u0142at za prowadzenie konta po op\u0142aty za debet. Nieoczekiwane koszty mog\u0105 powodowa\u0107 dodatkowy stres dla nowych przedsi\u0119biorc\u00f3w.  <\/li>\n<li>Jako w\u0142a\u015bciciel firmy po\u015bwi\u0119casz wiele godzin na budow\u0119 marki i dzia\u0142alno\u015bci. Mo\u017ce to oznacza\u0107 prac\u0119 poza standardowymi \u201egodzinami bankowymi\u201d. Nasze plac\u00f3wki oferuj\u0105 wyd\u0142u\u017cone godziny, aby\u015b m\u00f3g\u0142 za\u0142atwi\u0107 wszystkie sprawy zwi\u0105zane z realizacj\u0105 czek\u00f3w.  <\/li>\n<\/ol>\n<p>[\/vc_column_text][vc_column_text css=&#8221;&#8221;]<a class=\"btn\" href=\"https:\/\/cash2gofinancial.com\/locations\/\">Znajd\u017a lokalizacj\u0119 w pobli\u017cu<\/a>[\/vc_column_text][\/vc_column_inner][\/vc_row_inner][\/vc_column][\/vc_row][vc_row el_id=&#8221;PayrollChecks&#8221; css=&#8221;.vc_custom_1744653869434{margin-top: 85px !important;}&#8221; el_class=&#8221;sub-service-section&#8221;][vc_column][vc_row_inner el_class=&#8221;gap-small&#8221;][vc_column_inner width=&#8221;1\/4&#8243;][vc_single_image image=&#8221;1662&#8243; img_size=&#8221;full&#8221; css=&#8221;&#8221;][\/vc_column_inner][vc_column_inner width=&#8221;3\/4&#8243;][vc_custom_heading text=&#8221;Czeki p\u0142acowe&#8221; use_theme_fonts=&#8221;yes&#8221; css=&#8221;.vc_custom_1738734104359{margin-top: 31.5px !important;}&#8221; el_class=&#8221;color-blue&#8221;][vc_column_text css=&#8221;&#8221; el_class=&#8221;subtitle&#8221;]Chcesz wyj\u015b\u0107 na miasto zaraz po otrzymaniu kolejnej wyp\u0142aty? Realizacja czek\u00f3w p\u0142acowych w Cash2Go daje natychmiastowy dost\u0119p do wynagrodzenia \u2013 bez potrzeby posiadania konta bankowego. To przydatne dla os\u00f3b, kt\u00f3re wol\u0105 nie korzysta\u0107 z bank\u00f3w do realizacji czek\u00f3w.[\/vc_column_text][vc_column_text css=&#8221;&#8221;]<\/p>\n<div class=\"service-item-toggle open\">Czytaj wi\u0119cej<\/div>\n<p>[\/vc_column_text][\/vc_column_inner][\/vc_row_inner][vc_row_inner el_class=&#8221;service-item-more open&#8221; css=&#8221;.vc_custom_1740499507562{margin-top: 15px !important;}&#8221;][vc_column_inner width=&#8221;2\/3&#8243;][vc_custom_heading text=&#8221;Co wyr\u00f3\u017cnia nasz\u0105 us\u0142ug\u0119&#8221; font_container=&#8221;tag:h3|text_align:left&#8221; use_theme_fonts=&#8221;yes&#8221; css=&#8221;.vc_custom_1739994698373{margin-bottom: 0px !important;}&#8221; el_class=&#8221;color-blue&#8221;][vc_column_text css=&#8221;&#8221; el_class=&#8221;text-body&#8221;]Czasami potrzebujesz got\u00f3wki natychmiast, gdy tylko p\u0142atno\u015b\u0107 dotrze do Ciebie lub pojawi si\u0119 na koncie. Jednak niekt\u00f3re firmy ka\u017c\u0105 czeka\u0107 kilka dni na weryfikacj\u0119 danych, pozostawiaj\u0105c Ci\u0119 bez dost\u0119pu do ci\u0119\u017cko zarobionych pieni\u0119dzy. <\/p>\n<p>Je\u015bli masz napi\u0119ty grafik lub potrzebujesz zrealizowa\u0107 czek p\u0142acowy poza godzinami pracy bank\u00f3w, us\u0142uga jest dost\u0119pna tak\u017ce poza standardowymi godzinami, w tym wieczorami i w weekendy. Pami\u0119taj o ewentualnych op\u0142atach lub limitach kwot zwi\u0105zanych z us\u0142ug\u0105. Wystarczy zadzwoni\u0107 w dogodnym dla Ciebie czasie, a om\u00f3wimy szczeg\u00f3\u0142y, aby\u015b by\u0142 przygotowany i wiedzia\u0142, czego si\u0119 spodziewa\u0107.[\/vc_column_text][vc_column_text css=&#8221;&#8221;]<a class=\"btn\" href=\"https:\/\/cash2gofinancial.com\/locations\/\">Znajd\u017a lokalizacj\u0119 w pobli\u017cu<\/a>[\/vc_column_text][\/vc_column_inner][vc_column_inner el_class=&#8221;cash-fancy-box-col-top-right&#8221; width=&#8221;1\/3&#8243;][vc_custom_heading text=&#8221;Realizacja czek\u00f3w p\u0142acowych nigdy nie by\u0142a prostsza. Kilka pomocnych przypomnie\u0144: &#8221; font_container=&#8221;tag:h3|text_align:left&#8221; use_theme_fonts=&#8221;yes&#8221; css=&#8221;.vc_custom_1739994721622{margin-bottom: 0px !important;}&#8221; el_class=&#8221;color-blue&#8221;][vc_column_text css=&#8221;&#8221;]<\/p>\n<ul class=\"list-check-circles\">\n<li aria-level=\"1\">Wpadnij w dowolnym momencie, aby za\u0142o\u017cy\u0107 konto do realizacji czek\u00f3w.<\/li>\n<li aria-level=\"1\">Zabierz wa\u017cny dokument to\u017csamo\u015bci oraz wszelk\u0105 wymagan\u0105 dokumentacj\u0119.<\/li>\n<li aria-level=\"1\">Ciesz si\u0119 szybszym dost\u0119pem do swoich pieni\u0119dzy!<\/li>\n<\/ul>\n<p>[\/vc_column_text][\/vc_column_inner][\/vc_row_inner][\/vc_column][\/vc_row][vc_row css=&#8221;.vc_custom_1738717287634{margin-top: 30px !important;}&#8221;][vc_column][vc_row_inner][vc_column_inner][vc_column_text css=&#8221;.vc_custom_1738713975097{margin-bottom: 0px !important;}&#8221;]<\/p>\n<p style=\"text-align: center;\"><a class=\"btn\" href=\"https:\/\/cash2gofinancial.com\/pl\/uslugi\/\">wWzystkie us\u0142ugi<\/a><\/p>\n<p>[\/vc_column_text][\/vc_column_inner][\/vc_row_inner][\/vc_column][\/vc_row]<\/p>\n<\/div>","protected":false},"excerpt":{"rendered":"<p>[vc_row el_class=&#8221;bg-gary&#8221;][vc_column][vc_row_inner][vc_column_inner][vc_column_text css=&#8221;.vc_custom_1739994555993{margin-bottom: 0px !important;}&#8221; el_class=&#8221;header-main-section&#8221;] Twoje kompleksowe miejsce do realizacji wszystkich czek\u00f3w [\/vc_column_text][vc_column_text css=&#8221;&#8221; el_class=&#8221;subtitle&#8221;] Us\u0142ugi realizacji czek\u00f3w Cash2Go to ratunek, gdy potrzebujesz szybkiego dost\u0119pu do \u015brodk\u00f3w. Je\u015bli nie masz tradycyjnego konta bankowego, ale korzystasz z czek\u00f3w papierowych, nie musisz si\u0119 martwi\u0107. Oferujemy proste rozwi\u0105zanie alternatywne. [\/vc_column_text][vc_column_text css=&#8221;&#8221; el_class=&#8221;text-body&#8221;] Gdy potrzebujesz got\u00f3wki ASAP na [&hellip;]<\/p>\n","protected":false},"author":1,"featured_media":1663,"parent":1625,"menu_order":0,"comment_status":"closed","ping_status":"closed","template":"","meta":{"_acf_changed":false,"om_disable_all_campaigns":false,"_monsterinsights_skip_tracking":false,"_monsterinsights_sitenote_active":false,"_monsterinsights_sitenote_note":"","_monsterinsights_sitenote_category":0,"footnotes":""},"class_list":["post-1664","page","type-page","status-publish","has-post-thumbnail","hentry"],"acf":[],"aioseo_notices":[],"_links":{"self":[{"href":"https:\/\/cash2gofinancial.com\/pl\/wp-json\/wp\/v2\/pages\/1664","targetHints":{"allow":["GET"]}}],"collection":[{"href":"https:\/\/cash2gofinancial.com\/pl\/wp-json\/wp\/v2\/pages"}],"about":[{"href":"https:\/\/cash2gofinancial.com\/pl\/wp-json\/wp\/v2\/types\/page"}],"author":[{"embeddable":true,"href":"https:\/\/cash2gofinancial.com\/pl\/wp-json\/wp\/v2\/users\/1"}],"replies":[{"embeddable":true,"href":"https:\/\/cash2gofinancial.com\/pl\/wp-json\/wp\/v2\/comments?post=1664"}],"version-history":[{"count":2,"href":"https:\/\/cash2gofinancial.com\/pl\/wp-json\/wp\/v2\/pages\/1664\/revisions"}],"predecessor-version":[{"id":1669,"href":"https:\/\/cash2gofinancial.com\/pl\/wp-json\/wp\/v2\/pages\/1664\/revisions\/1669"}],"up":[{"embeddable":true,"href":"https:\/\/cash2gofinancial.com\/pl\/wp-json\/wp\/v2\/pages\/1625"}],"wp:featuredmedia":[{"embeddable":true,"href":"https:\/\/cash2gofinancial.com\/pl\/wp-json\/wp\/v2\/media\/1663"}],"wp:attachment":[{"href":"https:\/\/cash2gofinancial.com\/pl\/wp-json\/wp\/v2\/media?parent=1664"}],"curies":[{"name":"wp","href":"https:\/\/api.w.org\/{rel}","templated":true}]}}