{"id":1868,"date":"2025-01-30T01:43:55","date_gmt":"2025-01-30T01:43:55","guid":{"rendered":"https:\/\/cash2gofinancial.com\/blog\/"},"modified":"2026-04-10T15:35:21","modified_gmt":"2026-04-10T15:35:21","slug":"blog","status":"publish","type":"page","link":"https:\/\/cash2gofinancial.com\/pl\/blog\/","title":{"rendered":"Blog"},"content":{"rendered":"<div class=\"wpb-content-wrapper\"><p>[vc_row el_class=&#8221;cash-fancy-box-top&#8221;][vc_column][vc_row_inner disable_element=&#8221;yes&#8221;][vc_column_inner][vc_single_image image=&#8221;1611&#8243; img_size=&#8221;full&#8221; css=&#8221;.vc_custom_1739548952772{margin-bottom: 0px !important;}&#8221; el_class=&#8221;img-full-width&#8221;][\/vc_column_inner][\/vc_row_inner][\/vc_column][\/vc_row][vc_row el_class=&#8221;cash-fancy-box&#8221; css=&#8221;.vc_custom_1738719270607{margin-top: 65px !important;}&#8221;][vc_column][vc_row_inner][vc_column_inner][vc_masonry_grid post_type=&#8221;post&#8221; max_items=&#8221;10&#8243; style=&#8221;lazy&#8221; show_filter=&#8221;yes&#8221; css=&#8221;&#8221; grid_id=&#8221;vc_gid:1740597290225-86ce335c-c4bf-7&#8243; filter_source=&#8221;category&#8221; el_class=&#8221;c2g-post-grid&#8221;][\/vc_column_inner][\/vc_row_inner][vc_row_inner disable_element=&#8221;yes&#8221;][vc_column_inner width=&#8221;1\/2&#8243;][vc_column_text css=&#8221;.vc_custom_1738719139255{margin-top: 0px !important;margin-bottom: 0px !important;}&#8221;]<\/p>\n<h2 class=\"color-blue\" style=\"margin: 0;\">Wspieranie rozwoju spo\u0142eczno\u015bci Chicago, jedna transakcja na raz<\/h2>\n<p>[\/vc_column_text][vc_column_text css=&#8221;&#8221; el_class=&#8221;subtitle&#8221;]W Cash2Go Financial rozumiemy, jak du\u017cym wyzwaniem mo\u017ce by\u0107 utrzymanie kontroli nad finansami przy jednoczesnym terminowym za\u0142atwianiu spraw zwi\u0105zanych z pojazdem. W obliczu rosn\u0105cej z\u0142o\u017cono\u015bci codziennego \u017cycia dok\u0142adamy wszelkich stara\u0144, aby oferowane przez nas rozwi\u0105zania by\u0142y jak najprostsze.[\/vc_column_text][\/vc_column_inner][vc_column_inner width=&#8221;1\/2&#8243;][vc_column_text css=&#8221;&#8221;]<\/p>\n<p style=\"margin-top: 0;\">Z tego wzgl\u0119du stworzyli\u015bmy Cash2Go Financial, aby zapewni\u0107 szeroki zakres wygodnych us\u0142ug finansowych w naszych plac\u00f3wkach zlokalizowanych na przedmie\u015bciach Chicago oraz w innych cz\u0119\u015bciach p\u00f3\u0142nocnego Illinois. Nasza dzia\u0142alno\u015b\u0107 umo\u017cliwia osobom indywidualnym i rodzinom \u0142atwe realizowanie niemal wszystkich rutynowych operacji finansowych, w tym przekaz\u00f3w pieni\u0119\u017cnych, realizacji czek\u00f3w prywatnych i firmowych, op\u0142acania rachunk\u00f3w za media, uzyskiwania przedp\u0142aconych kart debetowych i wielu innych us\u0142ug. <\/p>\n<p>[\/vc_column_text][vc_column_text css=&#8221;&#8221; el_class=&#8221;text-bold&#8221;]Niezale\u017cnie od tego, czy s\u0105 Pa\u0144stwo nowi w okolicy, czy dopiero poznaj\u0105 nasz\u0105 ofert\u0119, zapraszamy do zapoznania si\u0119 z naszymi us\u0142ugami. Z pewno\u015bci\u0105 doceni\u0105 Pa\u0144stwo ich szeroki zakres oraz r\u00f3\u017cnorodno\u015b\u0107, kt\u00f3re oferujemy ka\u017cdego dnia. Jeste\u015bmy otwarci r\u00f3wnie\u017c wieczorami oraz w weekendy.[\/vc_column_text][\/vc_column_inner][\/vc_row_inner][\/vc_column][\/vc_row][vc_row css=&#8221;.vc_custom_1738719485328{margin-top: 94px !important;}&#8221;][vc_column][vc_row_inner][vc_column_inner width=&#8221;1\/3&#8243;][vc_single_image image=&#8221;1592&#8243; img_size=&#8221;full&#8221; alignment=&#8221;center&#8221; css=&#8221;.vc_custom_1739302897611{margin-bottom: 0px !important;}&#8221;][vc_custom_heading text=&#8221;Dogodne lokalizacje&#8221; font_container=&#8221;tag:h4|text_align:center&#8221; use_theme_fonts=&#8221;yes&#8221; css=&#8221;&#8221; el_class=&#8221;color-blue&#8221;][vc_column_text css=&#8221;&#8221; el_class=&#8221;body-small text-hug&#8221;]<\/p>\n<p style=\"text-align: center;\">Zlokalizowane w ca\u0142ym obszarze metropolitalnym Chicago.<\/p>\n<p>[\/vc_column_text][\/vc_column_inner][vc_column_inner width=&#8221;1\/3&#8243;][vc_single_image image=&#8221;1593&#8243; img_size=&#8221;full&#8221; alignment=&#8221;center&#8221; css=&#8221;.vc_custom_1739302907833{margin-bottom: 0px !important;}&#8221;][vc_custom_heading text=&#8221;Szybko i przyja\u017anie&#8221; font_container=&#8221;tag:h4|text_align:center&#8221; use_theme_fonts=&#8221;yes&#8221; css=&#8221;&#8221; el_class=&#8221;color-blue&#8221;][vc_column_text css=&#8221;&#8221; el_class=&#8221;body-small text-hug&#8221;]<\/p>\n<p style=\"text-align: center;\">Ch\u0119tnie przeprowadzimy Ci\u0119 przez nasze wygodne us\u0142ugi.<\/p>\n<p>[\/vc_column_text][\/vc_column_inner][vc_column_inner width=&#8221;1\/3&#8243;][vc_single_image image=&#8221;1594&#8243; img_size=&#8221;full&#8221; alignment=&#8221;center&#8221; css=&#8221;.vc_custom_1739302918234{margin-bottom: 0px !important;}&#8221;][vc_custom_heading text=&#8221;Kompleksowe rozwi\u0105zanie&#8221; font_container=&#8221;tag:h4|text_align:center&#8221; use_theme_fonts=&#8221;yes&#8221; css=&#8221;&#8221; el_class=&#8221;color-blue&#8221;][vc_column_text css=&#8221;&#8221; el_class=&#8221;body-small text-hug&#8221;]<\/p>\n<p style=\"text-align: center;\">Od spraw zwi\u0105zanych z rejestracj\u0105 pojazd\u00f3w po finanse osobiste \u2013 mamy wszystko.<\/p>\n<p>[\/vc_column_text][\/vc_column_inner][\/vc_row_inner][\/vc_column][\/vc_row][vc_row disable_element=&#8221;yes&#8221; css=&#8221;.vc_custom_1740500313104{margin-top: 74.5px !important;}&#8221;][vc_column][vc_row_inner el_class=&#8221;gap-medium&#8221;][vc_column_inner width=&#8221;1\/2&#8243;][vc_single_image image=&#8221;1612&#8243; img_size=&#8221;full&#8221; alignment=&#8221;center&#8221; css=&#8221;&#8221; el_class=&#8221;img-full-width&#8221;][\/vc_column_inner][vc_column_inner width=&#8221;1\/2&#8243;][vc_column_text css=&#8221;&#8221;]<\/p>\n<h2 class=\"color-blue\">Nowe oblicze wygody w wymianie walut<\/h2>\n<p>[\/vc_column_text][vc_column_text css=&#8221;&#8221; el_class=&#8221;subtitle&#8221;]W miar\u0119 jak technologia sprawia, \u017ce p\u0142acenie za r\u00f3\u017cne rzeczy staje si\u0119 coraz bardziej skomplikowane, Cash2Go Financial utrzymuje swoje us\u0142ugi proste i \u0142atwe w u\u017cyciu dla klient\u00f3w.[\/vc_column_text][vc_column_text css=&#8221;&#8221;]To nie jest kantor Twojego dziadka. Jeste\u015bmy lokalnymi firmami, gdzie zapracowani ludzie mog\u0105 w mgnieniu oka za\u0142atwi\u0107 niezliczone codzienne sprawy. W dzisiejszej nowoczesnej erze nadal mo\u017cesz oszcz\u0119dza\u0107 czas, udaj\u0105c si\u0119 do naszej najbli\u017cszej lokalizacji. Nasz zesp\u00f3\u0142 ch\u0119tnie pomo\u017ce, odpowiadaj\u0105c na pytania i oferuj\u0105c wsparcie. Dziesi\u0105tki us\u0142ug w jednym miejscu.    <\/p>\n<p>[\/vc_column_text][vc_column_text css=&#8221;&#8221;]<a class=\"btn\" href=\"https:\/\/cash2gofinancial.com\/pl\/uslugi\/realizacja-czekow\/\">Zobacz nasze us\u0142ugi realizacji czek\u00f3w<\/a>[\/vc_column_text][\/vc_column_inner][\/vc_row_inner][vc_row_inner css=&#8221;.vc_custom_1738721691241{margin-top: 76px !important;}&#8221; el_class=&#8221;gap-medium reverse-columns-on-small&#8221;][vc_column_inner width=&#8221;1\/2&#8243;][vc_column_text css=&#8221;&#8221;]<\/p>\n<h2 class=\"color-blue\">Rozszerzanie us\u0142ug, wzmacnianie spo\u0142eczno\u015bci<\/h2>\n<p>[\/vc_column_text][vc_column_text css=&#8221;&#8221; el_class=&#8221;subtitle&#8221;]Spo\u0142eczno\u015bci s\u0105 silniejsze, gdy mieszka\u0144cy maj\u0105 \u0142atwy dost\u0119p do got\u00f3wki, mog\u0105 terminowo op\u0142aca\u0107 rachunki i za\u0142atwia\u0107 sprawy zwi\u0105zane z pojazdami tu\u017c obok swojego domu.[\/vc_column_text][vc_column_text css=&#8221;&#8221;]To nie tylko us\u0142ugi finansowe, kt\u00f3re oferujemy. Ka\u017cda plac\u00f3wka Cash2Go Financial pomo\u017ce Ci r\u00f3wnie\u017c w przeniesieniu tytu\u0142u w\u0142asno\u015bci, rejestracji tablic oraz odnowieniu tablic rejestracyjnych, oferuj\u0105c szeroki zakres us\u0142ug zwi\u0105zanych z pojazdami. Zapomnij o DMV. Nast\u0119pnym razem, gdy b\u0119dziesz musia\u0142 zarejestrowa\u0107 sw\u00f3j pojazd lub przenie\u015b\u0107 tytu\u0142 w\u0142asno\u015bci sprzedanego samochodu, jeste\u015bmy do Twojej dyspozycji.   <\/p>\n<p>Dzi\u0119ki 15 oddzia\u0142om, z kt\u00f3rych wiele jest otwartych wieczorami, w weekendy i \u015bwi\u0119ta, plac\u00f3wki Cash2Go rozwijaj\u0105 si\u0119 \u2014 podobnie jak sposoby p\u0142atno\u015bci za nasze us\u0142ugi. Teraz mo\u017cesz za\u0142atwi\u0107 swoje sprawy telefonicznie lub osobi\u015bcie, a w niekt\u00f3rych przypadkach tak\u017ce online lub za pomoc\u0105 aplikacji Cash2Go. Odwied\u017a najbli\u017csz\u0105 plac\u00f3wk\u0119 i przywitaj si\u0119. Nasz zesp\u00f3\u0142 ch\u0119tnie wyja\u015bni, jak wszystko dzia\u0142a. B\u0119dziesz zaskoczony, jak wiele mo\u017cesz za\u0142atwi\u0107 w jednym miejscu![\/vc_column_text][vc_column_text css=&#8221;&#8221;]<a class=\"btn\" href=\"https:\/\/cash2gofinancial.com\/locations\/\">Znajd\u017a lokalizacj\u0119 w pobli\u017cu<\/a>[\/vc_column_text][\/vc_column_inner][vc_column_inner width=&#8221;1\/2&#8243;][vc_single_image image=&#8221;1613&#8243; img_size=&#8221;full&#8221; alignment=&#8221;center&#8221; css=&#8221;&#8221; el_class=&#8221;img-full-width&#8221;][\/vc_column_inner][\/vc_row_inner][\/vc_column][\/vc_row][vc_row css=&#8221;.vc_custom_1738721064943{margin-top: 99px !important;}&#8221;][vc_column][vc_row_inner][vc_column_inner][vc_single_image image=&#8221;1614&#8243; img_size=&#8221;full&#8221; alignment=&#8221;center&#8221; css=&#8221;.vc_custom_1738721143529{margin-bottom: 0px !important;}&#8221;][vc_column_text css=&#8221;&#8221;]<\/p>\n<h2 class=\"color-blue text-center\" style=\"margin-top: 25px;\">Chicago przemawia: Dlaczego nas kochaj\u0105<\/h2>\n<p>[\/vc_column_text]\t\t<div class=\"testimonial-slider\">\n\t\t\t<section class=\"splide\" id=\"splider-testimonial4720\" aria-label=\"Testimonials\">\n\t\t\t  <div class=\"splide__track\">\n\t\t\t\t\t<ul class=\"splide__list\">\n\t\t\t\t\t\t\n\t\t\t\t\t\t\t\t\t\t\t\t\t<li class=\"splide__slide\">\n\t\t\t\t\t\t\t\t\n\t\t\t\t\t\t\t\t<div class=\"testimonial-inner\">\n\t\t\t\t\t\t\t\t\t<div class=\"testimonial-desc\">Gor\u0105co polecam to miejsce. Panie, kt\u00f3re tu pracuj\u0105, s\u0105 przyjazne, szybkie i sprawne. Nigdy nie mia\u0142am \u017cadnych problem\u00f3w, a Erika by\u0142a bardzo pomocna.  <\/div>\n\t\t\t\t\t\t\t\t\t<div class=\"testimonial-title\">Katrina Ramon<\/div>\n\t\t\t\t\t\t\t\t<\/div>\n\t\t\t\t\t\t\t<\/li>\n\t\t\t\t\t\t\t\t\t\t\t\t\t<li class=\"splide__slide\">\n\t\t\t\t\t\t\t\t\n\t\t\t\t\t\t\t\t<div class=\"testimonial-inner\">\n\t\t\t\t\t\t\t\t\t<div class=\"testimonial-desc\">Kierowniczka serwisu by\u0142a \u015bwietna \u2013 bardzo pomocna i uprzejma. Rozwi\u0105za\u0142a m\u00f3j problem, mimo \u017ce nie mia\u0142a takiego obowi\u0105zku. <\/div>\n\t\t\t\t\t\t\t\t\t<div class=\"testimonial-title\">Marcin Spyrka<\/div>\n\t\t\t\t\t\t\t\t<\/div>\n\t\t\t\t\t\t\t<\/li>\n\t\t\t\t\t\t\t\t\t\t\t\t\t<li class=\"splide__slide\">\n\t\t\t\t\t\t\t\t\n\t\t\t\t\t\t\t\t<div class=\"testimonial-inner\">\n\t\t\t\t\t\t\t\t\t<div class=\"testimonial-desc\">Obs\u0142uga jest bardzo mi\u0142a. Jestem tam klientem, dziewczyny pracuj\u0105ce w tym miejscu s\u0105 bardzo przyjazne, jestem zadowolony z oferowanych tam us\u0142ug. <\/div>\n\t\t\t\t\t\t\t\t\t<div class=\"testimonial-title\">Norma Soto<\/div>\n\t\t\t\t\t\t\t\t<\/div>\n\t\t\t\t\t\t\t<\/li>\n\t\t\t\t\t\t\t\t\t\t\t\t\t<li class=\"splide__slide\">\n\t\t\t\t\t\t\t\t\n\t\t\t\t\t\t\t\t<div class=\"testimonial-inner\">\n\t\t\t\t\t\t\t\t\t<div class=\"testimonial-desc\">Poszed\u0142em dzisiaj przed\u0142u\u017cy\u0107 rejestracj\u0119 samochodu. Vicky by\u0142a bardzo mi\u0142a i bardzo pomocna. Dzi\u0119ki temu p\u0142acenie kolejnych op\u0142at na rzecz stanu Illinois by\u0142o nieco mniej irytuj\u0105ce!<\/div>\n\t\t\t\t\t\t\t\t\t<div class=\"testimonial-title\">Carrie M.<\/div>\n\t\t\t\t\t\t\t\t<\/div>\n\t\t\t\t\t\t\t<\/li>\n\t\t\t\t\t\t\t\t\t\t\t\t\t<li class=\"splide__slide\">\n\t\t\t\t\t\t\t\t\n\t\t\t\t\t\t\t\t<div class=\"testimonial-inner\">\n\t\t\t\t\t\t\t\t\t<div class=\"testimonial-desc\">The girls here were very helpful to me. I appreciate them explaining things to me!<\/div>\n\t\t\t\t\t\t\t\t\t<div class=\"testimonial-title\">Manny C.<\/div>\n\t\t\t\t\t\t\t\t<\/div>\n\t\t\t\t\t\t\t<\/li>\n\t\t\t\t\t\t\t\t\t\t\t<\/ul>\n\t\t\t  <\/div>\n\t\t\t<\/section>\n\t\t\t<script>\n\t\t\t\tvar splide = new Splide('#splider-testimonial4720', {\n\t\t\t\t\ttype   : 'loop',\n\t\t\t\t\tautoplay: true,\n\t\t\t\t\tinterval: 5000,\n\t\t\t\t\tpauseOnHover: true,\n\t\t\t\t\tpagination: true,\n\t\t\t\t\tarrows: false,\n\t\t\t\t\tperPage: 1,\n\t\t\t\t\/\/\tfocus    : 'center',\n\t\t\t\t\/\/\tgap: 40,\n  \t\t\t\t\/\/\tautoWidth: true,\n\t\t\t\t\tclasses: {\n\t\t\t\t\t\t\n\t\t\t\t  }\n\t\t\t\t} );\n\t\t\t\tsplide.mount();\n\t\t\t\t\n\t\t\t<\/script>\n\t\t\t\n\t\t<\/div>\n\n\t[\/vc_column_inner][\/vc_row_inner][\/vc_column][\/vc_row]<\/p>\n<\/div>","protected":false},"excerpt":{"rendered":"<p>[vc_row el_class=&#8221;cash-fancy-box-top&#8221;][vc_column][vc_row_inner disable_element=&#8221;yes&#8221;][vc_column_inner][vc_single_image image=&#8221;1611&#8243; img_size=&#8221;full&#8221; css=&#8221;.vc_custom_1739548952772{margin-bottom: 0px !important;}&#8221; el_class=&#8221;img-full-width&#8221;][\/vc_column_inner][\/vc_row_inner][\/vc_column][\/vc_row][vc_row el_class=&#8221;cash-fancy-box&#8221; css=&#8221;.vc_custom_1738719270607{margin-top: 65px !important;}&#8221;][vc_column][vc_row_inner][vc_column_inner][vc_masonry_grid post_type=&#8221;post&#8221; max_items=&#8221;10&#8243; style=&#8221;lazy&#8221; show_filter=&#8221;yes&#8221; css=&#8221;&#8221; grid_id=&#8221;vc_gid:1740597290225-86ce335c-c4bf-7&#8243; filter_source=&#8221;category&#8221; el_class=&#8221;c2g-post-grid&#8221;][\/vc_column_inner][\/vc_row_inner][vc_row_inner disable_element=&#8221;yes&#8221;][vc_column_inner width=&#8221;1\/2&#8243;][vc_column_text css=&#8221;.vc_custom_1738719139255{margin-top: 0px !important;margin-bottom: 0px !important;}&#8221;] Wspieranie rozwoju spo\u0142eczno\u015bci Chicago, jedna transakcja na raz [\/vc_column_text][vc_column_text css=&#8221;&#8221; el_class=&#8221;subtitle&#8221;]W Cash2Go Financial rozumiemy, jak du\u017cym wyzwaniem mo\u017ce by\u0107 utrzymanie kontroli nad finansami przy jednoczesnym terminowym za\u0142atwianiu [&hellip;]<\/p>\n","protected":false},"author":1,"featured_media":0,"parent":0,"menu_order":0,"comment_status":"closed","ping_status":"closed","template":"","meta":{"_acf_changed":false,"om_disable_all_campaigns":false,"_monsterinsights_skip_tracking":false,"_monsterinsights_sitenote_active":false,"_monsterinsights_sitenote_note":"","_monsterinsights_sitenote_category":0,"footnotes":""},"class_list":["post-1868","page","type-page","status-publish","hentry"],"acf":[],"aioseo_notices":[],"_links":{"self":[{"href":"https:\/\/cash2gofinancial.com\/pl\/wp-json\/wp\/v2\/pages\/1868","targetHints":{"allow":["GET"]}}],"collection":[{"href":"https:\/\/cash2gofinancial.com\/pl\/wp-json\/wp\/v2\/pages"}],"about":[{"href":"https:\/\/cash2gofinancial.com\/pl\/wp-json\/wp\/v2\/types\/page"}],"author":[{"embeddable":true,"href":"https:\/\/cash2gofinancial.com\/pl\/wp-json\/wp\/v2\/users\/1"}],"replies":[{"embeddable":true,"href":"https:\/\/cash2gofinancial.com\/pl\/wp-json\/wp\/v2\/comments?post=1868"}],"version-history":[{"count":2,"href":"https:\/\/cash2gofinancial.com\/pl\/wp-json\/wp\/v2\/pages\/1868\/revisions"}],"predecessor-version":[{"id":1870,"href":"https:\/\/cash2gofinancial.com\/pl\/wp-json\/wp\/v2\/pages\/1868\/revisions\/1870"}],"wp:attachment":[{"href":"https:\/\/cash2gofinancial.com\/pl\/wp-json\/wp\/v2\/media?parent=1868"}],"curies":[{"name":"wp","href":"https:\/\/api.w.org\/{rel}","templated":true}]}}