{"id":1885,"date":"2025-01-30T01:45:16","date_gmt":"2025-01-30T01:45:16","guid":{"rendered":"https:\/\/cash2gofinancial.com\/informacja-o-dostepnosci\/"},"modified":"2026-04-10T15:41:44","modified_gmt":"2026-04-10T15:41:44","slug":"informacja-o-dostepnosci","status":"publish","type":"page","link":"https:\/\/cash2gofinancial.com\/pl\/informacja-o-dostepnosci\/","title":{"rendered":"Informacja o Dost\u0119pno\u015bci"},"content":{"rendered":"<div class=\"wpb-content-wrapper\"><p>[vc_row el_class=&#8221;cash-fancy-box-top&#8221;][vc_column][vc_row_inner][vc_column_inner][\/vc_column_inner][\/vc_row_inner][\/vc_column][\/vc_row][vc_row css=&#8221;.vc_custom_1738719485328{margin-top: 94px !important;}&#8221;][vc_column][vc_row_inner][vc_column_inner][vc_custom_heading text=&#8221;Modyfikacje zapewniaj\u0105ce dost\u0119pno\u015b\u0107 zgodnie z ustaw\u0105 ADA&#8221; use_theme_fonts=&#8221;yes&#8221; css=&#8221;&#8221;][vc_column_text css=&#8221;&#8221;]<\/p>\n<p>Nieustannie ulepszamy nasze us\u0142ugi internetowe, aby jak najlepiej odpowiada\u0107 na potrzeby wszystkich u\u017cytkownik\u00f3w. Bardzo zale\u017cy nam na tym, aby nasza strona internetowa by\u0142a \u015brodowiskiem bez barier, dost\u0119pnym dla wszystkich u\u017cytkownik\u00f3w. W tym celu zaktualizowali\u015bmy i przetestowali\u015bmy t\u0119 stron\u0119 oraz jej elementy pod k\u0105tem zgodno\u015bci z Wytycznymi dotycz\u0105cymi dost\u0119pno\u015bci tre\u015bci internetowych (WCAG) 2.0, przyj\u0119tymi i opublikowanymi przez Konsorcjum World Wide Web (W3C).  <\/p>\n<p>Niniejsza strona internetowa zosta\u0142a zaprojektowana tak, aby by\u0142a czytelna i \u0142atwa w nawigacji nawet w przegl\u0105darkach tekstowych, nieobs\u0142uguj\u0105cych element\u00f3w graficznych. Kod strony oraz jej element\u00f3w jest zgodny ze standardami W3C dotycz\u0105cymi CSS i HTML. Wszystkie aktualne przegl\u0105darki internetowe powinny wy\u015bwietla\u0107 t\u0119 stron\u0119 poprawnie, a nasi programi\u015bci staraj\u0105 si\u0119 stosowa\u0107 kod, kt\u00f3ry b\u0119dzie r\u00f3wnie\u017c spe\u0142nia\u0142 przysz\u0142e wymagania przegl\u0105darek w miar\u0119 rozwoju sieci.  <\/p>\n<p>W niekt\u00f3rych sytuacjach, wynikaj\u0105cych zazwyczaj ze zmian technologicznych, zmian w normach, ogranicze\u0144 praktycznych lub kodu stron trzecich, pe\u0142na dost\u0119pno\u015b\u0107, u\u017cyteczno\u015b\u0107 i zgodno\u015b\u0107 mog\u0105 nie by\u0107 od razu zapewnione. Aby zapobiec takim potencjalnym sytuacjom i zapewni\u0107 u\u017cytkownikom lepsze wra\u017cenia, niniejsza strona internetowa jest okresowo sprawdzana pod k\u0105tem problem\u00f3w zwi\u0105zanych ze zgodno\u015bci\u0105 oraz zgodno\u015bci z aktualnymi normami i wytycznymi. <\/p>\n<p>Gdy zg\u0142oszone problemy pozostaj\u0105 nierozwi\u0105zane, zostan\u0105 one odnotowane w dzienniku zmian, aby u\u017cytkownicy mogli si\u0119 z nimi zapozna\u0107. Dziennik ten b\u0119dzie zawiera\u0142 kr\u00f3tki opis problemu, dat\u0119 zg\u0142oszenia oraz przewidywany termin rozwi\u0105zania. Drobne niedoci\u0105gni\u0119cia, kt\u00f3re nie maj\u0105 wp\u0142ywu na nawigacj\u0119 ani korzystanie ze strony, ale nie mog\u0105 zosta\u0107 natychmiast usuni\u0119te, b\u0119d\u0105 uwzgl\u0119dniane w dzienniku zmian w ramach uprzejmo\u015bci wobec u\u017cytkownik\u00f3w. Problemy, kt\u00f3re zosta\u0142y rozwi\u0105zane, b\u0119d\u0105 usuwane z dziennika zmian.   <\/p>\n<p>Je\u015bli zauwa\u017cysz problem z u\u017cyteczno\u015bci\u0105 tej strony internetowej, zg\u0142o\u015b go za pomoc\u0105 poni\u017cszego formularza. Zbadamy spraw\u0119, poszukamy rozwi\u0105za\u0144 i, je\u015bli to konieczne, dodamy j\u0105 do listy zmian. Problemy mo\u017cna r\u00f3wnie\u017c zg\u0142asza\u0107, wysy\u0142aj\u0105c wiadomo\u015b\u0107 e-mail na adres <a href=\"mailto:info@cash2gofinancial.com\" data-uw-styling-context=\"true\">info@cash2gofinancial.com<\/a>. Prosimy o ograniczanie tre\u015bci wiadomo\u015bci wy\u0142\u0105cznie do kwestii zwi\u0105zanych z u\u017cyteczno\u015bci\u0105 strony.   <\/p>\n<p>AKTUALNY LISTA ZMIAN: Brak nierozwi\u0105zanych problem\u00f3w (stan na pa\u017adziernik 2019 r.)<\/p>\n<p>[\/vc_column_text][\/vc_column_inner][\/vc_row_inner][\/vc_column][\/vc_row]<\/p>\n<\/div>","protected":false},"excerpt":{"rendered":"<p>[vc_row el_class=&#8221;cash-fancy-box-top&#8221;][vc_column][vc_row_inner][vc_column_inner][\/vc_column_inner][\/vc_row_inner][\/vc_column][\/vc_row][vc_row css=&#8221;.vc_custom_1738719485328{margin-top: 94px !important;}&#8221;][vc_column][vc_row_inner][vc_column_inner][vc_custom_heading text=&#8221;Modyfikacje zapewniaj\u0105ce dost\u0119pno\u015b\u0107 zgodnie z ustaw\u0105 ADA&#8221; use_theme_fonts=&#8221;yes&#8221; css=&#8221;&#8221;][vc_column_text css=&#8221;&#8221;] Nieustannie ulepszamy nasze us\u0142ugi internetowe, aby jak najlepiej odpowiada\u0107 na potrzeby wszystkich u\u017cytkownik\u00f3w. Bardzo zale\u017cy nam na tym, aby nasza strona internetowa by\u0142a \u015brodowiskiem bez barier, dost\u0119pnym dla wszystkich u\u017cytkownik\u00f3w. W tym celu zaktualizowali\u015bmy i przetestowali\u015bmy t\u0119 stron\u0119 oraz jej [&hellip;]<\/p>\n","protected":false},"author":1,"featured_media":1884,"parent":0,"menu_order":0,"comment_status":"closed","ping_status":"closed","template":"","meta":{"_acf_changed":false,"om_disable_all_campaigns":false,"_monsterinsights_skip_tracking":false,"_monsterinsights_sitenote_active":false,"_monsterinsights_sitenote_note":"","_monsterinsights_sitenote_category":0,"footnotes":""},"class_list":["post-1885","page","type-page","status-publish","has-post-thumbnail","hentry"],"acf":[],"aioseo_notices":[],"_links":{"self":[{"href":"https:\/\/cash2gofinancial.com\/pl\/wp-json\/wp\/v2\/pages\/1885","targetHints":{"allow":["GET"]}}],"collection":[{"href":"https:\/\/cash2gofinancial.com\/pl\/wp-json\/wp\/v2\/pages"}],"about":[{"href":"https:\/\/cash2gofinancial.com\/pl\/wp-json\/wp\/v2\/types\/page"}],"author":[{"embeddable":true,"href":"https:\/\/cash2gofinancial.com\/pl\/wp-json\/wp\/v2\/users\/1"}],"replies":[{"embeddable":true,"href":"https:\/\/cash2gofinancial.com\/pl\/wp-json\/wp\/v2\/comments?post=1885"}],"version-history":[{"count":2,"href":"https:\/\/cash2gofinancial.com\/pl\/wp-json\/wp\/v2\/pages\/1885\/revisions"}],"predecessor-version":[{"id":1887,"href":"https:\/\/cash2gofinancial.com\/pl\/wp-json\/wp\/v2\/pages\/1885\/revisions\/1887"}],"wp:featuredmedia":[{"embeddable":true,"href":"https:\/\/cash2gofinancial.com\/pl\/wp-json\/wp\/v2\/media\/1884"}],"wp:attachment":[{"href":"https:\/\/cash2gofinancial.com\/pl\/wp-json\/wp\/v2\/media?parent=1885"}],"curies":[{"name":"wp","href":"https:\/\/api.w.org\/{rel}","templated":true}]}}