{"id":1895,"date":"2025-01-29T04:09:45","date_gmt":"2025-01-29T04:09:45","guid":{"rendered":"https:\/\/cash2gofinancial.com\/polityka-prywatnosci\/"},"modified":"2026-04-10T15:56:50","modified_gmt":"2026-04-10T15:56:50","slug":"polityka-prywatnosci","status":"publish","type":"page","link":"https:\/\/cash2gofinancial.com\/pl\/polityka-prywatnosci\/","title":{"rendered":"Polityka Prywatno\u015bci"},"content":{"rendered":"<div class=\"wpb-content-wrapper\"><p>[vc_row el_class=&#8221;cash-fancy-box-top&#8221;][vc_column][vc_row_inner][vc_column_inner][\/vc_column_inner][\/vc_row_inner][\/vc_column][\/vc_row][vc_row css=&#8221;.vc_custom_1738719485328{margin-top: 94px !important;}&#8221;][vc_column][vc_row_inner][vc_column_inner][vc_column_text css=&#8221;&#8221;]Niniejsza Polityka prywatno\u015bci opisuje zasady obowi\u0105zuj\u0105ce na tej stronie internetowej w zakresie gromadzenia, wykorzystywania i ujawniania danych u\u017cytkownika, kt\u00f3re zbieramy podczas korzystania z naszej strony internetowej (\u201eUs\u0142uga\u201d). Uzyskuj\u0105c dost\u0119p do Us\u0142ugi lub korzystaj\u0105c z niej, u\u017cytkownik wyra\u017ca zgod\u0119 na gromadzenie, wykorzystywanie i ujawnianie swoich danych zgodnie z niniejsz\u0105 Polityk\u0105 prywatno\u015bci. Je\u015bli u\u017cytkownik nie wyra\u017ca na to zgody, prosimy o niekorzystanie z Us\u0142ugi.  <\/p>\n<p>Mo\u017cemy zmieni\u0107 niniejsz\u0105 Polityk\u0119 prywatno\u015bci w dowolnym momencie bez uprzedniego powiadomienia i opublikujemy jej zaktualizowan\u0105 wersj\u0119 w Serwisie. Zaktualizowana Polityka wejdzie w \u017cycie po up\u0142ywie 180 dni od daty jej opublikowania w Serwisie, a dalsze korzystanie z Serwisu po up\u0142ywie tego terminu b\u0119dzie oznacza\u0142o wyra\u017cenie zgody na zaktualizowan\u0105 Polityk\u0119 prywatno\u015bci. Dlatego zalecamy okresowe sprawdzanie tej strony.[\/vc_column_text][\/vc_column_inner][\/vc_row_inner][vc_row_inner][vc_column_inner][vc_custom_heading text=&#8221;Gromadzone przez nas informacje:&#8221; use_theme_fonts=&#8221;yes&#8221; css=&#8221;&#8221;][vc_column_text css=&#8221;&#8221;]Mo\u017cemy gromadzi\u0107 i przetwarza\u0107 nast\u0119puj\u0105ce dane osobowe u\u017cytkownika, w tym mi\u0119dzy innymi:<\/p>\n<ol>\n<li>Imi\u0119<\/li>\n<li>Email<\/li>\n<li>Mobilny<\/li>\n<li>Profil w mediach spo\u0142eczno\u015bciowych<\/li>\n<li>Data Urodzenia<\/li>\n<li>Adres<\/li>\n<li>Adres Miejsca Pracy<\/li>\n<li>Informacje Dotycz\u0105ce P\u0142atno\u015bci<\/li>\n<\/ol>\n<p>[\/vc_column_text][\/vc_column_inner][\/vc_row_inner][vc_row_inner][vc_column_inner][vc_custom_heading text=&#8221;W jaki spos\u00f3b gromadzimy dane u\u017cytkownik\u00f3w:&#8221; use_theme_fonts=&#8221;yes&#8221; css=&#8221;&#8221;][vc_column_text css=&#8221;&#8221;]Gromadzimy\/otrzymujemy informacje o Tobie w nast\u0119puj\u0105cy spos\u00f3b:<\/p>\n<ol>\n<li>Gdy u\u017cytkownik wype\u0142nia formularz rejestracyjny lub w inny spos\u00f3b przekazuje dane osobowe<\/li>\n<li>Wsp\u00f3\u0142dzia\u0142a ze stron\u0105 internetow\u0105<\/li>\n<li>Z \u017ar\u00f3de\u0142 publicznych<\/li>\n<\/ol>\n<p>[\/vc_column_text][\/vc_column_inner][\/vc_row_inner][vc_row_inner][vc_column_inner][vc_custom_heading text=&#8221;W jaki spos\u00f3b wykorzystujemy Twoje dane:&#8221; use_theme_fonts=&#8221;yes&#8221; css=&#8221;&#8221;][vc_column_text css=&#8221;&#8221;]Mo\u017cemy wykorzystywa\u0107 zebrane informacje o u\u017cytkowniku w nast\u0119puj\u0105cych celach, mi\u0119dzy innymi:<\/p>\n<ol>\n<li>Marketing\/Promocja<\/li>\n<li>Opinie klient\u00f3w<\/li>\n<li>Zbieranie opinii klient\u00f3w<\/li>\n<li>Przetwarzanie p\u0142atno\u015bci<\/li>\n<li>Pomoc techniczna<\/li>\n<li>Informacje administracyjne<\/li>\n<li>Reklama ukierunkowana<\/li>\n<li>Ochrona terenu<\/li>\n<\/ol>\n<p>Je\u015bli b\u0119dziemy chcieli wykorzysta\u0107 Pa\u0144stwa dane w jakimkolwiek innym celu, poprosimy Pa\u0144stwa o zgod\u0119 i wykorzystamy je dopiero po jej uzyskaniu, a nast\u0119pnie wy\u0142\u0105cznie w celu lub celach, na kt\u00f3re wyrazili Pa\u0144stwo zgod\u0119, chyba \u017ce przepisy prawa nakazuj\u0105 nam post\u0105pi\u0107 inaczej.[\/vc_column_text][\/vc_column_inner][\/vc_row_inner][vc_row_inner][vc_column_inner][vc_custom_heading text=&#8221;W jaki spos\u00f3b udost\u0119pniamy Twoje dane:&#8221; use_theme_fonts=&#8221;yes&#8221; css=&#8221;&#8221;][vc_column_text css=&#8221;&#8221;]Nie b\u0119dziemy przekazywa\u0107 Pa\u0144stwa danych osobowych \u017cadnym podmiotom zewn\u0119trznym bez uzyskania Pa\u0144stwa zgody, z wyj\u0105tkiem ograniczonych sytuacji opisanych poni\u017cej:<\/p>\n<ol>\n<li>Us\u0142ugi reklamowe<\/li>\n<li>Sponsorzy<\/li>\n<li>Agencje marketingowe<\/li>\n<li>Podmioty prawne<\/li>\n<li>Analizy<\/li>\n<li>Us\u0142ugi windykacyjne<\/li>\n<li>Gromadzenie i przetwarzanie danych<\/li>\n<\/ol>\n<p>Wymagamy od takich podmiot\u00f3w zewn\u0119trznych, aby wykorzystywa\u0142y przekazane im dane osobowe wy\u0142\u0105cznie w celu, w jakim zosta\u0142y one przekazane, oraz aby nie przechowywa\u0142y ich d\u0142u\u017cej, ni\u017c jest to konieczne do realizacji tego celu.<\/p>\n<p>\u017badne dane dotycz\u0105ce telefon\u00f3w kom\u00f3rkowych nie b\u0119d\u0105 udost\u0119pniane podmiotom zewn\u0119trznym ani podmiotom powi\u0105zanym w celach marketingowych lub promocyjnych. Wszystkie pozosta\u0142e kategorie nie obejmuj\u0105 danych dotycz\u0105cych zgody u\u017cytkownika na otrzymywanie wiadomo\u015bci tekstowych; informacje te nie b\u0119d\u0105 udost\u0119pniane \u017cadnym podmiotom zewn\u0119trznym. <\/p>\n<p>Mo\u017cemy r\u00f3wnie\u017c ujawni\u0107 dane osobowe u\u017cytkownika w nast\u0119puj\u0105cych przypadkach: (1) w celu zapewnienia zgodno\u015bci z obowi\u0105zuj\u0105cymi przepisami prawa, regulacjami, nakazami s\u0105dowymi lub innymi procedurami prawnymi; (2) w celu egzekwowania um\u00f3w zawartych z nami, w tym niniejszej Polityki prywatno\u015bci; lub (3) w celu ustosunkowania si\u0119 do zarzut\u00f3w, \u017ce korzystanie z Us\u0142ugi przez u\u017cytkownika narusza prawa os\u00f3b trzecich. W przypadku fuzji lub przej\u0119cia Us\u0142ugi lub naszej firmy przez inn\u0105 sp\u00f3\u0142k\u0119, dane u\u017cytkownika b\u0119d\u0105 stanowi\u0107 cz\u0119\u015b\u0107 aktyw\u00f3w przekazanych nowemu w\u0142a\u015bcicielowi.[\/vc_column_text][\/vc_column_inner][\/vc_row_inner][vc_row_inner][vc_column_inner][vc_custom_heading text=&#8221;Przechowywanie danych u\u017cytkownika:&#8221; use_theme_fonts=&#8221;yes&#8221; css=&#8221;&#8221;][vc_column_text css=&#8221;&#8221;]B\u0119dziemy przechowywa\u0107 dane osobowe u\u017cytkownik\u00f3w przez okres od 90 dni do 2 lat od momentu zamkni\u0119cia przez nich kont lub tak d\u0142ugo, jak b\u0119dzie to konieczne do realizacji cel\u00f3w, dla kt\u00f3rych zosta\u0142y zebrane, zgodnie z niniejsz\u0105 Polityk\u0105 prywatno\u015bci. Niekt\u00f3re informacje mo\u017cemy by\u0107 zmuszeni przechowywa\u0107 przez d\u0142u\u017cszy czas, np. w celu prowadzenia dokumentacji lub sporz\u0105dzania sprawozda\u0144 zgodnie z obowi\u0105zuj\u0105cym prawem lub z innych uzasadnionych powod\u00f3w, takich jak dochodzenie roszcze\u0144 prawnych, zapobieganie oszustwom itp. Pozosta\u0142e informacje anonimowe oraz dane zbiorcze, z kt\u00f3rych \u017cadne nie pozwalaj\u0105 na identyfikacj\u0119 u\u017cytkownika (bezpo\u015brednio ani po\u015brednio), mog\u0105 by\u0107<br \/>\nprzechowywane przez czas nieokre\u015blony.[\/vc_column_text][\/vc_column_inner][\/vc_row_inner][vc_row_inner][vc_column_inner][vc_custom_heading text=&#8221;Twoje prawa:&#8221; use_theme_fonts=&#8221;yes&#8221; css=&#8221;&#8221;][vc_column_text css=&#8221;&#8221;]W zale\u017cno\u015bci od obowi\u0105zuj\u0105cych przepis\u00f3w prawnych u\u017cytkownik mo\u017ce mie\u0107 prawo do wgl\u0105du w swoje dane osobowe, ich sprostowania lub usuni\u0119cia, a tak\u017ce do otrzymania ich kopii; mo\u017ce ograniczy\u0107 przetwarzanie swoich danych lub wnie\u015b\u0107 sprzeciw wobec ich bie\u017c\u0105cego przetwarzania; mo\u017ce zwr\u00f3ci\u0107 si\u0119 do nas o przekazanie (przeniesienie) swoich danych osobowych innemu podmiotowi; mo\u017ce wycofa\u0107 udzielon\u0105 nam zgod\u0119 na przetwarzanie swoich danych; ma prawo z\u0142o\u017cy\u0107 skarg\u0119 do organu nadzorczego oraz korzysta\u0107 z innych praw przewidzianych w obowi\u0105zuj\u0105cych przepisach. Aby skorzysta\u0107 z tych praw, prosimy o kontakt poprzez wype\u0142nienie formularza kontaktowego dost\u0119pnego na tej stronie. Odpowiemy na Pa\u0144stwa zg\u0142oszenie zgodnie z obowi\u0105zuj\u0105cymi przepisami prawa.  <\/p>\n<p>Mo\u017cesz zrezygnowa\u0107 z otrzymywania wiadomo\u015bci marketingowych lub z profilowania, kt\u00f3re prowadzimy w celach marketingowych, wype\u0142niaj\u0105c formularz kontaktowy na tej stronie internetowej i zg\u0142aszaj\u0105c tak\u0105 pro\u015bb\u0119.<\/p>\n<p>Nale\u017cy pami\u0119ta\u0107, \u017ce je\u015bli nie wyra\u017c\u0105 Pa\u0144stwo zgody na gromadzenie lub przetwarzanie wymaganych danych osobowych albo wycofaj\u0105 Pa\u0144stwo zgod\u0119 na ich przetwarzanie w wymaganych celach, mog\u0105 Pa\u0144stwo utraci\u0107 mo\u017cliwo\u015b\u0107 dost\u0119pu do us\u0142ug, w zwi\u0105zku z kt\u00f3rymi prosili\u015bmy o podanie tych danych, lub korzystania z nich.[\/vc_column_text][\/vc_column_inner][\/vc_row_inner][vc_row_inner][vc_column_inner][vc_custom_heading text=&#8221;Bezpiecze\u0144stwo:&#8221; use_theme_fonts=&#8221;yes&#8221; css=&#8221;&#8221;][vc_column_text css=&#8221;&#8221;]Bezpiecze\u0144stwo Pa\u0144stwa danych jest dla nas wa\u017cne i b\u0119dziemy stosowa\u0107 odpowiednie \u015brodki bezpiecze\u0144stwa, aby zapobiega\u0107 utracie, niew\u0142a\u015bciwemu wykorzystaniu lub nieuprawnionym zmianom danych znajduj\u0105cych si\u0119 pod nasz\u0105 kontrol\u0105. Jednak\u017ce, bior\u0105c pod uwag\u0119 nieod\u0142\u0105czne ryzyko, nie mo\u017cemy zagwarantowa\u0107 ca\u0142kowitego bezpiecze\u0144stwa, a co za tym idzie, nie mo\u017cemy zapewni\u0107 ani zagwarantowa\u0107 bezpiecze\u0144stwa \u017cadnych informacji, kt\u00f3re nam Pa\u0144stwo przekazuj\u0105, i czyni\u0105 to Pa\u0144stwo na w\u0142asne ryzyko.[\/vc_column_text][\/vc_column_inner][\/vc_row_inner][vc_row_inner][vc_column_inner][vc_custom_heading text=&#8221;Inspektor ds. skarg \/ inspektor ds. ochrony danych:&#8221; use_theme_fonts=&#8221;yes&#8221; css=&#8221;&#8221;][vc_column_text css=&#8221;&#8221;]Je\u015bli maj\u0105 Pa\u0144stwo jakiekolwiek pytania lub w\u0105tpliwo\u015bci dotycz\u0105ce przetwarzania Pa\u0144stwa danych, kt\u00f3re znajduj\u0105 si\u0119 w naszym posiadaniu, mog\u0105 Pa\u0144stwo skontaktowa\u0107 si\u0119 z naszym inspektorem ds. skarg, wype\u0142niaj\u0105c formularz kontaktowy na naszej stronie internetowej. Zajmiemy si\u0119 Pa\u0144stwa spraw\u0105 zgodnie z obowi\u0105zuj\u0105cym prawem.[\/vc_column_text][\/vc_column_inner][\/vc_row_inner][\/vc_column][\/vc_row]<\/p>\n<\/div>","protected":false},"excerpt":{"rendered":"<p>[vc_row el_class=&#8221;cash-fancy-box-top&#8221;][vc_column][vc_row_inner][vc_column_inner][\/vc_column_inner][\/vc_row_inner][\/vc_column][\/vc_row][vc_row css=&#8221;.vc_custom_1738719485328{margin-top: 94px !important;}&#8221;][vc_column][vc_row_inner][vc_column_inner][vc_column_text css=&#8221;&#8221;]Niniejsza Polityka prywatno\u015bci opisuje zasady obowi\u0105zuj\u0105ce na tej stronie internetowej w zakresie gromadzenia, wykorzystywania i ujawniania danych u\u017cytkownika, kt\u00f3re zbieramy podczas korzystania z naszej strony internetowej (\u201eUs\u0142uga\u201d). Uzyskuj\u0105c dost\u0119p do Us\u0142ugi lub korzystaj\u0105c z niej, u\u017cytkownik wyra\u017ca zgod\u0119 na gromadzenie, wykorzystywanie i ujawnianie swoich danych zgodnie z niniejsz\u0105 Polityk\u0105 prywatno\u015bci. [&hellip;]<\/p>\n","protected":false},"author":1,"featured_media":1894,"parent":0,"menu_order":0,"comment_status":"closed","ping_status":"open","template":"","meta":{"_acf_changed":false,"om_disable_all_campaigns":false,"_monsterinsights_skip_tracking":false,"_monsterinsights_sitenote_active":false,"_monsterinsights_sitenote_note":"","_monsterinsights_sitenote_category":0,"footnotes":""},"class_list":["post-1895","page","type-page","status-publish","has-post-thumbnail","hentry"],"acf":[],"aioseo_notices":[],"_links":{"self":[{"href":"https:\/\/cash2gofinancial.com\/pl\/wp-json\/wp\/v2\/pages\/1895","targetHints":{"allow":["GET"]}}],"collection":[{"href":"https:\/\/cash2gofinancial.com\/pl\/wp-json\/wp\/v2\/pages"}],"about":[{"href":"https:\/\/cash2gofinancial.com\/pl\/wp-json\/wp\/v2\/types\/page"}],"author":[{"embeddable":true,"href":"https:\/\/cash2gofinancial.com\/pl\/wp-json\/wp\/v2\/users\/1"}],"replies":[{"embeddable":true,"href":"https:\/\/cash2gofinancial.com\/pl\/wp-json\/wp\/v2\/comments?post=1895"}],"version-history":[{"count":2,"href":"https:\/\/cash2gofinancial.com\/pl\/wp-json\/wp\/v2\/pages\/1895\/revisions"}],"predecessor-version":[{"id":1897,"href":"https:\/\/cash2gofinancial.com\/pl\/wp-json\/wp\/v2\/pages\/1895\/revisions\/1897"}],"wp:featuredmedia":[{"embeddable":true,"href":"https:\/\/cash2gofinancial.com\/pl\/wp-json\/wp\/v2\/media\/1894"}],"wp:attachment":[{"href":"https:\/\/cash2gofinancial.com\/pl\/wp-json\/wp\/v2\/media?parent=1895"}],"curies":[{"name":"wp","href":"https:\/\/api.w.org\/{rel}","templated":true}]}}